{"id":13590,"date":"2024-12-05T13:00:40","date_gmt":"2024-12-05T13:00:40","guid":{"rendered":"https:\/\/ritosa.click.si\/?post_type=product&#038;p=13590"},"modified":"2025-06-23T15:21:12","modified_gmt":"2025-06-23T13:21:12","slug":"smucarska-jakna-elan-areh","status":"publish","type":"product","link":"https:\/\/ritosa.click.si\/hr\/ducan\/skijanje\/ostali-zimski-sporti\/smucarska-jakna-elan-areh\/","title":{"rendered":"Skija\u0161ka jakna ELAN AREH"},"content":{"rendered":"<div class=\"product attribute overview\">\n<div class=\"value\">\n<p>Ostanite suhi i topli uz skija\u0161ku jaknu Elan Areh s vodootporno\u0161\u0107u i prozra\u010dno\u0161\u0107u od 20K.<\/p>\n<\/div>\n<\/div>\n<h3>Savr\u0161ena za\u0161tita za strastvene skija\u0161e<\/h3>\n<p>Skija\u0161ka jakna Elan Areh dizajnirana je za zahtjevne skija\u0161e i kombinira laganu toplinsku izolaciju s naprednim tehni\u010dkim zna\u010dajkama. Izra\u0111ena je od izdr\u017eljive dvoslojne poliesterske tkanine s poliuretanskom membranom s vodootporno\u0161\u0107u 20K i prozra\u010dno\u0161\u0107u 20K, \u0161to pru\u017ea izvrsnu za\u0161titu od vode i vjetra te omogu\u0107uje optimalno upravljanje toplinom. Trakasti \u0161avovi i vodootporni patentni zatvara\u010di pru\u017eaju dodatnu za\u0161titu, odr\u017eavaju\u0107i skija\u0161e suhima \u010dak i u mokrim uvjetima.<\/p>\n<h3>Funkcionalni kroj<\/h3>\n<p>Podesiva kapulja\u010da kompatibilna s kacigom omogu\u0107uje prilago\u0111avanje, dok patentni zatvara\u010di za ventilaciju ispod pazuha poma\u017eu u odvo\u0111enju vi\u0161ka topline tijekom intenzivne aktivnosti. Prakti\u010dan d\u017eep za skija\u0161ku kartu na rukavu omogu\u0107uje jednostavan pristup va\u0161oj karti, dok za\u0161tita od snijega sprje\u010dava ulazak snijega u jaknu prilikom skijanja po dubokom snijegu. Skija\u0161ka jakna Elan Areh pru\u017ea toplinu, udobnost i za\u0161titu od vla\u017enog vremena tijekom cijelog dana, bilo da skijate na ure\u0111enim stazama ili u netaknutoj prirodi.<\/p>\n<div class=\"pdp-attributes__collapsible allow active\">\n<div class=\"pdp-attributes__trigger\">\n<h3 class=\"pdp-attributes__title\">Klju\u010dne zna\u010dajke<\/h3>\n<\/div>\n<div class=\"pdp-attributes__content\">\n<div class=\"pdp-attributes__sustainability\">\n<ul class=\"checkmark\">\n<li>Dijafragma 20k\/20k<\/li>\n<li>Vodoodbojno<\/li>\n<li>Uklju\u010duje reciklirana vlakna<\/li>\n<li>Izra\u0111eno od materijala bez PFC-a<\/li>\n<li>Zalijepljeni \u0161avovi<\/li>\n<li>Vodootporni patentni zatvara\u010di<\/li>\n<li>Kapulja\u010da podesiva u dva smjera, kompatibilna s kacigom<\/li>\n<li>Patentni zatvara\u010di za ventilaciju u pazuhu<\/li>\n<li>D\u017eep za skija\u0161ku kartu<\/li>\n<li>Za\u0161tita od snijega<\/li>\n<li>MATERIJAL: Vanjski materijal: 100 % poliester; 125 g Punjenje: 100 % reciklirani poliester; tijelo 80 g\/m\u00b2 \/ rukavi i kapulja\u010da 60 g\/m\u00b2<\/li>\n<li>KROJ: Standardni kroj<\/li>\n<\/ul>\n<\/div>\n<\/div>\n<\/div>","protected":false},"excerpt":{"rendered":"<p>Elan Areh skija\u0161ka jakna \u2013 ELAN ZIMSKA JAKNA<\/p>\n<\/p>\n<p>Tako\u0111er imamo skija\u0161ke hla\u010de po narud\u017ebi. <\/p>","protected":false},"featured_media":13593,"template":"","meta":{"_acf_changed":false,"inline_featured_image":false},"product_brand":[],"product_cat":[513],"product_tag":[],"class_list":{"0":"post-13590","1":"product","2":"type-product","3":"status-publish","4":"has-post-thumbnail","6":"product_cat-ostali-zimski-sporti","7":"pa_velikost-xl","8":"pa_velikost-xxl","10":"first","11":"instock","12":"sale","13":"taxable","14":"shipping-taxable","15":"purchasable","16":"product-type-variable"},"acf":[],"_links":{"self":[{"href":"https:\/\/ritosa.click.si\/hr\/wp-json\/wp\/v2\/product\/13590","targetHints":{"allow":["GET"]}}],"collection":[{"href":"https:\/\/ritosa.click.si\/hr\/wp-json\/wp\/v2\/product"}],"about":[{"href":"https:\/\/ritosa.click.si\/hr\/wp-json\/wp\/v2\/types\/product"}],"wp:featuredmedia":[{"embeddable":true,"href":"https:\/\/ritosa.click.si\/hr\/wp-json\/wp\/v2\/media\/13593"}],"wp:attachment":[{"href":"https:\/\/ritosa.click.si\/hr\/wp-json\/wp\/v2\/media?parent=13590"}],"wp:term":[{"taxonomy":"product_brand","embeddable":true,"href":"https:\/\/ritosa.click.si\/hr\/wp-json\/wp\/v2\/product_brand?post=13590"},{"taxonomy":"product_cat","embeddable":true,"href":"https:\/\/ritosa.click.si\/hr\/wp-json\/wp\/v2\/product_cat?post=13590"},{"taxonomy":"product_tag","embeddable":true,"href":"https:\/\/ritosa.click.si\/hr\/wp-json\/wp\/v2\/product_tag?post=13590"}],"curies":[{"name":"radni list","href":"https:\/\/api.w.org\/{rel}","templated":true}]}}