{"id":13568,"date":"2024-12-03T16:54:03","date_gmt":"2024-12-03T16:54:03","guid":{"rendered":"https:\/\/ritosa.click.si\/?post_type=product&#038;p=13568"},"modified":"2026-03-07T15:40:03","modified_gmt":"2026-03-07T14:40:03","slug":"alpina-fernie-q-lite-white-flower","status":"publish","type":"product","link":"https:\/\/ritosa.click.si\/hr\/ducan\/skijanje\/smucarska-oprema\/smucarska-ocala\/otroska-smucarska-ocala\/alpina-fernie-q-lite-white-flower\/","title":{"rendered":"Alpina Fernie Q-Lite bijelo-konfeti"},"content":{"rendered":"<div class=\"product-short-description\">\n<p>FERNIE Q-LITE so prava smu\u010darska o\u010dala za otroke in najstnike, ki se \u017ee dobro znajdejo na belih strminah. Kljub temu da so to otro\u0161ka o\u010dala, se lahko pohvalijo s kakovostno le\u010do s tehnologijo Q-LITE, katera poudari kontraste, tako, da se va\u0161 otrok tudi v slab\u0161ih razmerah dobro znajde na sne\u017eni preprogi. Rezultat je varna smu\u010darska izku\u0161nja \u2013 tudi v dneh s slab\u0161o vidljivostjo. Zahvaljujo\u010d veliki le\u010di in ozkemu okvirju imajo smu\u010darji in deskarji neomejeno vidno polje. Le\u010da je celo dovolj velika, da lahko podnjo namestite korekcijska. O\u010dala so optimalno prezra\u010dena, s tem so pri Alpini prepre\u010dili rosenje stekel. Pri tem modelu o\u010dal obstaja kar 7 razli\u010dnih motivov ter barv trakov!<\/p>\n<ul>\n<li>Q-lite le\u010da:\u00a0odbija infrarde\u010de \u017earke in tako zmanj\u0161a obremenitev o\u010di hkrati pa pove\u010da kontraste<\/li>\n<li>Venting lens: Zra\u010dne odprtine na le\u010dah zagotavljajo dobro zra\u010denje notranjosti o\u010dal. To posledi\u010dno u\u010dinkovito prepre\u010duje rosenje le\u010d<\/li>\n<li>Fogstop: je premaz na notranji strani le\u010d za za\u0161\u010dito o\u010dal pred rosenjem.<\/li>\n<li>UV za\u0161\u010dita: 100% za\u0161\u010dita pred UV A, B in C \u017earki do 400nm<\/li>\n<li>Udoban okvir: Za\u0161titne nao\u010dale su ergonomski dizajnirane kako bi optimalno odgovarale svakom obliku lica.<\/li>\n<li>Doublelens thermoblock: smu\u010darska o\u010dala z dvojnimi le\u010dami, ki ju lo\u010duje zrak med njima<\/li>\n<li>Ventilacija okvira: Otvori na bo\u010dnim i donjim rubovima okvira omogu\u0107uju protok zraka u unutra\u0161njost nao\u010dala, sprje\u010davaju\u0107i zamagljivanje le\u0107a.<\/li>\n<li>Rimless: Smu\u010darska o\u010dala brez vidnega okvirja imajo ve\u010dje vidno polje<\/li>\n<li>OTG (over the glasses):Smu\u010darska o\u010dala OTG imajo dovolj prostora v notranjosti o\u010dal ter s tem omogo\u010dajo, da se pod smu\u010darskimi o\u010dali lahko nosijo korekcijska o\u010dala<\/li>\n<\/ul>\n<\/div>","protected":false},"excerpt":{"rendered":"<p>Otro\u0161ka smu\u010darska o\u010dala\u00a0Alpina\u00a0Fernie Q-Lite<\/p>","protected":false},"featured_media":21102,"template":"","meta":{"_acf_changed":false,"inline_featured_image":false},"product_brand":[678],"product_cat":[607],"product_tag":[1198],"class_list":{"0":"post-13568","1":"product","2":"type-product","3":"status-publish","4":"has-post-thumbnail","6":"product_brand-alpina","7":"product_cat-otroska-smucarska-ocala","8":"product_tag-otroci","10":"first","11":"instock","12":"sale","13":"taxable","14":"shipping-taxable","15":"purchasable","16":"product-type-simple"},"acf":[],"_links":{"self":[{"href":"https:\/\/ritosa.click.si\/hr\/wp-json\/wp\/v2\/product\/13568","targetHints":{"allow":["GET"]}}],"collection":[{"href":"https:\/\/ritosa.click.si\/hr\/wp-json\/wp\/v2\/product"}],"about":[{"href":"https:\/\/ritosa.click.si\/hr\/wp-json\/wp\/v2\/types\/product"}],"wp:featuredmedia":[{"embeddable":true,"href":"https:\/\/ritosa.click.si\/hr\/wp-json\/wp\/v2\/media\/21102"}],"wp:attachment":[{"href":"https:\/\/ritosa.click.si\/hr\/wp-json\/wp\/v2\/media?parent=13568"}],"wp:term":[{"taxonomy":"product_brand","embeddable":true,"href":"https:\/\/ritosa.click.si\/hr\/wp-json\/wp\/v2\/product_brand?post=13568"},{"taxonomy":"product_cat","embeddable":true,"href":"https:\/\/ritosa.click.si\/hr\/wp-json\/wp\/v2\/product_cat?post=13568"},{"taxonomy":"product_tag","embeddable":true,"href":"https:\/\/ritosa.click.si\/hr\/wp-json\/wp\/v2\/product_tag?post=13568"}],"curies":[{"name":"radni list","href":"https:\/\/api.w.org\/{rel}","templated":true}]}}