{"id":13553,"date":"2024-12-03T11:43:55","date_gmt":"2024-12-03T11:43:55","guid":{"rendered":"https:\/\/ritosa.click.si\/?post_type=product&#038;p=13553"},"modified":"2026-03-05T18:03:00","modified_gmt":"2026-03-05T17:03:00","slug":"elan-jett-jrs-130-150","status":"publish","type":"product","link":"https:\/\/ritosa.click.si\/hr\/ducan\/skijanje\/skije\/djecje-skije\/elan-jett-jrs-130-150\/","title":{"rendered":"Elan JETT JRS (130 \u2013 150)"},"content":{"rendered":"<div class=\"product-info-secondary__column\">\n<p class=\"product-info-secondary__title\"><span style=\"font-size: 16px\">Ovo su najinovativnije dje\u010dje skije na tr\u017ei\u0161tu zahvaljuju\u0107i Elanovoj patentiranoj U-Flex tehnologiji. U-Flex omogu\u0107uje mladim skija\u0161ima da s lako\u0107om savijaju skiju i osjete u\u017eitak rezanja od prvih zavoja.<\/span><\/p>\n<div class=\"product attribute description\">\n<div class=\"value\">Osiguravanje dovoljno mekog zavoja skija za mlade skija\u0161e bio je jedan od najve\u0107ih izazova s kojima smo se suo\u010dili posljednjih godina. Rje\u0161enje je na\u0161a nagra\u0111ivana U-Flex tehnologija. Revolucionarna konstrukcija skija pove\u0107ava zavoj skija za 25 %. To nam je omogu\u0107ilo stvaranje kompletnog skija\u0161kog seta za djecu u kombinaciji sa posebno dizajniranim skija\u0161kim cipelama izra\u0111enim od mek\u0161e i fleksibilnije plastike. Skije tako omogu\u0107uju lak\u0161e u\u010denje i br\u017ee prijelaze s ruba na rub. Grafi\u010dki prikaz Jett skija temelji se na seriji Precision.<\/div>\n<\/div>\n<\/div>\n<div class=\"pdp-attributes__collapsible allow active\">\n<div class=\"pdp-attributes__content\">\n<div class=\"pdp-attributes__sustainability\">\n<ul class=\"checkmark\">\n<li>Inovativna tehnologija za mlade skija\u0161e<\/li>\n<li>Mala te\u017eina<\/li>\n<li>Meki zavoj<\/li>\n<li>Poti\u010de brzo u\u010denje<\/li>\n<\/ul>\n<\/div>\n<\/div>\n<\/div>\n<div class=\"pdp-attributes__trigger\">\n<h3 class=\"pdp-attributes__title\">TABLICA VELI\u010cINA<\/h3>\n<\/div>\n<table class=\"pdp-attributes__size-guide\">\n<thead>\n<tr>\n<th>Visina skija\u0161a<\/th>\n<th>Duljina skija<\/th>\n<\/tr>\n<\/thead>\n<tbody>\n<tr>\n<td>130 \u2013 145 cm<\/td>\n<td>130<\/td>\n<\/tr>\n<tr>\n<td>140 \u2013 155 cm<\/td>\n<td>140<\/td>\n<\/tr>\n<tr>\n<td>150 \u2013 165 cm<\/td>\n<td>150<\/td>\n<\/tr>\n<\/tbody>\n<\/table>\n<h3>TEHNI\u010cKE INFORMACIJE<\/h3>\n<table>\n<tbody>\n<tr>\n<td><\/td>\n<td>130 cm<\/td>\n<td>140 cm<\/td>\n<td>150 cm<\/td>\n<\/tr>\n<tr>\n<td>Radij<\/td>\n<td>9.4<\/td>\n<td>11.2<\/td>\n<td>13.1<\/td>\n<\/tr>\n<tr>\n<td>\u0160irina vrha skije<\/td>\n<td>109<\/td>\n<td>109<\/td>\n<td>109<\/td>\n<\/tr>\n<tr>\n<td>\u0160irina sredine skije<\/td>\n<td>67<\/td>\n<td>67<\/td>\n<td>67<\/td>\n<\/tr>\n<tr>\n<td>\u0160irina repa skije<\/td>\n<td>95<\/td>\n<td>95<\/td>\n<td>95<\/td>\n<\/tr>\n<\/tbody>\n<\/table>\n<h3>DETALJI<\/h3>\n<table>\n<tbody>\n<tr>\n<td>Veza<\/td>\n<td>EL 4,5 GW CA JRS BLK \/ EL 7,5 GW CA JRS BLK<\/td>\n<\/tr>\n<tr>\n<td>Duljina\/Radij<\/td>\n<td>100 (6.2)<\/td>\n<\/tr>\n<tr>\n<td>Sustav<\/td>\n<td>Junior Shift<\/td>\n<\/tr>\n<tr>\n<td>Profil<\/td>\n<td>Early Rise Rocker<\/td>\n<\/tr>\n<tr>\n<td>Din<\/td>\n<td>0,75 \u2013 4,5 \/ 2 \u2013 7,5<\/td>\n<\/tr>\n<tr>\n<td>Tehnologija<\/td>\n<td>Stakloplastika, Synflex, U-Flex tehnologija, Full Power Cap<\/td>\n<\/tr>\n<\/tbody>\n<\/table>\n<h3 class=\"pdp-attributes__title\"><\/h3>","protected":false},"excerpt":{"rendered":"<p>Elan JETT JRS dje\u010dje skije (130 \u2013 150)<\/p>\n<p>Najinovativnije dje\u010dje skije na tr\u017ei\u0161tu zahvaljuju\u0107i Elanovoj patentiranoj U-Flex tehnologiji.<\/p>","protected":false},"featured_media":20310,"template":"","meta":{"_acf_changed":false,"inline_featured_image":false},"product_brand":[677],"product_cat":[592],"product_tag":[2109,2107,2108,2110],"class_list":{"0":"post-13553","1":"product","2":"type-product","3":"status-publish","4":"has-post-thumbnail","6":"product_brand-elan","7":"product_cat-otroske-smuci","8":"product_tag-elan-jett","9":"product_tag-otroske-smuci","10":"product_tag-otroske-smuci-elan","11":"product_tag-otroske-smuci-elan-jett","12":"pa_velikost-130-4","13":"pa_velikost-719","15":"first","16":"instock","17":"sale","18":"taxable","19":"shipping-taxable","20":"purchasable","21":"product-type-variable"},"acf":[],"_links":{"self":[{"href":"https:\/\/ritosa.click.si\/hr\/wp-json\/wp\/v2\/product\/13553","targetHints":{"allow":["GET"]}}],"collection":[{"href":"https:\/\/ritosa.click.si\/hr\/wp-json\/wp\/v2\/product"}],"about":[{"href":"https:\/\/ritosa.click.si\/hr\/wp-json\/wp\/v2\/types\/product"}],"wp:featuredmedia":[{"embeddable":true,"href":"https:\/\/ritosa.click.si\/hr\/wp-json\/wp\/v2\/media\/20310"}],"wp:attachment":[{"href":"https:\/\/ritosa.click.si\/hr\/wp-json\/wp\/v2\/media?parent=13553"}],"wp:term":[{"taxonomy":"product_brand","embeddable":true,"href":"https:\/\/ritosa.click.si\/hr\/wp-json\/wp\/v2\/product_brand?post=13553"},{"taxonomy":"product_cat","embeddable":true,"href":"https:\/\/ritosa.click.si\/hr\/wp-json\/wp\/v2\/product_cat?post=13553"},{"taxonomy":"product_tag","embeddable":true,"href":"https:\/\/ritosa.click.si\/hr\/wp-json\/wp\/v2\/product_tag?post=13553"}],"curies":[{"name":"radni list","href":"https:\/\/api.w.org\/{rel}","templated":true}]}}