{"id":13517,"date":"2024-12-02T18:13:54","date_gmt":"2024-12-02T18:13:54","guid":{"rendered":"https:\/\/ritosa.click.si\/?post_type=product&#038;p=13517"},"modified":"2026-03-06T19:20:29","modified_gmt":"2026-03-06T18:20:29","slug":"alpina-alto-q-lite-lilac-black","status":"publish","type":"product","link":"https:\/\/ritosa.click.si\/hr\/ducan\/skijanje\/smucarska-oprema\/smucarske-celade\/odrasle-smucarske-celade\/alpina-alto-q-lite-lilac-black\/","title":{"rendered":"Alpina Alto Q-Lite \u2013 lila-crna"},"content":{"rendered":"<p>Stil, estetika, inovacija. Alpina ALTO Q-LITE je nova skija\u0161ka kaciga s vizirom, dizajnirana za skija\u0161e koji vole dobro izgledati i koji vole sve vidjeti. Mehanizam za preklapanje vizira (TRM) je redizajniran, postavljaju\u0107i nove standarde u pogledu udobnosti. Mehanizam za preklapanje omogu\u0107uje da vizir \u010dvrsto prianja uz lice, pru\u017eaju\u0107i tako dobru za\u0161titu od vjetra i snijega, dok staklo pobolj\u0161ava kontraste. Vizir tako\u0111er pru\u017ea 100% UV za\u0161titu i istovremeno nagla\u0161ava kontraste. Kaciga nudi ve\u0107u sigurnost od konvencionalnih skija\u0161kih kaciga zahvaljuju\u0107i Hard Shell tehnologiji, udobno kori\u0161tenje s jedinstvenim Airstream control sustavom ventilacije. Run System omogu\u0107uje kontinuirano pode\u0161avanje veli\u010dine s Fidlock kop\u010dom. Kaciga ima uklonjive jastu\u010di\u0107e za u\u0161i i dodatni grija\u010d za vrat. Uklju\u010dena je torba za pohranu kacige.<\/p>\n<p>Karakteristike vizira:<\/p>\n<ul>\n<li>Ogledalo: Le\u0107a ima do 16 slojeva premaza koji \u0161titi od IR zra\u010denja. Ovaj filter se toplo preporu\u010duje za skijanje na velikim nadmorskim visinama, a tako\u0111er pobolj\u0161ava kontraste.<\/li>\n<li>Jet vision: integrirani vizir nudi ve\u0107e vidno polje od klasi\u010dnih skija\u0161kih nao\u010dala.<\/li>\n<li>TRM: preklopni mehanizem za vizir.<\/li>\n<li>Termoblock: tehnologija dveh le\u010d, ki ju lo\u010duje zrak med njima. Ustvari se blokada zunanjega mrzlega zraka z notranjim toplim, s \u010dimer se dodatno prepre\u010di rosenje na notranji strani le\u010d.<\/li>\n<li>Za\u0161tita od magljenja: premaz s unutarnje strane le\u0107a za za\u0161titu nao\u010dala od zamagljivanja.<\/li>\n<li>Za\u0161tita: S2, 100% za\u0161tita od UV-A, UV-B i UV-C zraka do 400 nm.<\/li>\n<\/ul>\n<p>Karakteristike kacige:<\/p>\n<ul>\n<li>Tvrda \u0161koljka: kombinacija tvrde ABS \u0161koljke i unutarnjeg okvira izra\u0111enog od EPS materijala. HI-EPS punjenje osigurava ve\u0107u apsorpciju udara. Kaciga je tako\u0111er prikladna za Freeride zbog bolje za\u0161tite.<\/li>\n<li>Run sustav: omogu\u0107uje individualno pode\u0161avanje veli\u010dine rotiraju\u0107im gumbom na stra\u017enjoj strani glave<\/li>\n<li>Airstream control: omogo\u010da optimalno prezra\u010devanje in udobno po\u010dutje<\/li>\n<li>Uklonjivi jastu\u010di\u0107i za u\u0161i: Uklonjivi jastu\u010di\u0107i za u\u0161i<\/li>\n<li>Grija\u010d za vrat: Pro\u0161irena unutarnja podstava grije stra\u017enji dio vrata.<\/li>\n<li>Fidlock: magnetna sponka za zapenjanje \u010delade pod brado nudi hitrej\u0161e zapenjanje.<\/li>\n<li>Y-kop\u010da: 3D sustav za pode\u0161avanje remena.<\/li>\n<li>U skladu sa standardom: CE EN 1077 B<\/li>\n<\/ul>","protected":false},"excerpt":{"rendered":"<p>Alpina Alto Q-Lite skija\u0161ka kaciga za odrasle<\/p>","protected":false},"featured_media":13519,"template":"","meta":{"_acf_changed":false,"inline_featured_image":false},"product_brand":[678],"product_cat":[509],"product_tag":[],"class_list":{"0":"post-13517","1":"product","2":"type-product","3":"status-publish","4":"has-post-thumbnail","6":"product_brand-alpina","7":"product_cat-odrasle-smucarske-celade","8":"pa_velikost-51-55","10":"first","11":"instock","12":"sale","13":"taxable","14":"shipping-taxable","15":"purchasable","16":"product-type-variable"},"acf":[],"_links":{"self":[{"href":"https:\/\/ritosa.click.si\/hr\/wp-json\/wp\/v2\/product\/13517","targetHints":{"allow":["GET"]}}],"collection":[{"href":"https:\/\/ritosa.click.si\/hr\/wp-json\/wp\/v2\/product"}],"about":[{"href":"https:\/\/ritosa.click.si\/hr\/wp-json\/wp\/v2\/types\/product"}],"wp:featuredmedia":[{"embeddable":true,"href":"https:\/\/ritosa.click.si\/hr\/wp-json\/wp\/v2\/media\/13519"}],"wp:attachment":[{"href":"https:\/\/ritosa.click.si\/hr\/wp-json\/wp\/v2\/media?parent=13517"}],"wp:term":[{"taxonomy":"product_brand","embeddable":true,"href":"https:\/\/ritosa.click.si\/hr\/wp-json\/wp\/v2\/product_brand?post=13517"},{"taxonomy":"product_cat","embeddable":true,"href":"https:\/\/ritosa.click.si\/hr\/wp-json\/wp\/v2\/product_cat?post=13517"},{"taxonomy":"product_tag","embeddable":true,"href":"https:\/\/ritosa.click.si\/hr\/wp-json\/wp\/v2\/product_tag?post=13517"}],"curies":[{"name":"radni list","href":"https:\/\/api.w.org\/{rel}","templated":true}]}}