{"id":13506,"date":"2024-12-02T17:06:42","date_gmt":"2024-12-02T17:06:42","guid":{"rendered":"https:\/\/ritosa.click.si\/?post_type=product&#038;p=13506"},"modified":"2026-03-05T17:43:13","modified_gmt":"2026-03-05T16:43:13","slug":"elan-rc-ace-jrs-130-150","status":"publish","type":"product","link":"https:\/\/ritosa.click.si\/hr\/ducan\/skijanje\/skije\/djecje-skije\/elan-rc-ace-jrs-130-150\/","title":{"rendered":"Elan RC ACE JRS (130-150)"},"content":{"rendered":"<div class=\"product-info-secondary__column\">\n<p class=\"product-info-secondary__title\"><span style=\"font-size: 16px\">Dizajniran za ambiciozne mlade trka\u010de, RC Ace pru\u017ea pravu kombinaciju fleksibilnosti, torzijske stabilnosti i prianjanja uz rubnik.<\/span><\/p>\n<div class=\"product attribute description\">\n<div class=\"value\">Djeca su na\u0161a budu\u0107nost. Njihovi prvi koraci na skijama klju\u010dni su za budu\u0107i razvoj znanja i vje\u0161tina. Sljede\u0107i korak su robusnije skije na kojima mali\u0161ani mogu lako i samouvjereno juriti kroz snijeg. Razvili smo RS Ace imaju\u0107i na umu napredne mlade skija\u0161e. Ovo su na\u0161e najbolje dje\u010dje skije s drvenom jezgrom i stranicama Channel tehnologije, koje pru\u017eaju optimalnu kombinaciju udobnosti, fleksibilnosti, torzijske stabilnosti i prianjanja rubnika. RS Ace naslje\u0111uje grafi\u010dke elemente iz Ace serije, tako da djeca mogu skijati ba\u0161 kao mama i tata.<\/div>\n<\/div>\n<\/div>\n<div class=\"pdp-attributes__collapsible allow active\">\n<div class=\"pdp-attributes__content\">\n<div class=\"pdp-attributes__sustainability\">\n<ul class=\"checkmark\">\n<li>Inovativna tehnologija za dobre mlade skija\u0161e<\/li>\n<li>Fleksibilne, ali stabilne i responzivne skije<\/li>\n<li>Sna\u017eno prianjanje na rubnik i jednostavan ulazak i izlazak iz zavoja<\/li>\n<li>Za napredne mlade skija\u0161e<\/li>\n<\/ul>\n<\/div>\n<\/div>\n<\/div>\n<div class=\"product attribute description\">\n<div class=\"value\">\n<div class=\"pdp-attributes__trigger\">\n<h3 class=\"pdp-attributes__title\">TABLICA VELI\u010cINA<\/h3>\n<\/div>\n<div class=\"pdp-attributes__content\">\n<table class=\"pdp-attributes__size-guide\">\n<thead>\n<tr>\n<th>Visina skija\u0161a<\/th>\n<th>Duljina skija<\/th>\n<\/tr>\n<\/thead>\n<tbody>\n<tr>\n<td>130 \u2013 138 cm<\/td>\n<td>130<\/td>\n<\/tr>\n<tr>\n<td>140 \u2013 148 cm<\/td>\n<td>140<\/td>\n<\/tr>\n<tr>\n<td>150 \u2013 158 cm<\/td>\n<td>150<\/td>\n<\/tr>\n<\/tbody>\n<\/table>\n<h3>TEHNI\u010cKE INFORMACIJE<\/h3>\n<table style=\"height: 151px\" width=\"429\">\n<tbody>\n<tr>\n<td><\/td>\n<td>130 cm<\/td>\n<td>140 cm<\/td>\n<td>150 cm<\/td>\n<\/tr>\n<tr>\n<td>Radij<\/td>\n<td>9<\/td>\n<td>10.4<\/td>\n<td>11.9<\/td>\n<\/tr>\n<tr>\n<td>\u0160irina vrha skije<\/td>\n<td>115<\/td>\n<td>116<\/td>\n<td>118<\/td>\n<\/tr>\n<tr>\n<td>\u0160irina sredine skije<\/td>\n<td>71<\/td>\n<td>71<\/td>\n<td>72<\/td>\n<\/tr>\n<tr>\n<td>\u0160irina repa skije<\/td>\n<td>101<\/td>\n<td>102<\/td>\n<td>102<\/td>\n<\/tr>\n<\/tbody>\n<\/table>\n<h3>DETALJI<\/h3>\n<table>\n<tbody>\n<tr>\n<td>Kodirati<\/td>\n<td>AELLJW24<\/td>\n<\/tr>\n<tr>\n<td>Veza<\/td>\n<td>EL 4,5 GW CA JRS BLK \/ EL 7,5 GW CA JRS BLK<\/td>\n<\/tr>\n<tr>\n<td>Duljina\/Radij<\/td>\n<td>140 (10.4)<\/td>\n<\/tr>\n<tr>\n<td>Sustav<\/td>\n<td>Junior Shift<\/td>\n<\/tr>\n<tr>\n<td>Profil<\/td>\n<td>Camber<\/td>\n<\/tr>\n<tr>\n<td>Din<\/td>\n<td>0,75 \u2013 4,5 \/ 2 \u2013 7,5<\/td>\n<\/tr>\n<tr>\n<td>Tehnologija<\/td>\n<td>brza klizna baza, stakloplastika, drvena jezgra Channel, EST bo\u010dna stijenka<\/td>\n<\/tr>\n<\/tbody>\n<\/table>\n<\/div>\n<\/div>\n<\/div>","protected":false},"excerpt":{"rendered":"<p>Elan RC ACE JRS (130-150)<\/p>\n<p>Dizajniran za ambiciozne mlade trka\u010de, RC Ace pru\u017ea pravu kombinaciju fleksibilnosti, torzijske stabilnosti i prianjanja uz rubnik.<\/p>","protected":false},"featured_media":13509,"template":"","meta":{"_acf_changed":false,"inline_featured_image":false,"_monsterinsights_skip_tracking":false,"_monsterinsights_sitenote_active":false,"_monsterinsights_sitenote_note":"","_monsterinsights_sitenote_category":0},"product_brand":[677],"product_cat":[592],"product_tag":[1198],"class_list":{"0":"post-13506","1":"product","2":"type-product","3":"status-publish","4":"has-post-thumbnail","6":"product_brand-elan","7":"product_cat-otroske-smuci","8":"product_tag-otroci","9":"pa_velikost-130-4","10":"pa_velikost-719","11":"pa_velikost-150-2","13":"first","14":"instock","15":"sale","16":"taxable","17":"shipping-taxable","18":"purchasable","19":"product-type-variable"},"acf":[],"aioseo_notices":[],"_links":{"self":[{"href":"https:\/\/ritosa.click.si\/hr\/wp-json\/wp\/v2\/product\/13506","targetHints":{"allow":["GET"]}}],"collection":[{"href":"https:\/\/ritosa.click.si\/hr\/wp-json\/wp\/v2\/product"}],"about":[{"href":"https:\/\/ritosa.click.si\/hr\/wp-json\/wp\/v2\/types\/product"}],"wp:featuredmedia":[{"embeddable":true,"href":"https:\/\/ritosa.click.si\/hr\/wp-json\/wp\/v2\/media\/13509"}],"wp:attachment":[{"href":"https:\/\/ritosa.click.si\/hr\/wp-json\/wp\/v2\/media?parent=13506"}],"wp:term":[{"taxonomy":"product_brand","embeddable":true,"href":"https:\/\/ritosa.click.si\/hr\/wp-json\/wp\/v2\/product_brand?post=13506"},{"taxonomy":"product_cat","embeddable":true,"href":"https:\/\/ritosa.click.si\/hr\/wp-json\/wp\/v2\/product_cat?post=13506"},{"taxonomy":"product_tag","embeddable":true,"href":"https:\/\/ritosa.click.si\/hr\/wp-json\/wp\/v2\/product_tag?post=13506"}],"curies":[{"name":"radni list","href":"https:\/\/api.w.org\/{rel}","templated":true}]}}