{"id":13492,"date":"2024-11-29T17:59:01","date_gmt":"2024-11-29T17:59:01","guid":{"rendered":"https:\/\/ritosa.click.si\/?post_type=product&#038;p=13492"},"modified":"2026-03-06T16:43:38","modified_gmt":"2026-03-06T15:43:38","slug":"alpina-brix-jr-grey","status":"publish","type":"product","link":"https:\/\/ritosa.click.si\/hr\/ducan\/skijanje\/smucarska-oprema\/smucarske-celade\/otroske-smucarske-celade\/alpina-brix-jr-grey\/","title":{"rendered":"Alpina Brix Jr. \u2013 siva"},"content":{"rendered":"<p><span>Budu\u0107i da je kaciga BRIX za odrasle postala jedna od najpopularnijih i najprodavanijih kaciga na tr\u017ei\u0161tu zbog svoje male te\u017eine i izvrsnog pristajanja koje odgovara svakoj glavi, Alpina je odlu\u010dila razviti i dje\u010dju kacigu BRIX JR. Kaciga za djecu i tinejd\u017eere koji vi\u0161e ne pri\u010daju o pizzi i pomfritu dok skijaju, ve\u0107 \u017eele utrkivati se na crnoj stazi. BRIX JR vam nudi najvi\u0161u razinu sigurnosti zahvaljuju\u0107i Inmold konstrukciji, Hi-EPS jezgri i robusnoj kerami\u010dkoj ljusci, dok mekana podstava koja se mo\u017ee ukloniti i o\u010distiti osigurava maksimalnu udobnost. Kontrola strujanja zraka omogu\u0107uje nam izvrsnu ventilaciju kroz zra\u010dne kanale. S otvorenim otvorima, svje\u017ei zrak struji u kacigu tijekom toplih dana, ali kada temperature padnu ili tijekom brzih spustova, oni se lako mogu zatvoriti. Sustav pode\u0161avanja veli\u010dine Ergo Snow omogu\u0107uje individualno pode\u0161avanje Brixa glavi korisnika.<\/span><\/p>\n<ul>\n<li><span>Proces ukalupljivanja:<\/span>\u00a0Tehnologija uklju\u010duje zagrijavanje vanjske polikarbonatne ljuske na visoku temperaturu i pe\u010denje na EPS ljusci pod visokim tlakom. Proces stvara trajnu vezu preko cijele povr\u0161ine vanjske i unutarnje ljuske, \u0161to kacigu \u010dini izuzetno laganom i stabilnom.<\/li>\n<li><span>Kerami\u010dka ljuska:<\/span>\u00a0naziv za vanjsku \u0161koljku svih Alpina kaciga izra\u0111enih Inmold postupkom. To je tanak, lagan materijal koji je izuzetno otporan na udarce i ogrebotine, sadr\u017ei UV stabilizatore i antistati\u010dan je.<\/li>\n<\/ul>\n<ul>\n<li><span>HI-EPS:<\/span>\u00a0Unutarnja \u0161koljka Alpina kaciga izra\u0111ena je od HI-EPS-a (ekspandiranog polistirena). Ovaj materijal sastoji se od mikroskopskih zra\u010dnih prostora koji u\u010dinkovito apsorbiraju sile nastale pri udaru.<\/li>\n<\/ul>\n<ul>\n<li><span>Ergonomska kop\u010da<\/span>, koji je bezbroj puta isproban i testiran, koristi se na svim Alpina kacigama. Vi\u0161estupanjsko pode\u0161avanje, kontrolirano samo jednom rukom. Tako\u0111er, kop\u010da se ne mo\u017ee sama odkop\u010dati u slu\u010daju nezgode<\/li>\n<li><span>Kontrola strujanja zraka:\u00a0<\/span>omogu\u0107uje optimalnu ventilaciju i udobnost;<\/li>\n<li><span>Ergonomski sustav za tr\u010danje po snijegu:<\/span>\u00a0Podesivi sustav veli\u010dine skija\u0161ke kacige za svaki oblik glave, osigurava udobnost i savr\u0161eno pristajanje<\/li>\n<li><span>Za\u0161tita rubova:<\/span>\u00a0dodatno oja\u010dani rubovi \u0161tite kacigu od udaraca<\/li>\n<li><span>Y-kop\u010da:<\/span>\u00a0Y-CLIP spaja prednje i stra\u017enje remene ispod u\u0161iju, omogu\u0107uju\u0107i optimalno pode\u0161avanje kacige<\/li>\n<li>Uklonjiva i periva tekstilna podstava i uklonjivi jastu\u010di\u0107i za u\u0161i<\/li>\n<li>Topli grija\u010d za vrat<\/li>\n<\/ul>\n<p>\u00a0<\/p>\n<p>\u00a0<\/p>\n<p>\u00a0<\/p>","protected":false},"excerpt":{"rendered":"<p>Dje\u010dja skija\u0161ka kaciga Alpina Brix Jr<\/p>","protected":false},"featured_media":13494,"template":"","meta":{"_acf_changed":false,"inline_featured_image":false,"_monsterinsights_skip_tracking":false,"_monsterinsights_sitenote_active":false,"_monsterinsights_sitenote_note":"","_monsterinsights_sitenote_category":0},"product_brand":[678],"product_cat":[569],"product_tag":[1198],"class_list":{"0":"post-13492","1":"product","2":"type-product","3":"status-publish","4":"has-post-thumbnail","6":"product_brand-alpina","7":"product_cat-otroske-smucarske-celade","8":"product_tag-otroci","9":"pa_velikost-51-55","11":"first","12":"instock","13":"sale","14":"taxable","15":"shipping-taxable","16":"purchasable","17":"product-type-variable"},"acf":[],"aioseo_notices":[],"_links":{"self":[{"href":"https:\/\/ritosa.click.si\/hr\/wp-json\/wp\/v2\/product\/13492","targetHints":{"allow":["GET"]}}],"collection":[{"href":"https:\/\/ritosa.click.si\/hr\/wp-json\/wp\/v2\/product"}],"about":[{"href":"https:\/\/ritosa.click.si\/hr\/wp-json\/wp\/v2\/types\/product"}],"wp:featuredmedia":[{"embeddable":true,"href":"https:\/\/ritosa.click.si\/hr\/wp-json\/wp\/v2\/media\/13494"}],"wp:attachment":[{"href":"https:\/\/ritosa.click.si\/hr\/wp-json\/wp\/v2\/media?parent=13492"}],"wp:term":[{"taxonomy":"product_brand","embeddable":true,"href":"https:\/\/ritosa.click.si\/hr\/wp-json\/wp\/v2\/product_brand?post=13492"},{"taxonomy":"product_cat","embeddable":true,"href":"https:\/\/ritosa.click.si\/hr\/wp-json\/wp\/v2\/product_cat?post=13492"},{"taxonomy":"product_tag","embeddable":true,"href":"https:\/\/ritosa.click.si\/hr\/wp-json\/wp\/v2\/product_tag?post=13492"}],"curies":[{"name":"radni list","href":"https:\/\/api.w.org\/{rel}","templated":true}]}}