{"id":13483,"date":"2024-11-29T16:34:06","date_gmt":"2024-11-29T16:34:06","guid":{"rendered":"https:\/\/ritosa.click.si\/?post_type=product&#038;p=13483"},"modified":"2026-03-06T16:47:29","modified_gmt":"2026-03-06T15:47:29","slug":"alpina-zupo-visor-q-lite-smoke-blue","status":"publish","type":"product","link":"https:\/\/ritosa.click.si\/hr\/ducan\/skijanje\/smucarska-oprema\/smucarske-celade\/otroske-smucarske-celade\/alpina-zupo-visor-q-lite-smoke-blue\/","title":{"rendered":"Alpina Zupo Visor Q-Lite \u2013 dimljeno plava"},"content":{"rendered":"<p>Tvrda izvana, vrlo mekana iznutra. Dje\u010dja kaciga ZUPO ima tvrdu \u0161koljku koja pru\u017ea maksimalnu za\u0161titu u slu\u010daju sudara. Istovremeno, HI-EPS koji apsorbira udarce unutar kacige tako\u0111er \u0161titi \u0161koljku. Mekani jastu\u010di\u0107i za u\u0161i, udoban i uklonjiv unutarnji jastuk i grijani \u0161titnik za vrat osiguravaju maksimalnu udobnost.<\/p>\n<p>Karakteristike vizira:<\/p>\n<ul>\n<li>Ogledalo: Le\u0107a ima do 16 slojeva premaza koji \u0161titi od IR zra\u010denja. Ovaj filter se toplo preporu\u010duje za skijanje na velikim nadmorskim visinama, a tako\u0111er pobolj\u0161ava kontraste.<\/li>\n<li>Jet vision: integrirani vizir nudi ve\u0107e vidno polje od klasi\u010dnih skija\u0161kih nao\u010dala.<\/li>\n<li>Za\u0161tita od magljenja: premaz s unutarnje strane le\u0107a za za\u0161titu nao\u010dala od zamagljivanja.<\/li>\n<li>Za\u0161tita: S2, 100% za\u0161tita od UV-A, UV-B i UV-C zraka do 400 nm.<\/li>\n<\/ul>\n<p>Zna\u010dajke:<\/p>\n<ul>\n<li>Tvrda \u0161koljka: kombinacija tvrde ABS \u0161koljke i unutarnjeg okvira izra\u0111enog od EPS materijala. HI-EPS punjenje osigurava ve\u0107u apsorpciju udara. Kaciga je tako\u0111er prikladna za Freeride zbog bolje za\u0161tite.<\/li>\n<li>Run sustav: omogu\u0107uje individualno pode\u0161avanje veli\u010dine rotiraju\u0107im gumbom na stra\u017enjoj strani glave<\/li>\n<li>Sustav ventilacije: omogu\u0107uje optimalnu ventilaciju i udobnost<\/li>\n<li>Uklonjivi jastu\u010di\u0107i za u\u0161i: Uklonjivi jastu\u010di\u0107i za u\u0161i<\/li>\n<li>Grija\u010d za vrat: Pro\u0161irena unutarnja podstava grije stra\u017enji dio vrata.<\/li>\n<li>Y-kop\u010da: 3D sustav za pode\u0161avanje remena.<\/li>\n<li>Odgovara standardu: CE EN 1077:2007<\/li>\n<\/ul>","protected":false},"excerpt":{"rendered":"<p>Dje\u010dja skija\u0161ka kaciga s vizirom Alpina Zupo Visor Q-Lite<\/p>","protected":false},"featured_media":13485,"template":"","meta":{"_acf_changed":false,"inline_featured_image":false},"product_brand":[678],"product_cat":[569],"product_tag":[1198],"class_list":{"0":"post-13483","1":"product","2":"type-product","3":"status-publish","4":"has-post-thumbnail","6":"product_brand-alpina","7":"product_cat-otroske-smucarske-celade","8":"product_tag-otroci","9":"pa_velikost-51-55","11":"first","12":"instock","13":"sale","14":"taxable","15":"shipping-taxable","16":"purchasable","17":"product-type-variable"},"acf":[],"_links":{"self":[{"href":"https:\/\/ritosa.click.si\/hr\/wp-json\/wp\/v2\/product\/13483","targetHints":{"allow":["GET"]}}],"collection":[{"href":"https:\/\/ritosa.click.si\/hr\/wp-json\/wp\/v2\/product"}],"about":[{"href":"https:\/\/ritosa.click.si\/hr\/wp-json\/wp\/v2\/types\/product"}],"wp:featuredmedia":[{"embeddable":true,"href":"https:\/\/ritosa.click.si\/hr\/wp-json\/wp\/v2\/media\/13485"}],"wp:attachment":[{"href":"https:\/\/ritosa.click.si\/hr\/wp-json\/wp\/v2\/media?parent=13483"}],"wp:term":[{"taxonomy":"product_brand","embeddable":true,"href":"https:\/\/ritosa.click.si\/hr\/wp-json\/wp\/v2\/product_brand?post=13483"},{"taxonomy":"product_cat","embeddable":true,"href":"https:\/\/ritosa.click.si\/hr\/wp-json\/wp\/v2\/product_cat?post=13483"},{"taxonomy":"product_tag","embeddable":true,"href":"https:\/\/ritosa.click.si\/hr\/wp-json\/wp\/v2\/product_tag?post=13483"}],"curies":[{"name":"radni list","href":"https:\/\/api.w.org\/{rel}","templated":true}]}}