{"id":13467,"date":"2024-11-29T15:58:11","date_gmt":"2024-11-29T15:58:11","guid":{"rendered":"https:\/\/ritosa.click.si\/?post_type=product&#038;p=13467"},"modified":"2026-03-06T16:53:00","modified_gmt":"2026-03-06T15:53:00","slug":"set-alpina-zupo-ocala-piney-blue-mat","status":"publish","type":"product","link":"https:\/\/ritosa.click.si\/hr\/ducan\/skijanje\/smucarska-oprema\/smucarske-celade\/otroske-smucarske-celade\/set-alpina-zupo-ocala-piney-blue-mat\/","title":{"rendered":"Alpina ZUPO set + nao\u010dale PINEY \u2013 plave mat"},"content":{"rendered":"<p>Tvrda izvana, a vrlo mekana iznutra. Dje\u010dja kaciga ZUPO ima tvrdu \u0161koljku koja pru\u017ea maksimalnu za\u0161titu u slu\u010daju sudara. Istovremeno, HI-EPS koji apsorbira udarce unutar kacige tako\u0111er \u0161titi \u0161koljku. Mekani jastu\u010di\u0107i za u\u0161i, udoban i uklonjiv unutarnji jastuk i grijani \u0161titnik za vrat osiguravaju maksimalnu udobnost.<br \/>\nDje\u010dje skija\u0161ke nao\u010dale Alpina Piney opremljene su svime \u0161to je potrebno skija\u0161u po\u010detniku. Glatki i mekani okvir s udobnom pjenastom podstavom osigurava visoku razinu udobnosti no\u0161enja. Istovremeno, aktivno upravljanje zrakom kroz otvore u okviru osigurava izvrsnu ventilaciju unutra\u0161njosti, a Fog-Stop premaz \u010dini zamagljivanje le\u0107a pro\u0161lo\u0161\u0107u. Osim jasnog pogleda, Piney tako\u0111er pru\u017ea pobolj\u0161anje kontrasta: Hicon tehnologija izo\u0161trava kontraste i time pobolj\u0161ava percepciju okoline. To zna\u010di da se mladi skija\u0161i uvijek mogu usredoto\u010diti na bitno: savr\u0161ene zavoje i zabavu na skijanju. Razina za\u0161tite: S2<\/p>\n<p>Karakteristike kacige:<\/p>\n<ul>\n<li><strong>Tvrda ljuska<\/strong>: kombinacija tvrde ABS ljuske i unutarnjeg okvira izra\u0111enog od HI-EPS materijala; HI-EPS: unutarnji okvir Alpina kaciga izra\u0111en je od HI-EPS-a (ekspandiranog polistirena). Ovaj materijal sastoji se od mikroskopski malih zra\u010dnih prostora koji u\u010dinkovito apsorbiraju sile nastale pri udaru<\/li>\n<li><strong>Pokreni sustav<\/strong>: omogu\u0107uje individualno pode\u0161avanje veli\u010dine rotiraju\u0107im gumbom na stra\u017enjoj strani glave \u2013<\/li>\n<li><strong>Ergomatic<\/strong>: kop\u010da, koja je bezbroj puta isprobana i testirana, koristi se na svim Alpina kacigama. Vi\u0161estupanjsko pode\u0161avanje, kontrolira se samo jednom rukom. Kop\u010da se tako\u0111er ne mo\u017ee sama odkop\u010dati u slu\u010daju nezgode<\/li>\n<li><strong>Sustav za ventilaciju<\/strong>: omogu\u0107uje optimalnu ventilaciju i udobnost<\/li>\n<li>Uklonjiva i periva tekstilna podstava<\/li>\n<li>Topli grija\u010d za vrat<\/li>\n<\/ul>","protected":false},"excerpt":{"rendered":"<p>Set Alpina skija\u0161ke kacige ZUPO i skija\u0161kih nao\u010dala PINEY<\/p>","protected":false},"featured_media":13469,"template":"","meta":{"_acf_changed":false,"inline_featured_image":false,"_monsterinsights_skip_tracking":false,"_monsterinsights_sitenote_active":false,"_monsterinsights_sitenote_note":"","_monsterinsights_sitenote_category":0},"product_brand":[678],"product_cat":[569],"product_tag":[1198],"class_list":{"0":"post-13467","1":"product","2":"type-product","3":"status-publish","4":"has-post-thumbnail","6":"product_brand-alpina","7":"product_cat-otroske-smucarske-celade","8":"product_tag-otroci","9":"pa_velikost-51-55","11":"first","12":"instock","13":"sale","14":"taxable","15":"shipping-taxable","16":"purchasable","17":"product-type-variable"},"acf":[],"aioseo_notices":[],"_links":{"self":[{"href":"https:\/\/ritosa.click.si\/hr\/wp-json\/wp\/v2\/product\/13467","targetHints":{"allow":["GET"]}}],"collection":[{"href":"https:\/\/ritosa.click.si\/hr\/wp-json\/wp\/v2\/product"}],"about":[{"href":"https:\/\/ritosa.click.si\/hr\/wp-json\/wp\/v2\/types\/product"}],"wp:featuredmedia":[{"embeddable":true,"href":"https:\/\/ritosa.click.si\/hr\/wp-json\/wp\/v2\/media\/13469"}],"wp:attachment":[{"href":"https:\/\/ritosa.click.si\/hr\/wp-json\/wp\/v2\/media?parent=13467"}],"wp:term":[{"taxonomy":"product_brand","embeddable":true,"href":"https:\/\/ritosa.click.si\/hr\/wp-json\/wp\/v2\/product_brand?post=13467"},{"taxonomy":"product_cat","embeddable":true,"href":"https:\/\/ritosa.click.si\/hr\/wp-json\/wp\/v2\/product_cat?post=13467"},{"taxonomy":"product_tag","embeddable":true,"href":"https:\/\/ritosa.click.si\/hr\/wp-json\/wp\/v2\/product_tag?post=13467"}],"curies":[{"name":"radni list","href":"https:\/\/api.w.org\/{rel}","templated":true}]}}