{"id":13460,"date":"2024-11-29T14:58:20","date_gmt":"2024-11-29T14:58:20","guid":{"rendered":"https:\/\/ritosa.click.si\/?post_type=product&#038;p=13460"},"modified":"2026-03-07T13:09:36","modified_gmt":"2026-03-07T12:09:36","slug":"drsalke-roces-mck-ii-h-black","status":"publish","type":"product","link":"https:\/\/ritosa.click.si\/hr\/ducan\/skijanje\/ostali-zimski-sporti\/drsalke\/drsalke-roces-mck-ii-h-black\/","title":{"rendered":"Klizaljke Roces MCK II H crne"},"content":{"rendered":"<p class=\"entry-title\">Nastavljive otro\u0161ke drsalke MCK II H, ki rastejo skupaj z otro\u0161ko nogo od velikostih 25 do 29, 30 do 35 in 36 do 40. S pomo\u010djo patentiranega sistema se preprosto prilagodi velikost zunanjega \u010devlja, ki se zato lepo prilagaja rasti stopala, noge in gle\u017enja. Imajo dve spominski zaponki. \u010cevelj dobro tesni in zato prepre\u010duje vdor vode ter ohranja prijetno temperaturo znotraj \u010devlja. Notranji topel anatomsko podlo\u017een vlo\u017eek pomaga ohranjati toploto, ki jo oddaja noga med smu\u010danjem, obenem pa noge ohranja tople tudi med mirovanjem. Zunanji \u010develj je iz mo\u010dne odporne plastike, klina pa je iz karbonskega jekla.<\/p>","protected":false},"excerpt":{"rendered":"<p>Otro\u0161ke nastavljive drsalke Roces MCK II H<\/p>","protected":false},"featured_media":13463,"template":"","meta":{"_acf_changed":false,"inline_featured_image":false},"product_brand":[684],"product_cat":[589],"product_tag":[1198],"class_list":{"0":"post-13460","1":"product","2":"type-product","3":"status-publish","4":"has-post-thumbnail","6":"product_brand-roces","7":"product_cat-drsalke","8":"product_tag-otroci","9":"pa_velikost-36-40","11":"first","12":"instock","13":"sale","14":"taxable","15":"shipping-taxable","16":"purchasable","17":"product-type-variable"},"acf":[],"_links":{"self":[{"href":"https:\/\/ritosa.click.si\/hr\/wp-json\/wp\/v2\/product\/13460","targetHints":{"allow":["GET"]}}],"collection":[{"href":"https:\/\/ritosa.click.si\/hr\/wp-json\/wp\/v2\/product"}],"about":[{"href":"https:\/\/ritosa.click.si\/hr\/wp-json\/wp\/v2\/types\/product"}],"wp:featuredmedia":[{"embeddable":true,"href":"https:\/\/ritosa.click.si\/hr\/wp-json\/wp\/v2\/media\/13463"}],"wp:attachment":[{"href":"https:\/\/ritosa.click.si\/hr\/wp-json\/wp\/v2\/media?parent=13460"}],"wp:term":[{"taxonomy":"product_brand","embeddable":true,"href":"https:\/\/ritosa.click.si\/hr\/wp-json\/wp\/v2\/product_brand?post=13460"},{"taxonomy":"product_cat","embeddable":true,"href":"https:\/\/ritosa.click.si\/hr\/wp-json\/wp\/v2\/product_cat?post=13460"},{"taxonomy":"product_tag","embeddable":true,"href":"https:\/\/ritosa.click.si\/hr\/wp-json\/wp\/v2\/product_tag?post=13460"}],"curies":[{"name":"radni list","href":"https:\/\/api.w.org\/{rel}","templated":true}]}}