{"id":13455,"date":"2024-11-29T14:54:36","date_gmt":"2024-11-29T14:54:36","guid":{"rendered":"https:\/\/ritosa.click.si\/?post_type=product&#038;p=13455"},"modified":"2026-03-07T13:09:46","modified_gmt":"2026-03-07T12:09:46","slug":"drsalke-roces-mck-ii-f-white","status":"publish","type":"product","link":"https:\/\/ritosa.click.si\/hr\/ducan\/skijanje\/ostali-zimski-sporti\/drsalke\/drsalke-roces-mck-ii-f-white\/","title":{"rendered":"Klizaljke Roces MCK II F bijele"},"content":{"rendered":"<p class=\"entry-title\">Podesive dje\u010dje klizaljke MCK II F, koje rastu s dje\u010djim stopalom od veli\u010dina 25 do 29, 30 do 35 i 36 do 40. Uz pomo\u0107 patentiranog sustava, veli\u010dina vanjske \u010dizme se lako pode\u0161ava, koja se stoga lijepo prilago\u0111ava rastu stopala, noge i gle\u017enja. Imaju dvije memorijske kop\u010de. \u010cizma dobro brtvi i stoga sprje\u010dava ulazak vode te odr\u017eava ugodnu temperaturu unutar \u010dizme. Topli unutarnji anatomski podstavljeni ulo\u017eak poma\u017ee u zadr\u017eavanju topline koju stopalo emitira tijekom skijanja, a istovremeno odr\u017eava stopala toplima \u010dak i kada miruju. Vanjska \u010dizma izra\u0111ena je od \u010dvrste, otporne plastike, a klin je izra\u0111en od uglji\u010dnog \u010delika.<\/p>","protected":false},"excerpt":{"rendered":"<p>Roces MCK II F podesive klizaljke za djecu<\/p>","protected":false},"featured_media":13459,"template":"","meta":{"_acf_changed":false,"inline_featured_image":false},"product_brand":[684],"product_cat":[589],"product_tag":[1198],"class_list":{"0":"post-13455","1":"product","2":"type-product","3":"status-publish","4":"has-post-thumbnail","6":"product_brand-roces","7":"product_cat-drsalke","8":"product_tag-otroci","9":"pa_velikost-30-35","11":"first","12":"instock","13":"sale","14":"taxable","15":"shipping-taxable","16":"purchasable","17":"product-type-variable"},"acf":[],"_links":{"self":[{"href":"https:\/\/ritosa.click.si\/hr\/wp-json\/wp\/v2\/product\/13455","targetHints":{"allow":["GET"]}}],"collection":[{"href":"https:\/\/ritosa.click.si\/hr\/wp-json\/wp\/v2\/product"}],"about":[{"href":"https:\/\/ritosa.click.si\/hr\/wp-json\/wp\/v2\/types\/product"}],"wp:featuredmedia":[{"embeddable":true,"href":"https:\/\/ritosa.click.si\/hr\/wp-json\/wp\/v2\/media\/13459"}],"wp:attachment":[{"href":"https:\/\/ritosa.click.si\/hr\/wp-json\/wp\/v2\/media?parent=13455"}],"wp:term":[{"taxonomy":"product_brand","embeddable":true,"href":"https:\/\/ritosa.click.si\/hr\/wp-json\/wp\/v2\/product_brand?post=13455"},{"taxonomy":"product_cat","embeddable":true,"href":"https:\/\/ritosa.click.si\/hr\/wp-json\/wp\/v2\/product_cat?post=13455"},{"taxonomy":"product_tag","embeddable":true,"href":"https:\/\/ritosa.click.si\/hr\/wp-json\/wp\/v2\/product_tag?post=13455"}],"curies":[{"name":"radni list","href":"https:\/\/api.w.org\/{rel}","templated":true}]}}