{"id":13452,"date":"2024-11-25T15:14:56","date_gmt":"2024-11-25T15:14:56","guid":{"rendered":"https:\/\/ritosa.click.si\/?post_type=product&#038;p=13452"},"modified":"2026-03-06T16:55:15","modified_gmt":"2026-03-06T15:55:15","slug":"alpina-zupo-visor-q-lite-charcoal-neon","status":"publish","type":"product","link":"https:\/\/ritosa.click.si\/hr\/ducan\/skijanje\/smucarska-oprema\/smucarske-celade\/odrasle-smucarske-celade\/alpina-zupo-visor-q-lite-charcoal-neon\/","title":{"rendered":"Alpina Zupo Visor Q-Lite \u2013 tamnocrveni-neonski"},"content":{"rendered":"<p>Alpina Zupo Visor Q-lite je dje\u010dja skija\u0161ka kaciga s integriranim Singleflex zrcalnim vizirom, koji pru\u017ea dodatnu sigurnost, jer dodatni Fogstop premaz sprje\u010dava zamagljivanje vizira. Vizir tako\u0111er pru\u017ea 100% za\u0161titu od UV zraka, a kaciga je odli\u010dno rje\u0161enje za osobe s dioptrijskim nao\u010dalama.<\/p>\n<p>Karakteristike vizira:<\/p>\n<ul>\n<li><strong>Ogledalo<\/strong>Le\u0107a je premazana s do 16 slojeva IR za\u0161tite. Ovaj filter se toplo preporu\u010duje za skijanje na velikim nadmorskim visinama, a tako\u0111er pobolj\u0161ava kontraste.<\/li>\n<li><strong>Mlazni vid<\/strong>: integrirani vizir nudi ve\u0107e vidno polje od klasi\u010dnih skija\u0161kih nao\u010dala.<\/li>\n<li><strong>Svjetla za maglu<\/strong>: premaz s unutarnje strane le\u0107a za za\u0161titu nao\u010dala od zamagljivanja.<\/li>\n<li><strong>Za\u0161tita<\/strong>S2, 100% za\u0161tita od UV-A, UV-B i UV-C zraka do 400 nm.<\/li>\n<\/ul>\n<p>Zna\u010dajke:<\/p>\n<ul>\n<li><strong>Tvrda ljuska<\/strong>: kombinacija tvrde ABS \u0161koljke i unutarnjeg okvira izra\u0111enog od EPS materijala. HI-EPS punjenje osigurava ve\u0107u apsorpciju udara. Kaciga je tako\u0111er prikladna za Freeride zbog bolje za\u0161tite.<\/li>\n<li><strong>Pokreni sustav<\/strong>: omogu\u0107uje individualno pode\u0161avanje veli\u010dine rotiraju\u0107im gumbom na stra\u017enjoj strani glave<\/li>\n<li><strong>Sustav za ventilaciju<\/strong>: omogu\u0107uje optimalnu ventilaciju i udobnost<\/li>\n<li><strong>Uklonjivi jastu\u010di\u0107i za u\u0161i<\/strong>Odvojiva slu\u0161alica<\/li>\n<li><strong>Grija\u010d za vrat<\/strong>Pro\u0161irena unutarnja podstava grije stra\u017enji dio glave.<\/li>\n<li><strong>Y-kop\u010da<\/strong>3D sustav pode\u0161avanja remena.<\/li>\n<li>Odgovara standardu: CE EN 1077:2007<\/li>\n<\/ul>","protected":false},"excerpt":{"rendered":"<p>Dje\u010dja skija\u0161ka kaciga s vizirom Alpina Zupo Visor Q-Lite<\/p>\n<h3><\/h3>","protected":false},"featured_media":13454,"template":"","meta":{"_acf_changed":false,"inline_featured_image":false,"_monsterinsights_skip_tracking":false,"_monsterinsights_sitenote_active":false,"_monsterinsights_sitenote_note":"","_monsterinsights_sitenote_category":0},"product_brand":[678],"product_cat":[509,569],"product_tag":[1198],"class_list":{"0":"post-13452","1":"product","2":"type-product","3":"status-publish","4":"has-post-thumbnail","6":"product_brand-alpina","7":"product_cat-odrasle-smucarske-celade","8":"product_cat-otroske-smucarske-celade","9":"product_tag-otroci","10":"pa_velikost-54-58","12":"first","13":"instock","14":"sale","15":"taxable","16":"shipping-taxable","17":"purchasable","18":"product-type-variable"},"acf":[],"aioseo_notices":[],"_links":{"self":[{"href":"https:\/\/ritosa.click.si\/hr\/wp-json\/wp\/v2\/product\/13452","targetHints":{"allow":["GET"]}}],"collection":[{"href":"https:\/\/ritosa.click.si\/hr\/wp-json\/wp\/v2\/product"}],"about":[{"href":"https:\/\/ritosa.click.si\/hr\/wp-json\/wp\/v2\/types\/product"}],"wp:featuredmedia":[{"embeddable":true,"href":"https:\/\/ritosa.click.si\/hr\/wp-json\/wp\/v2\/media\/13454"}],"wp:attachment":[{"href":"https:\/\/ritosa.click.si\/hr\/wp-json\/wp\/v2\/media?parent=13452"}],"wp:term":[{"taxonomy":"product_brand","embeddable":true,"href":"https:\/\/ritosa.click.si\/hr\/wp-json\/wp\/v2\/product_brand?post=13452"},{"taxonomy":"product_cat","embeddable":true,"href":"https:\/\/ritosa.click.si\/hr\/wp-json\/wp\/v2\/product_cat?post=13452"},{"taxonomy":"product_tag","embeddable":true,"href":"https:\/\/ritosa.click.si\/hr\/wp-json\/wp\/v2\/product_tag?post=13452"}],"curies":[{"name":"radni list","href":"https:\/\/api.w.org\/{rel}","templated":true}]}}