{"id":13443,"date":"2024-11-19T16:46:53","date_gmt":"2024-11-19T16:46:53","guid":{"rendered":"https:\/\/ritosa.click.si\/?post_type=product&#038;p=13443"},"modified":"2026-03-07T19:46:40","modified_gmt":"2026-03-07T18:46:40","slug":"smucarske-rokavice-ziener-guard-gtx-gore-grip","status":"publish","type":"product","link":"https:\/\/ritosa.click.si\/hr\/ducan\/skijanje\/smucarska-oprema\/smucarske-rokavice\/odrasle-smucarske-rokavice\/smucarske-rokavice-ziener-guard-gtx-gore-grip\/","title":{"rendered":"Skija\u0161ke rukavice Ziener Guard GTX + Gore grip"},"content":{"rendered":"<div class=\"flex max-w-full flex-col flex-grow\">\n<div class=\"min-h-8 text-message flex w-full flex-col items-end gap-2 whitespace-normal break-words [.text-message+&amp;]:mt-5\">Mo\u0161ke smu\u010darske rokavice ZIENER GUARD GTX + GORE GRIP PR iz usnja so opremljene z izjemno toplim PrimaLoft\u00ae Gold oblazinjenjem. Neprekosljivo udobje in toplotna zmogljivost, navdu\u0161ijo s tesnimi neoprenskimi man\u0161etami in dodatnimi oja\u010ditvami na straneh in dlaneh. Rokavice so opremljene z GORE-TEX membrano + Gore grip tehnologijo, zaradi \u010desar so trajno vodoodporne, odporne proti vetru in zra\u010dne. Zagotavljajo izjemno fleksibilnost in otipljivost za varen oprijem smu\u010darskih palic. Prakti\u010dne pritrdilne vrvice zanesljivo pritrdijo rokavice na zapestja, tudi \u010de jih hitro odstranite.<\/div>\n<\/div>\n<p><!--StartFragment--><!--EndFragment--><!--StartFragment--><!--EndFragment--><!--StartFragment--><!--EndFragment--><\/p>\n<p><!--EndFragment--><\/p>\n<p><!--StartFragment--><!--EndFragment--><\/p>\n","protected":false},"excerpt":{"rendered":"<p>Ziener Guard GTX + Gore grip skija\u0161ke rukavice za odrasle<\/p>","protected":false},"featured_media":13446,"template":"","meta":{"_acf_changed":false,"inline_featured_image":false},"product_brand":[682],"product_cat":[604],"product_tag":[1200],"class_list":{"0":"post-13443","1":"product","2":"type-product","3":"status-publish","4":"has-post-thumbnail","6":"product_brand-ziener","7":"product_cat-odrasle-smucarske-rokavice","8":"product_tag-moski","9":"pa_velikost-801","11":"first","12":"instock","13":"sale","14":"taxable","15":"shipping-taxable","16":"purchasable","17":"product-type-variable"},"acf":[],"_links":{"self":[{"href":"https:\/\/ritosa.click.si\/hr\/wp-json\/wp\/v2\/product\/13443","targetHints":{"allow":["GET"]}}],"collection":[{"href":"https:\/\/ritosa.click.si\/hr\/wp-json\/wp\/v2\/product"}],"about":[{"href":"https:\/\/ritosa.click.si\/hr\/wp-json\/wp\/v2\/types\/product"}],"wp:featuredmedia":[{"embeddable":true,"href":"https:\/\/ritosa.click.si\/hr\/wp-json\/wp\/v2\/media\/13446"}],"wp:attachment":[{"href":"https:\/\/ritosa.click.si\/hr\/wp-json\/wp\/v2\/media?parent=13443"}],"wp:term":[{"taxonomy":"product_brand","embeddable":true,"href":"https:\/\/ritosa.click.si\/hr\/wp-json\/wp\/v2\/product_brand?post=13443"},{"taxonomy":"product_cat","embeddable":true,"href":"https:\/\/ritosa.click.si\/hr\/wp-json\/wp\/v2\/product_cat?post=13443"},{"taxonomy":"product_tag","embeddable":true,"href":"https:\/\/ritosa.click.si\/hr\/wp-json\/wp\/v2\/product_tag?post=13443"}],"curies":[{"name":"radni list","href":"https:\/\/api.w.org\/{rel}","templated":true}]}}