{"id":13439,"date":"2024-11-19T16:43:52","date_gmt":"2024-11-19T16:43:52","guid":{"rendered":"https:\/\/ritosa.click.si\/?post_type=product&#038;p=13439"},"modified":"2026-03-07T19:48:25","modified_gmt":"2026-03-07T18:48:25","slug":"smucarske-rokavice-ziener-ganzenberg-as-r-aw","status":"publish","type":"product","link":"https:\/\/ritosa.click.si\/hr\/ducan\/skijanje\/smucarska-oprema\/smucarske-rokavice\/odrasle-smucarske-rokavice\/smucarske-rokavice-ziener-ganzenberg-as-r-aw\/","title":{"rendered":"Skija\u0161ke rukavice Ziener Ganzenberg AS(R) AW"},"content":{"rendered":"<div class=\"flex max-w-full flex-col flex-grow\">\n<div class=\"min-h-8 text-message flex w-full flex-col items-end gap-2 whitespace-normal break-words [.text-message+&amp;]:mt-5\">Kakovostne zimske rokavice so zasnovane za ekstremne razmere in prepri\u010dajo tudi zahtevne turno smu\u010darje. Njegova robustna zunanjost iz usnja in delno elasti\u010dnih sinteti\u010dnih vlaken vzdr\u017ei tudi ostre robove in skupaj z vetro in vodotesno membrano zagotavlja uspe\u0161no za\u0161\u010dito pred vremenskimi vplivi. Usnjena dlan je okrepljena in ponuja dober ob\u010dutek na smu\u010darski palici. Notranjost rokavice je narejena iz naravnih materialov. Me\u0161anica alpske merino volne in polilaktida zagotavlja optimalno izolacijo in ohranja temperaturo. Za individualno prileganje so rokavice ZIENER GANZENBERG opremljene z neoprensko man\u0161eto v obmo\u010dju zapestja in prakti\u010dnim zapenjanjem na je\u017eka.<\/div>\n<\/div>\n<p><!--StartFragment--><!--EndFragment--><!--StartFragment--><!--EndFragment--><!--StartFragment--><!--EndFragment--><\/p>\n<p><!--EndFragment--><\/p>\n<p><!--StartFragment--><!--EndFragment--><\/p>\n","protected":false},"excerpt":{"rendered":"<p>Ziener Ganzenberg AS(R) AW skija\u0161ke rukavice za odrasle<\/p>","protected":false},"featured_media":13442,"template":"","meta":{"_acf_changed":false,"inline_featured_image":false},"product_brand":[682],"product_cat":[604],"product_tag":[],"class_list":{"0":"post-13439","1":"product","2":"type-product","3":"status-publish","4":"has-post-thumbnail","6":"product_brand-ziener","7":"product_cat-odrasle-smucarske-rokavice","8":"pa_velikost-794","10":"first","11":"instock","12":"sale","13":"taxable","14":"shipping-taxable","15":"purchasable","16":"product-type-variable"},"acf":[],"_links":{"self":[{"href":"https:\/\/ritosa.click.si\/hr\/wp-json\/wp\/v2\/product\/13439","targetHints":{"allow":["GET"]}}],"collection":[{"href":"https:\/\/ritosa.click.si\/hr\/wp-json\/wp\/v2\/product"}],"about":[{"href":"https:\/\/ritosa.click.si\/hr\/wp-json\/wp\/v2\/types\/product"}],"wp:featuredmedia":[{"embeddable":true,"href":"https:\/\/ritosa.click.si\/hr\/wp-json\/wp\/v2\/media\/13442"}],"wp:attachment":[{"href":"https:\/\/ritosa.click.si\/hr\/wp-json\/wp\/v2\/media?parent=13439"}],"wp:term":[{"taxonomy":"product_brand","embeddable":true,"href":"https:\/\/ritosa.click.si\/hr\/wp-json\/wp\/v2\/product_brand?post=13439"},{"taxonomy":"product_cat","embeddable":true,"href":"https:\/\/ritosa.click.si\/hr\/wp-json\/wp\/v2\/product_cat?post=13439"},{"taxonomy":"product_tag","embeddable":true,"href":"https:\/\/ritosa.click.si\/hr\/wp-json\/wp\/v2\/product_tag?post=13439"}],"curies":[{"name":"radni list","href":"https:\/\/api.w.org\/{rel}","templated":true}]}}