{"id":13426,"date":"2024-11-19T16:23:06","date_gmt":"2024-11-19T16:23:06","guid":{"rendered":"https:\/\/ritosa.click.si\/?post_type=product&#038;p=13426"},"modified":"2026-03-07T19:54:06","modified_gmt":"2026-03-07T18:54:06","slug":"smucarske-rokavice-ziener-kahli-pr-lady","status":"publish","type":"product","link":"https:\/\/ritosa.click.si\/hr\/ducan\/skijanje\/smucarska-oprema\/smucarske-rokavice\/odrasle-smucarske-rokavice\/smucarske-rokavice-ziener-kahli-pr-lady\/","title":{"rendered":"Ziener Kahli PR Lady skija\u0161ke rukavice"},"content":{"rendered":"<div class=\"flex max-w-full flex-col flex-grow\">\n<div class=\"min-h-8 text-message flex w-full flex-col items-end gap-2 whitespace-normal break-words [.text-message+&amp;]:mt-5\">\n<p>Ziener Kahli Pr so \u017eenske smu\u010darske rokavice, ki nudijo optimalno za\u0161\u010dito pred mrazom. Izdelane so iz izjemno mehkega in toplega umetnega materiala. Rahlo vodoodbojna, zra\u010dna in hitro su\u0161e\u010da Primaloft Cross Core izolacija nudi izjemne izolativne lastnosti, hkrati pa je izjemno lahka. Ve\u010dina izolacije je narejena iz recikliranega materiala. V predelu dlani so rokavice dodatno oja\u010dane. V zapestju pa so nastavljive z velkro trakom.<\/p>\n<ul>\n<li>\u017denske smu\u010darske rokavice<\/li>\n<li>Rokavice nudijo optimalno za\u0161\u010dito pred mrazom<\/li>\n<li>Izdelane so iz izjemno mehkega in toplega umetnega materiala<\/li>\n<li>Izolacija Primaloft Cross Core nudi toploto in udobje<\/li>\n<li>Oja\u010dane v predelu dlani<\/li>\n<li>V predelu zapestja nastavljive z velkro trakom<\/li>\n<li>Material: 100 % poliester; 100 % recikliran poliester<\/li>\n<\/ul>\n<\/div>\n<\/div>\n<p><!--StartFragment--><!--EndFragment--><!--StartFragment--><!--EndFragment--><!--StartFragment--><!--EndFragment--><\/p>\n<p><!--EndFragment--><\/p>\n<p><!--StartFragment--><!--EndFragment--><\/p>\n","protected":false},"excerpt":{"rendered":"<p>\u017denske skija\u0161ke rukavice Ziener Kahli PR Lady<\/p>","protected":false},"featured_media":13430,"template":"","meta":{"_acf_changed":false,"inline_featured_image":false},"product_brand":[682],"product_cat":[604],"product_tag":[1199],"class_list":{"0":"post-13426","1":"product","2":"type-product","3":"status-publish","4":"has-post-thumbnail","6":"product_brand-ziener","7":"product_cat-odrasle-smucarske-rokavice","8":"product_tag-zenske","9":"pa_velikost-7-5","10":"pa_velikost-8-5","12":"first","13":"instock","14":"sale","15":"taxable","16":"shipping-taxable","17":"purchasable","18":"product-type-variable"},"acf":[],"_links":{"self":[{"href":"https:\/\/ritosa.click.si\/hr\/wp-json\/wp\/v2\/product\/13426","targetHints":{"allow":["GET"]}}],"collection":[{"href":"https:\/\/ritosa.click.si\/hr\/wp-json\/wp\/v2\/product"}],"about":[{"href":"https:\/\/ritosa.click.si\/hr\/wp-json\/wp\/v2\/types\/product"}],"wp:featuredmedia":[{"embeddable":true,"href":"https:\/\/ritosa.click.si\/hr\/wp-json\/wp\/v2\/media\/13430"}],"wp:attachment":[{"href":"https:\/\/ritosa.click.si\/hr\/wp-json\/wp\/v2\/media?parent=13426"}],"wp:term":[{"taxonomy":"product_brand","embeddable":true,"href":"https:\/\/ritosa.click.si\/hr\/wp-json\/wp\/v2\/product_brand?post=13426"},{"taxonomy":"product_cat","embeddable":true,"href":"https:\/\/ritosa.click.si\/hr\/wp-json\/wp\/v2\/product_cat?post=13426"},{"taxonomy":"product_tag","embeddable":true,"href":"https:\/\/ritosa.click.si\/hr\/wp-json\/wp\/v2\/product_tag?post=13426"}],"curies":[{"name":"radni list","href":"https:\/\/api.w.org\/{rel}","templated":true}]}}