{"id":13401,"date":"2024-11-19T12:56:00","date_gmt":"2024-11-19T12:56:00","guid":{"rendered":"https:\/\/ritosa.click.si\/?post_type=product&#038;p=13401"},"modified":"2026-03-07T18:49:38","modified_gmt":"2026-03-07T17:49:38","slug":"smucarske-rokavice-ziener-lett-as-r-junior","status":"publish","type":"product","link":"https:\/\/ritosa.click.si\/hr\/ducan\/skijanje\/smucarska-oprema\/smucarske-rokavice\/otroske-smucarske-rokavice\/smucarske-rokavice-ziener-lett-as-r-junior\/","title":{"rendered":"Ziener Lett AS(R) Junior skija\u0161ke rukavice"},"content":{"rendered":"<p><!--StartFragment--><\/p>\n<p><!--StartFragment--><!--EndFragment--><!--StartFragment--><!--EndFragment--><!--StartFragment--><!--EndFragment--><\/p>\n<div class=\"flex max-w-full flex-col flex-grow\">\n<div class=\"min-h-8 text-message flex w-full flex-col items-end gap-2 whitespace-normal break-words [.text-message+&amp;]:mt-5\">\n<div class=\"flex w-full flex-col gap-1 empty:hidden first:pt-[3px]\">\n<div class=\"markdown prose w-full break-words dark:prose-invert light\">\n<p>Otro\u0161ke smu\u010darske rokavice <strong>ZIENER LETT ASR Glove Junior<\/strong> so idealna izbira za mlade smu\u010darje, ki cenijo udobje in funkcionalnost. Te mehke smu\u010darske rokavice imajo dolg man\u0161eten del, ki se nosi \u010dez jakno, in ga je mogo\u010de enostavno zategniti preko rokava jakne z eno samo roko zahvaljujo\u010d prakti\u010dnemu sistemu z vrvico. To zagotavlja popolno prileganje ter prepre\u010duje vdor snega in mraza.<\/p>\n<p>Z membrano <strong>ZIENER AQUASHIELD\u00ae<\/strong> rokavice ponujajo odli\u010dno za\u0161\u010dito pred vodo in vetrom, kar ohranja roke tople in suhe tudi v neugodnih vremenskih razmerah. Kompaktne dlani so posebej zasnovane za optimalen prenos mo\u010di na smu\u010darsko palico, kar mladim smu\u010darjem omogo\u010da ve\u010djo kontrolo in varnost na smu\u010di\u0161\u010du.<\/p>\n<p>Druga prednost teh rokavic je njihova okolju prijazna izdelava, saj so izdelane brez PFC. To pomeni, da pri proizvodnji niso uporabljene \u0161kodljive kemikalije, kar je koristno tako za okolje kot za zdravje. S <strong>ZIENER LETT ASR Glove Junior<\/strong> so mladi smu\u010darji popolnoma opremljeni za nepozabno sne\u017eno pustolov\u0161\u010dino.<\/p>\n<p><strong>Materiali:<\/strong><\/p>\n<ul>\n<li>Zunanji material: Zimske rokavice za alpsko smu\u010danje za otroke<\/li>\n<li>Notranji material: Zgornji material: 100 % poliester<\/li>\n<li>Material vlo\u017ekov: Man\u0161eta: 100 % poliester<\/li>\n<li>Man\u0161eta: Dlan: 100 % poliester<\/li>\n<\/ul>\n<\/div>\n<\/div>\n<\/div>\n<\/div>\n<p><!--EndFragment--><\/p>\n<p><!--StartFragment--><!--EndFragment--><\/p>\n","protected":false},"excerpt":{"rendered":"<p>Dje\u010dje skija\u0161ke rukavice Ziener Lett AS(R) Junior<\/p>","protected":false},"featured_media":13406,"template":"","meta":{"_acf_changed":false,"inline_featured_image":false},"product_brand":[682],"product_cat":[605],"product_tag":[1198],"class_list":{"0":"post-13401","1":"product","2":"type-product","3":"status-publish","4":"has-post-thumbnail","6":"product_brand-ziener","7":"product_cat-otroske-smucarske-rokavice","8":"product_tag-otroci","9":"pa_velikost-750","11":"first","12":"instock","13":"sale","14":"taxable","15":"shipping-taxable","16":"purchasable","17":"product-type-variable"},"acf":[],"_links":{"self":[{"href":"https:\/\/ritosa.click.si\/hr\/wp-json\/wp\/v2\/product\/13401","targetHints":{"allow":["GET"]}}],"collection":[{"href":"https:\/\/ritosa.click.si\/hr\/wp-json\/wp\/v2\/product"}],"about":[{"href":"https:\/\/ritosa.click.si\/hr\/wp-json\/wp\/v2\/types\/product"}],"wp:featuredmedia":[{"embeddable":true,"href":"https:\/\/ritosa.click.si\/hr\/wp-json\/wp\/v2\/media\/13406"}],"wp:attachment":[{"href":"https:\/\/ritosa.click.si\/hr\/wp-json\/wp\/v2\/media?parent=13401"}],"wp:term":[{"taxonomy":"product_brand","embeddable":true,"href":"https:\/\/ritosa.click.si\/hr\/wp-json\/wp\/v2\/product_brand?post=13401"},{"taxonomy":"product_cat","embeddable":true,"href":"https:\/\/ritosa.click.si\/hr\/wp-json\/wp\/v2\/product_cat?post=13401"},{"taxonomy":"product_tag","embeddable":true,"href":"https:\/\/ritosa.click.si\/hr\/wp-json\/wp\/v2\/product_tag?post=13401"}],"curies":[{"name":"radni list","href":"https:\/\/api.w.org\/{rel}","templated":true}]}}