{"id":13396,"date":"2024-11-19T12:43:38","date_gmt":"2024-11-19T12:43:38","guid":{"rendered":"https:\/\/ritosa.click.si\/?post_type=product&#038;p=13396"},"modified":"2026-03-07T18:50:57","modified_gmt":"2026-03-07T17:50:57","slug":"smucarske-rokavice-ziener-luro-as-r-pr-junior","status":"publish","type":"product","link":"https:\/\/ritosa.click.si\/hr\/ducan\/skijanje\/smucarska-oprema\/smucarske-rokavice\/otroske-smucarske-rokavice\/smucarske-rokavice-ziener-luro-as-r-pr-junior\/","title":{"rendered":"Skija\u0161ke rukavice Ziener Luro AS(R) PR Junior"},"content":{"rendered":"<p><!--StartFragment--><\/p>\n<p><!--StartFragment--><!--EndFragment-->Izuzetno sportske dje\u010dje skija\u0161ke rukavice <strong>ZIENER LURO AS\u00ae PR JUNIOR<\/strong> savr\u0161en su izbor za mlade skija\u0161ke natjecatelje zbog svojih vodootpornih i toplih svojstava. Natjecateljske rukavice imaju plasti\u010dni \u0161titnik na zglobovima, a stra\u017enja strana je dodatno podstavljena. Izolacija <strong>PrimaLoft\u00ae Zlatni <\/strong>Pru\u017ea izvrsnu toplinu \u010dak i u ekstremnim uvjetima. Membrana <strong>ZIENER AQUASHIELD\u00ae<\/strong> Svojim vodootpornim i vjetrootpornim svojstvima osigurava optimalnu klimu u rukavici. Uska neoprenska man\u017eeta olak\u0161ava stavljanje \u0161titnika za podlakticu i pobolj\u0161ava udobnost u kombinaciji s natjecateljskom odje\u0107om. Rukavica je sigurno pri\u010dvr\u0161\u0107ena za zape\u0161\u0107e uzicom. Proizvod sadr\u017ei reciklirane materijale za ekolo\u0161ki prihvatljivu upotrebu i izra\u0111en je bez PFC-a.<\/p>\n<p><strong>Iznimno sportske, vodootporne, tople dje\u010dje skija\u0161ke rukavice za skija\u0161ke utrke<\/strong><\/p>\n<p>\u2013 Elasti\u010dna vrpca<br \/>\n\u2013 Neoprenska man\u017eeta<br \/>\n\u2013 Izolacija <strong>PrimaLoft\u00ae Zlatni<\/strong><br \/>\n\u2013 <strong>PrimaLoft\u00ae kontrola prianjanja<\/strong><br \/>\n\u2013 Sadr\u017ei reciklirane materijale<br \/>\n\u2013 Impregnacija bez PFC-a<\/p>\n<p><!--EndFragment--><\/p>\n<p><!--StartFragment--><!--EndFragment--><\/p>","protected":false},"excerpt":{"rendered":"<p>Dje\u010dje skija\u0161ke rukavice Ziener Luro AS(R) PR Junior<\/p>","protected":false},"featured_media":13400,"template":"","meta":{"_acf_changed":false,"inline_featured_image":false,"_monsterinsights_skip_tracking":false,"_monsterinsights_sitenote_active":false,"_monsterinsights_sitenote_note":"","_monsterinsights_sitenote_category":0},"product_brand":[682],"product_cat":[605],"product_tag":[1198],"class_list":{"0":"post-13396","1":"product","2":"type-product","3":"status-publish","4":"has-post-thumbnail","6":"product_brand-ziener","7":"product_cat-otroske-smucarske-rokavice","8":"product_tag-otroci","9":"pa_velikost-7-5","11":"first","12":"instock","13":"sale","14":"taxable","15":"shipping-taxable","16":"purchasable","17":"product-type-variable"},"acf":[],"aioseo_notices":[],"_links":{"self":[{"href":"https:\/\/ritosa.click.si\/hr\/wp-json\/wp\/v2\/product\/13396","targetHints":{"allow":["GET"]}}],"collection":[{"href":"https:\/\/ritosa.click.si\/hr\/wp-json\/wp\/v2\/product"}],"about":[{"href":"https:\/\/ritosa.click.si\/hr\/wp-json\/wp\/v2\/types\/product"}],"wp:featuredmedia":[{"embeddable":true,"href":"https:\/\/ritosa.click.si\/hr\/wp-json\/wp\/v2\/media\/13400"}],"wp:attachment":[{"href":"https:\/\/ritosa.click.si\/hr\/wp-json\/wp\/v2\/media?parent=13396"}],"wp:term":[{"taxonomy":"product_brand","embeddable":true,"href":"https:\/\/ritosa.click.si\/hr\/wp-json\/wp\/v2\/product_brand?post=13396"},{"taxonomy":"product_cat","embeddable":true,"href":"https:\/\/ritosa.click.si\/hr\/wp-json\/wp\/v2\/product_cat?post=13396"},{"taxonomy":"product_tag","embeddable":true,"href":"https:\/\/ritosa.click.si\/hr\/wp-json\/wp\/v2\/product_tag?post=13396"}],"curies":[{"name":"radni list","href":"https:\/\/api.w.org\/{rel}","templated":true}]}}