{"id":13384,"date":"2024-11-19T12:15:27","date_gmt":"2024-11-19T12:15:27","guid":{"rendered":"https:\/\/ritosa.click.si\/?post_type=product&#038;p=13384"},"modified":"2026-03-07T19:57:53","modified_gmt":"2026-03-07T18:57:53","slug":"smucarske-rokavice-leki-stella-w","status":"publish","type":"product","link":"https:\/\/ritosa.click.si\/hr\/ducan\/skijanje\/smucarska-oprema\/smucarske-rokavice\/odrasle-smucarske-rokavice\/smucarske-rokavice-leki-stella-w\/","title":{"rendered":"Leki Stella W skija\u0161ke rukavice"},"content":{"rendered":"<p><strong>\u017dene Stele<\/strong> bit \u0107e vam najbolji prijatelj na sljede\u0107em skijanju. Gornji materijal, kombinacija Softshella i Micro TC tkanine s elegantnim ko\u017enim detaljima, omogu\u0107uje veliku slobodu kretanja, a istovremeno \u0161titi va\u0161e ruke. Izolacija <strong>PrimaLoft\u00ae<\/strong> pouzdano odr\u017eava va\u0161e ruke toplima, a istovremeno je prozra\u010dna. Unutarnja podstava, izra\u0111ena od mje\u0161avine Micro Bemberga i mekog pli\u0161a, osigurava ugodan osje\u0107aj suhih ruku. Bar\u0161unasto mekana ov\u010dja ko\u017ea omogu\u0107uje \u010dvrst hvat \u0161tapa u svakom trenutku.<\/p>\n<p><strong>Zna\u010dajke:<\/strong><\/p>\n<ul>\n<li><strong>Aktivnosti:<\/strong> Alpsko skijanje<\/li>\n<li><strong>Dobna skupina:<\/strong> Odrasli<\/li>\n<li><strong>Spol:<\/strong> \u017dene<\/li>\n<li><strong>Veli\u010dine:<\/strong> 6,0\u20138,5 (polovi\u010dni brojevi)<\/li>\n<li><strong>Sustav hvatanja:<\/strong> Svestrano<\/li>\n<li><strong>Prilago\u0111eno:<\/strong> \u017dene Slim Fit<\/li>\n<li><strong>Glavni materijal:<\/strong> Softshell (82 % poliester, 18 % elastan), Micro TC (100 % poliester), Ko\u017eni dodaci (100 % ko\u017ea)<\/li>\n<li><strong>Materijal dlana:<\/strong> Ov\u010dja ko\u017ea (100 % ko\u017ea)<\/li>\n<li><strong>Umetci:<\/strong> <strong>SOFT-TEX\u00ae<\/strong> (100 % poliuretan)<\/li>\n<li><strong>Izolacija:<\/strong> <strong>PrimaLoft\u00ae Zlatni<\/strong> (100 % poliester)<\/li>\n<li><strong>Oblaganje:<\/strong> Mekani pli\u0161 (100 % poliester), Mikro Bemberg (100 % poliester)<\/li>\n<li><strong>Informacije o materijalu:<\/strong> Sadr\u017ei netekstilne dijelove \u017eivotinjskog podrijetla<\/li>\n<li><strong>Otpornost na vodu:<\/strong> **** Vodootporne rukavice<\/li>\n<li><strong>Razina topline:<\/strong> ***** Vrlo toplo<\/li>\n<\/ul>","protected":false},"excerpt":{"rendered":"<p>\u017denske smu\u010darske rokavice Leki Stella W<\/p>","protected":false},"featured_media":13388,"template":"","meta":{"_acf_changed":false,"inline_featured_image":false},"product_brand":[691],"product_cat":[604],"product_tag":[1199],"class_list":{"0":"post-13384","1":"product","2":"type-product","3":"status-publish","4":"has-post-thumbnail","6":"product_brand-leki","7":"product_cat-odrasle-smucarske-rokavice","8":"product_tag-zenske","9":"pa_velikost-799","11":"first","12":"instock","13":"sale","14":"taxable","15":"shipping-taxable","16":"purchasable","17":"product-type-variable"},"acf":[],"_links":{"self":[{"href":"https:\/\/ritosa.click.si\/hr\/wp-json\/wp\/v2\/product\/13384","targetHints":{"allow":["GET"]}}],"collection":[{"href":"https:\/\/ritosa.click.si\/hr\/wp-json\/wp\/v2\/product"}],"about":[{"href":"https:\/\/ritosa.click.si\/hr\/wp-json\/wp\/v2\/types\/product"}],"wp:featuredmedia":[{"embeddable":true,"href":"https:\/\/ritosa.click.si\/hr\/wp-json\/wp\/v2\/media\/13388"}],"wp:attachment":[{"href":"https:\/\/ritosa.click.si\/hr\/wp-json\/wp\/v2\/media?parent=13384"}],"wp:term":[{"taxonomy":"product_brand","embeddable":true,"href":"https:\/\/ritosa.click.si\/hr\/wp-json\/wp\/v2\/product_brand?post=13384"},{"taxonomy":"product_cat","embeddable":true,"href":"https:\/\/ritosa.click.si\/hr\/wp-json\/wp\/v2\/product_cat?post=13384"},{"taxonomy":"product_tag","embeddable":true,"href":"https:\/\/ritosa.click.si\/hr\/wp-json\/wp\/v2\/product_tag?post=13384"}],"curies":[{"name":"radni list","href":"https:\/\/api.w.org\/{rel}","templated":true}]}}