{"id":13372,"date":"2024-11-19T11:26:35","date_gmt":"2024-11-19T11:26:35","guid":{"rendered":"https:\/\/ritosa.click.si\/?post_type=product&#038;p=13372"},"modified":"2026-03-07T11:38:18","modified_gmt":"2026-03-07T10:38:18","slug":"leki-primacy","status":"publish","type":"product","link":"https:\/\/ritosa.click.si\/hr\/ducan\/skijanje\/smucarska-oprema\/smucarske-palice\/odrasle-smucarske-palice\/leki-primacy\/","title":{"rendered":"Leki Primacy"},"content":{"rendered":"<p>\u0160tapovi za skijanje Primacy idealni su za alpske skija\u0161e. Ru\u010dka s jedinstvenom mekom povr\u0161inom pru\u017ea izvrstan hvat bez klizanja. Podesivi remen omogu\u0107uje savr\u0161eno prilago\u0111avanje veli\u010dini va\u0161e ruke. \u010cvrsti aluminij TS 5.0 osigurava da je \u0161tap i robustan i lagan.<\/p>\n<p><strong>Zna\u010dajke:<\/strong><\/p>\n<ul>\n<li><strong>Promjer cijevi:<\/strong> 18 mm<\/li>\n<li><strong>Materijal cijevi:<\/strong> aluminij (TS 5.0)<\/li>\n<li><strong>Ru\u010dka:<\/strong> REMEN V1<\/li>\n<li><strong>Materijal ru\u010dke:<\/strong> 2K meko<\/li>\n<li><strong>Veli\u010dina ru\u010dke:<\/strong> standard<\/li>\n<li><strong>Remen:<\/strong> Sigurnosni remen brave od najlona<\/li>\n<li><strong>Veli\u010dina remena:<\/strong> univerzalan (beskona\u010dno podesiv)<\/li>\n<li><strong>Savjet:<\/strong> \u010deli\u010dni vrh (u cijevi)<\/li>\n<\/ul>","protected":false},"excerpt":{"rendered":"<p>Skija\u0161ki \u0161tapovi <strong>Leki Primacy<\/strong> Savr\u0161en su izbor za skija\u0161e koji cijene robusnost, udobnost i klasi\u010dan dizajn.<\/p>","protected":false},"featured_media":13374,"template":"","meta":{"_acf_changed":false,"inline_featured_image":false,"_monsterinsights_skip_tracking":false,"_monsterinsights_sitenote_active":false,"_monsterinsights_sitenote_note":"","_monsterinsights_sitenote_category":0},"product_brand":[691],"product_cat":[597],"product_tag":[],"class_list":{"0":"post-13372","1":"product","2":"type-product","3":"status-publish","4":"has-post-thumbnail","6":"product_brand-leki","7":"product_cat-odrasle-smucarske-palice","8":"pa_velikost-1050","10":"first","11":"instock","12":"sale","13":"taxable","14":"shipping-taxable","15":"purchasable","16":"product-type-variable"},"acf":[],"aioseo_notices":[],"_links":{"self":[{"href":"https:\/\/ritosa.click.si\/hr\/wp-json\/wp\/v2\/product\/13372","targetHints":{"allow":["GET"]}}],"collection":[{"href":"https:\/\/ritosa.click.si\/hr\/wp-json\/wp\/v2\/product"}],"about":[{"href":"https:\/\/ritosa.click.si\/hr\/wp-json\/wp\/v2\/types\/product"}],"wp:featuredmedia":[{"embeddable":true,"href":"https:\/\/ritosa.click.si\/hr\/wp-json\/wp\/v2\/media\/13374"}],"wp:attachment":[{"href":"https:\/\/ritosa.click.si\/hr\/wp-json\/wp\/v2\/media?parent=13372"}],"wp:term":[{"taxonomy":"product_brand","embeddable":true,"href":"https:\/\/ritosa.click.si\/hr\/wp-json\/wp\/v2\/product_brand?post=13372"},{"taxonomy":"product_cat","embeddable":true,"href":"https:\/\/ritosa.click.si\/hr\/wp-json\/wp\/v2\/product_cat?post=13372"},{"taxonomy":"product_tag","embeddable":true,"href":"https:\/\/ritosa.click.si\/hr\/wp-json\/wp\/v2\/product_tag?post=13372"}],"curies":[{"name":"radni list","href":"https:\/\/api.w.org\/{rel}","templated":true}]}}