{"id":13366,"date":"2024-11-19T11:14:29","date_gmt":"2024-11-19T11:14:29","guid":{"rendered":"https:\/\/ritosa.click.si\/?post_type=product&#038;p=13366"},"modified":"2026-03-07T12:29:17","modified_gmt":"2026-03-07T11:29:17","slug":"smucarske-palice-leki-rider-2","status":"publish","type":"product","link":"https:\/\/ritosa.click.si\/hr\/ducan\/skijanje\/smucarska-oprema\/smucarske-palice\/otroske-smucarske-palice\/smucarske-palice-leki-rider-2\/","title":{"rendered":"Leki Rider \u2013 \u017euta"},"content":{"rendered":"<p>LEKI Rider skija\u0161ki \u0161tapovi za najmla\u0111e skija\u0161e koji se tek upoznaju sa skijanjem. Zahvaljuju\u0107i izdr\u017eljivoj aluminijskoj konstrukciji promjera 14 mm, pre\u017eivjet \u0107e mnoge padove, a uz to su i izuzetno lagani.<\/p>\n<p>PAS ru\u010dke i podesive petlje osigurat \u0107e da va\u0161 mladi skija\u0161 uvijek ima \u0161tapove pod kontrolom. \u0160tapovi su opremljeni \u010deli\u010dnim vrhovima koji \u0107e pru\u017eiti izvrsno prianjanje na svim povr\u0161inama.<\/p>\n<p>Proizvod mo\u017eete detaljnije vidjeti i testirati u biciklisti\u010dkom centru Rito\u0161a u Izoli.<\/p>\n<table class=\"table table-striped\">\n<tbody>\n<tr>\n<td class=\"dark\">Niz<\/td>\n<td class=\"dark\">Omladinsko freeskijanje<br \/>\n<small><\/small><\/td>\n<\/tr>\n<tr>\n<td class=\"light\">Gra\u0111evinarstvo<\/td>\n<td class=\"light\">Fiksna duljina<small><\/small><\/td>\n<\/tr>\n<tr>\n<td class=\"dark\">Ru\u010dka<\/td>\n<td class=\"dark\">Dje\u010dji hvat<small><\/small><\/td>\n<\/tr>\n<tr>\n<td class=\"dark\">Petlje<\/td>\n<td class=\"dark\">Remen s kop\u010dom<br \/>\n<small><\/small><\/td>\n<\/tr>\n<tr>\n<td class=\"dark\">Promjer cijevi<\/td>\n<td class=\"dark\">14 mm<small><\/small><\/td>\n<\/tr>\n<tr>\n<td class=\"light\">Skije<\/td>\n<td class=\"light\">Alpski<small><\/small><\/td>\n<\/tr>\n<tr>\n<td class=\"dark\">Savjet<\/td>\n<td class=\"dark\">\u010celik<small><\/small><\/td>\n<\/tr>\n<tr>\n<td class=\"light\">Duljina\/veli\u010dina<\/td>\n<td class=\"light\">70 \u2013 105 cm\u00a0<small>u koracima od 5 cm<\/small><\/td>\n<\/tr>\n<tr>\n<td class=\"dark\">Te\u017eina<\/td>\n<td class=\"dark testa\">168 g\u00a0<small>na duljini od 105 cm<\/small><\/td>\n<\/tr>\n<\/tbody>\n<\/table>","protected":false},"excerpt":{"rendered":"<p>LEKI Rider \u0161tapovi za skijanje za mlade skija\u0161e koji se tek upoznaju sa skijanjem izuzetno su lagani i izdr\u017eljivi.<\/p>","protected":false},"featured_media":13369,"template":"","meta":{"_acf_changed":false,"inline_featured_image":false},"product_brand":[691],"product_cat":[596],"product_tag":[],"class_list":{"0":"post-13366","1":"product","2":"type-product","3":"status-publish","4":"has-post-thumbnail","6":"product_brand-leki","7":"product_cat-otroske-smucarske-palice","8":"pa_velikost-1056","10":"first","11":"instock","12":"sale","13":"taxable","14":"shipping-taxable","15":"purchasable","16":"product-type-variable"},"acf":[],"_links":{"self":[{"href":"https:\/\/ritosa.click.si\/hr\/wp-json\/wp\/v2\/product\/13366","targetHints":{"allow":["GET"]}}],"collection":[{"href":"https:\/\/ritosa.click.si\/hr\/wp-json\/wp\/v2\/product"}],"about":[{"href":"https:\/\/ritosa.click.si\/hr\/wp-json\/wp\/v2\/types\/product"}],"wp:featuredmedia":[{"embeddable":true,"href":"https:\/\/ritosa.click.si\/hr\/wp-json\/wp\/v2\/media\/13369"}],"wp:attachment":[{"href":"https:\/\/ritosa.click.si\/hr\/wp-json\/wp\/v2\/media?parent=13366"}],"wp:term":[{"taxonomy":"product_brand","embeddable":true,"href":"https:\/\/ritosa.click.si\/hr\/wp-json\/wp\/v2\/product_brand?post=13366"},{"taxonomy":"product_cat","embeddable":true,"href":"https:\/\/ritosa.click.si\/hr\/wp-json\/wp\/v2\/product_cat?post=13366"},{"taxonomy":"product_tag","embeddable":true,"href":"https:\/\/ritosa.click.si\/hr\/wp-json\/wp\/v2\/product_tag?post=13366"}],"curies":[{"name":"radni list","href":"https:\/\/api.w.org\/{rel}","templated":true}]}}