{"id":13356,"date":"2024-11-19T10:20:56","date_gmt":"2024-11-19T10:20:56","guid":{"rendered":"https:\/\/ritosa.click.si\/?post_type=product&#038;p=13356"},"modified":"2025-09-23T16:06:47","modified_gmt":"2025-09-23T14:06:47","slug":"otroski-sedez-za-na-okvir-kolesa","status":"publish","type":"product","link":"https:\/\/ritosa.click.si\/hr\/ducan\/biciklizam\/oprema-za-biciklizam\/dodatna-oprema-in-rezervni-deli\/otroski-sedezi\/otroski-sedez-za-na-okvir-kolesa\/","title":{"rendered":"Dje\u010dja sjedalica za okvir bicikla"},"content":{"rendered":"<p class=\"ql-align-center\">Dje\u010dja sjedalica za bicikl tako\u0111er ima naslon za ruke i oslonac za noge, \u0161to vo\u017enju \u010dini ugodnijom!<\/p>\n<ul>\n<li>Dje\u010dja biciklisti\u010dka sjedalica je prikladna za djecu od 2 do 5 godina.<\/li>\n<li>Podesivo sjedalo omogu\u0107uje optimalno prileganje<\/li>\n<li>Postavite sjedalo na prednji dio bicikla<\/li>\n<li>Jednostavno sastavljanje bez dodatnog alata (sve \u0161to vam je potrebno uklju\u010deno je u komplet)<\/li>\n<li>Ergonomski dizajn za udobnost tijekom vo\u017enje<\/li>\n<li>Visokokvalitetni materijali<\/li>\n<li>Paket uklju\u010duje: 1\u00d7 prednja dje\u010dja sjedalica za bicikl, 1\u00d7 rukohvat, 1\u00d7 oslonac za noge, 3\u00d7 imbus klju\u010d, 1\u00d7 klju\u010d<\/li>\n<li>Upozorenje: Koristite s odgovaraju\u0107om kacigom i uvijek provjerite pri\u010dvr\u0161\u0107enost sjedala prije svake vo\u017enje.<\/li>\n<\/ul>","protected":false},"excerpt":{"rendered":"<p>Dje\u010dja biciklisti\u010dka sjedalica koja se montira na okvir bicikla.<\/p>","protected":false},"featured_media":13357,"template":"","meta":{"_acf_changed":false,"inline_featured_image":false},"product_brand":[],"product_cat":[538],"product_tag":[1198,1642,1650,1651],"class_list":{"0":"post-13356","1":"product","2":"type-product","3":"status-publish","4":"has-post-thumbnail","6":"product_cat-otroski-sedezi","7":"product_tag-otroci","8":"product_tag-otroski-sedez","9":"product_tag-otroski-sedez-za-na-okvir-kolesa","10":"product_tag-sedez-na-okirju-kolesa","12":"first","13":"instock","14":"sale","15":"taxable","16":"shipping-taxable","17":"purchasable","18":"product-type-simple"},"acf":[],"_links":{"self":[{"href":"https:\/\/ritosa.click.si\/hr\/wp-json\/wp\/v2\/product\/13356","targetHints":{"allow":["GET"]}}],"collection":[{"href":"https:\/\/ritosa.click.si\/hr\/wp-json\/wp\/v2\/product"}],"about":[{"href":"https:\/\/ritosa.click.si\/hr\/wp-json\/wp\/v2\/types\/product"}],"wp:featuredmedia":[{"embeddable":true,"href":"https:\/\/ritosa.click.si\/hr\/wp-json\/wp\/v2\/media\/13357"}],"wp:attachment":[{"href":"https:\/\/ritosa.click.si\/hr\/wp-json\/wp\/v2\/media?parent=13356"}],"wp:term":[{"taxonomy":"product_brand","embeddable":true,"href":"https:\/\/ritosa.click.si\/hr\/wp-json\/wp\/v2\/product_brand?post=13356"},{"taxonomy":"product_cat","embeddable":true,"href":"https:\/\/ritosa.click.si\/hr\/wp-json\/wp\/v2\/product_cat?post=13356"},{"taxonomy":"product_tag","embeddable":true,"href":"https:\/\/ritosa.click.si\/hr\/wp-json\/wp\/v2\/product_tag?post=13356"}],"curies":[{"name":"radni list","href":"https:\/\/api.w.org\/{rel}","templated":true}]}}