{"id":13302,"date":"2024-11-18T12:24:54","date_gmt":"2024-11-18T12:24:54","guid":{"rendered":"https:\/\/ritosa.click.si\/?post_type=product&#038;p=13302"},"modified":"2026-03-05T11:09:34","modified_gmt":"2026-03-05T10:09:34","slug":"dalbello-veloce-95-mv-w-2025","status":"publish","type":"product","link":"https:\/\/ritosa.click.si\/hr\/ducan\/skijanje\/smucarska-oprema\/smucarski-cevlji\/zenski-smucarski-cevlji\/dalbello-veloce-95-mv-w-2025\/","title":{"rendered":"Dalbello Veloce 95 MV W 2026"},"content":{"rendered":"<p>Dalbello Veloce 95 MV W su visokou\u010dinkovite \u017eenske skija\u0161ke cipele dizajnirane posebno za napredne skija\u0161ice koje tra\u017ee ravnote\u017eu izme\u0111u preciznosti, udobnosti i elegantnih performansi. Sa \u0161irinom od 99 mm i indeksom fleksibilnosti od 95, pru\u017eaju izravan prijenos snage, izvrsnu kontrolu skija i cjelodnevnu udobnost - \u010dak i na zahtjevnijim spustovima i duljim danima na snijegu.<\/p>\n<p>Njegov\u00a0<strong>preklapaju\u0107a konstrukcija<\/strong>\u00a0s dvoslojnom ljuskom izra\u0111enom od\u00a0<strong>PU materijal<\/strong>\u00a0i man\u017eeta napravljena od\u00a0<strong>DB Hyperlite<\/strong>\u00a0Omogu\u0107uje lak\u0161i ulazak, progresivnu fleksiju i responzivnost sa svakim okretom.<br \/>\nUnutarnja cipela\u00a0<strong>Veloce IF \u017d<\/strong>\u00a0Svojim anatomskim dizajnom i toplinskom izolacijom pru\u017ea savr\u0161eno pristajanje, potporu peti i ugodnu toplinu.<br \/>\nTehnologija\u00a0<strong>Kontura 5<\/strong>\u00a0oblikuje \u0161koljku i unutarnju cipelu prema anatomiji stopala i sprje\u010dava stvaranje pritisnih to\u010daka, dok sustav\u00a0<strong>MojFit<\/strong>\u00a0omogu\u0107uje odvojeno termi\u010dko pode\u0161avanje \u0161koljke i unutarnje cipele.<br \/>\nUnaprijed instalirano\u00a0<strong>GripWalk potplati<\/strong>\u00a0Pru\u017eaju bolje prianjanje i udobnost hodanja.<\/p>\n<hr \/>\n<p><strong>Glavne zna\u010dajke:<\/strong><\/p>\n<ul>\n<li><strong>Koncept prilago\u0111avanja Contour 5:<\/strong>\u00a0\u0160koljka i unutarnja \u010dizma s dodatnim prostorom na klju\u010dnim podru\u010djima (ris stopala, gle\u017eanj, \u0161esti prst) za anatomsko pristajanje i udobnost bez pritisnih to\u010daka.<\/li>\n<li><strong>Unutarnja cipela VELOCE IF W:<\/strong>\u00a0Anatomski oblikovana unutarnja \u010dizma s podstavom i toplinskom izolacijom za udobnost, toplinu i optimalnu potporu.<\/li>\n<li><strong>Mikro podesive i \u017eenske kop\u010de:<\/strong>\u00a0Kop\u010de s finim pode\u0161avanjem i kra\u0107im osama za lak\u0161e pri\u010dvr\u0161\u0107ivanje i ravnomjeran pritisak.<\/li>\n<li><strong>GripWalk potplati:<\/strong>\u00a0ve\u0107a udobnost hodanja i bolje prianjanje; kompatibilno s GripWalk vezovima (ISO 23223) i touring vezovima (ISO 13992).<\/li>\n<\/ul>\n<hr \/>\n<p><strong>Tehni\u010dke specifikacije:<\/strong><br \/>\nFleksibilnost: 95<br \/>\n\u0160irina (pri veli\u010dini 265 mm): 99 mm<br \/>\nMaterijal \u0161koljke: PU<br \/>\nMaterijal man\u017eete: DB Hyperlite<br \/>\nPri\u010dvr\u0161\u0107ivanje: 4 mikro podesive \u017eenske kop\u010de + Power Strap<br \/>\nRemen za napajanje: 40 mm<br \/>\nSustav prilagodbe: MyFit<br \/>\nUnutarnja cipela: VELOCE IF W<br \/>\nToplinska izolacija: Primaloft\u00ae<br \/>\nDodani umeci za pode\u0161avanje veli\u010dine<br \/>\nSpol: \u017denski<br \/>\nRazina znanja: Srednja \u2013 Napredna<br \/>\nBoja: Crna<br \/>\nVeli\u010dine (MP): 22,5 \u2013 27,5<\/p>\n<h4><strong>Tablica veli\u010dina<\/strong><\/h4>\n<table class=\"w-fit min-w-(--thread-content-width)\">\n<thead>\n<tr>\n<th>Duljina potplata (mm)<\/th>\n<th>Mondo Point<\/th>\n<th>SAD \u2013 Mu\u0161karci<\/th>\n<th>SAD \u2013 \u017dene<\/th>\n<th>EU<\/th>\n<th>Ujedinjeno Kraljevstvo<\/th>\n<\/tr>\n<\/thead>\n<tbody>\n<tr>\n<td>278<\/td>\n<td>23.5<\/td>\n<td>\u2013<\/td>\n<td>6.5<\/td>\n<td>37.5<\/td>\n<td>4.5<\/td>\n<\/tr>\n<tr>\n<td>288<\/td>\n<td>24.5<\/td>\n<td>6.5<\/td>\n<td>7.5<\/td>\n<td>39<\/td>\n<td>5.5<\/td>\n<\/tr>\n<tr>\n<td>298<\/td>\n<td>25.5<\/td>\n<td>7.5<\/td>\n<td>8.5<\/td>\n<td>40<\/td>\n<td>6.5<\/td>\n<\/tr>\n<tr>\n<td>308<\/td>\n<td>26.5<\/td>\n<td>8.5<\/td>\n<td>9.5<\/td>\n<td>41.5<\/td>\n<td>7.5<\/td>\n<\/tr>\n<tr>\n<td>318<\/td>\n<td>27.5<\/td>\n<td>9.5<\/td>\n<td>10.5<\/td>\n<td>42.5<\/td>\n<td>8.5<\/td>\n<\/tr>\n<tr>\n<td>328<\/td>\n<td>28.5<\/td>\n<td>10.5<\/td>\n<td>\u2013<\/td>\n<td>44<\/td>\n<td>9.5<\/td>\n<\/tr>\n<tr>\n<td>338<\/td>\n<td>29.5<\/td>\n<td>11.5<\/td>\n<td>\u2013<\/td>\n<td>45.5<\/td>\n<td>10.5<\/td>\n<\/tr>\n<tr>\n<td>348<\/td>\n<td>30.5<\/td>\n<td>12.5<\/td>\n<td>\u2013<\/td>\n<td>47.5<\/td>\n<td>11.5<\/td>\n<\/tr>\n<\/tbody>\n<\/table>","protected":false},"excerpt":{"rendered":"<p>Skija\u0161ke cipele Dalbello Veloce 95 MV W bobi\u010dasto\/crne<\/p>","protected":false},"featured_media":20534,"template":"","meta":{"_acf_changed":false,"inline_featured_image":false,"_monsterinsights_skip_tracking":false,"_monsterinsights_sitenote_active":false,"_monsterinsights_sitenote_note":"","_monsterinsights_sitenote_category":0},"product_brand":[1191],"product_cat":[603],"product_tag":[2165,2172,2173,2174,1199,2175],"class_list":{"0":"post-13302","1":"product","2":"type-product","3":"status-publish","4":"has-post-thumbnail","6":"product_brand-dalbello","7":"product_cat-zenski-smucarski-cevlji","8":"product_tag-dalbello","9":"product_tag-dalbello-smucarski-cevlji","10":"product_tag-dalbello-veloce-95-mv-w","11":"product_tag-veloce-95","12":"product_tag-zenske","13":"product_tag-zenski-smucarski-cevlji","14":"pa_velikost-27-27-5","16":"first","17":"instock","18":"sale","19":"taxable","20":"shipping-taxable","21":"purchasable","22":"product-type-variable"},"acf":[],"aioseo_notices":[],"_links":{"self":[{"href":"https:\/\/ritosa.click.si\/hr\/wp-json\/wp\/v2\/product\/13302","targetHints":{"allow":["GET"]}}],"collection":[{"href":"https:\/\/ritosa.click.si\/hr\/wp-json\/wp\/v2\/product"}],"about":[{"href":"https:\/\/ritosa.click.si\/hr\/wp-json\/wp\/v2\/types\/product"}],"wp:featuredmedia":[{"embeddable":true,"href":"https:\/\/ritosa.click.si\/hr\/wp-json\/wp\/v2\/media\/20534"}],"wp:attachment":[{"href":"https:\/\/ritosa.click.si\/hr\/wp-json\/wp\/v2\/media?parent=13302"}],"wp:term":[{"taxonomy":"product_brand","embeddable":true,"href":"https:\/\/ritosa.click.si\/hr\/wp-json\/wp\/v2\/product_brand?post=13302"},{"taxonomy":"product_cat","embeddable":true,"href":"https:\/\/ritosa.click.si\/hr\/wp-json\/wp\/v2\/product_cat?post=13302"},{"taxonomy":"product_tag","embeddable":true,"href":"https:\/\/ritosa.click.si\/hr\/wp-json\/wp\/v2\/product_tag?post=13302"}],"curies":[{"name":"radni list","href":"https:\/\/api.w.org\/{rel}","templated":true}]}}