{"id":13254,"date":"2024-11-18T10:35:16","date_gmt":"2024-11-18T10:35:16","guid":{"rendered":"https:\/\/ritosa.click.si\/?post_type=product&#038;p=13254"},"modified":"2026-03-07T11:22:48","modified_gmt":"2026-03-07T10:22:48","slug":"volkl-speedstick-yellow","status":"publish","type":"product","link":"https:\/\/ritosa.click.si\/hr\/ducan\/skijanje\/smucarska-oprema\/smucarske-palice\/odrasle-smucarske-palice\/volkl-speedstick-yellow\/","title":{"rendered":"V\u00f6lkl Speedstick \u017euta"},"content":{"rendered":"<p>Skija\u0161ki \u0161tapovi koji kombiniraju responzivnost i malu te\u017einu. Opremljeni su svime \u0161to je potrebno skija\u0161kom \u0161tapu - laganom i sigurnom natjecateljskom ru\u010dkom s 4 prsta i protukliznom strukturom, tankom aluminijskom cijevi 7075 s manjim natjecateljskim snje\u017enim vrhom i provjerenim \u010deli\u010dnim vrhom za izvrsno prianjanje na svim snje\u017enim povr\u0161inama. Dostupni u duljinama od 110 do 135 cm.<\/p>\n<p>Zna\u010dajke:<\/p>\n<p>\u2013 Materijal: Aluminij 7075<br \/>\n\u2013 Promjer cijevi: 18 mm<br \/>\n\u2013 Gumena ru\u010dka<br \/>\n\u2013 Udoban remen<br \/>\n\u2013 Vrhovi od volframa\/karbida<\/p>\n<p><!--StartFragment--><!--EndFragment--><\/p>","protected":false},"excerpt":{"rendered":"<p>Odrasle smu\u010darske palice V\u00f6lkl Speedstick<\/p>","protected":false},"featured_media":21021,"template":"","meta":{"_acf_changed":false,"inline_featured_image":false},"product_brand":[1190],"product_cat":[597],"product_tag":[],"class_list":{"0":"post-13254","1":"product","2":"type-product","3":"status-publish","4":"has-post-thumbnail","6":"product_brand-volkl","7":"product_cat-odrasle-smucarske-palice","8":"pa_velikost-130-4","10":"first","11":"instock","12":"sale","13":"taxable","14":"shipping-taxable","15":"purchasable","16":"product-type-variable"},"acf":[],"_links":{"self":[{"href":"https:\/\/ritosa.click.si\/hr\/wp-json\/wp\/v2\/product\/13254","targetHints":{"allow":["GET"]}}],"collection":[{"href":"https:\/\/ritosa.click.si\/hr\/wp-json\/wp\/v2\/product"}],"about":[{"href":"https:\/\/ritosa.click.si\/hr\/wp-json\/wp\/v2\/types\/product"}],"wp:featuredmedia":[{"embeddable":true,"href":"https:\/\/ritosa.click.si\/hr\/wp-json\/wp\/v2\/media\/21021"}],"wp:attachment":[{"href":"https:\/\/ritosa.click.si\/hr\/wp-json\/wp\/v2\/media?parent=13254"}],"wp:term":[{"taxonomy":"product_brand","embeddable":true,"href":"https:\/\/ritosa.click.si\/hr\/wp-json\/wp\/v2\/product_brand?post=13254"},{"taxonomy":"product_cat","embeddable":true,"href":"https:\/\/ritosa.click.si\/hr\/wp-json\/wp\/v2\/product_cat?post=13254"},{"taxonomy":"product_tag","embeddable":true,"href":"https:\/\/ritosa.click.si\/hr\/wp-json\/wp\/v2\/product_tag?post=13254"}],"curies":[{"name":"radni list","href":"https:\/\/api.w.org\/{rel}","templated":true}]}}