{"id":13185,"date":"2024-11-14T16:06:32","date_gmt":"2024-11-14T16:06:32","guid":{"rendered":"https:\/\/ritosa.click.si\/?post_type=product&#038;p=13185"},"modified":"2026-03-06T12:06:53","modified_gmt":"2026-03-06T11:06:53","slug":"volkl-flair-72-lady-vmotion-9-2025","status":"publish","type":"product","link":"https:\/\/ritosa.click.si\/hr\/ducan\/skijanje\/skije\/zenske-skije\/volkl-flair-72-lady-vmotion-9-2025\/","title":{"rendered":"V\u00f6lkl Flair 72 Lady vMotion 9 2025"},"content":{"rendered":"<div class=\"rte\">\n<p><strong>Skije V\u00f6lkl Flair 72 + vMotion 9 vezovi <\/strong>Dizajnirane su za po\u010detnike koji tra\u017ee skije prikladne za skijanje na i izvan staze. Tip Rocker profil omogu\u0107uje jednostavan prijelaz u zavoje, glatko klizanje i bolje okretanje bez gubitka kontrole. Kompozitna jezgra pru\u017ea mekanu, podatnu fleksibilnost, dok sredi\u0161nja bo\u010dna stijenka pove\u0107ava stabilnost i smanjuje te\u017einu u srednjem dijelu skije.<\/p>\n<p>vMotion vezovi pru\u017eaju udobno spajanje sa skijama i kompatibilni su s GripWalk potplatima za pove\u0107anu udobnost i otpornost na klizanje. Flair 72 idealan je za po\u010detnike koji \u017eele zapo\u010deti svoju skija\u0161ku avanturu.<\/p>\n<p><strong>Zna\u010dajke:<\/strong><\/p>\n<ul>\n<li>Veli\u010dine: 137 \u2013 144 \u2013 151 \u2013 158 \u2013 165<\/li>\n<li>Razina vje\u0161tine: Po\u010detnici<\/li>\n<li>Kategorija: All-Mountain skijanje<\/li>\n<li>Profil: Vrsta klackalice<\/li>\n<li>Jezgra: Kompozitna jezgra<\/li>\n<li>Klizna povr\u0161ina: P-Tex 2100<\/li>\n<li>Prilo\u017eene poveznice: vMotion 9<\/li>\n<\/ul>\n<\/div>","protected":false},"excerpt":{"rendered":"<p>\u017denske smu\u010di V\u00f6lkl Flair 72 Lady vMotion 9<\/p>","protected":false},"featured_media":20814,"template":"","meta":{"_acf_changed":false,"inline_featured_image":false},"product_brand":[1190],"product_cat":[567],"product_tag":[],"class_list":{"0":"post-13185","1":"product","2":"type-product","3":"status-publish","4":"has-post-thumbnail","6":"product_brand-volkl","7":"product_cat-zenske-smuci","8":"pa_velikost-2214","10":"first","11":"instock","12":"sale","13":"taxable","14":"shipping-taxable","15":"purchasable","16":"product-type-variable"},"acf":[],"_links":{"self":[{"href":"https:\/\/ritosa.click.si\/hr\/wp-json\/wp\/v2\/product\/13185","targetHints":{"allow":["GET"]}}],"collection":[{"href":"https:\/\/ritosa.click.si\/hr\/wp-json\/wp\/v2\/product"}],"about":[{"href":"https:\/\/ritosa.click.si\/hr\/wp-json\/wp\/v2\/types\/product"}],"wp:featuredmedia":[{"embeddable":true,"href":"https:\/\/ritosa.click.si\/hr\/wp-json\/wp\/v2\/media\/20814"}],"wp:attachment":[{"href":"https:\/\/ritosa.click.si\/hr\/wp-json\/wp\/v2\/media?parent=13185"}],"wp:term":[{"taxonomy":"product_brand","embeddable":true,"href":"https:\/\/ritosa.click.si\/hr\/wp-json\/wp\/v2\/product_brand?post=13185"},{"taxonomy":"product_cat","embeddable":true,"href":"https:\/\/ritosa.click.si\/hr\/wp-json\/wp\/v2\/product_cat?post=13185"},{"taxonomy":"product_tag","embeddable":true,"href":"https:\/\/ritosa.click.si\/hr\/wp-json\/wp\/v2\/product_tag?post=13185"}],"curies":[{"name":"radni list","href":"https:\/\/api.w.org\/{rel}","templated":true}]}}