{"id":13180,"date":"2024-11-14T15:52:21","date_gmt":"2024-11-14T15:52:21","guid":{"rendered":"https:\/\/ritosa.click.si\/?post_type=product&#038;p=13180"},"modified":"2026-03-06T13:18:08","modified_gmt":"2026-03-06T12:18:08","slug":"volkl-flair-jr-lady-vmotion-7-0-130-150-2025","status":"publish","type":"product","link":"https:\/\/ritosa.click.si\/hr\/ducan\/skijanje\/skije\/djecje-skije\/volkl-flair-jr-lady-vmotion-7-0-130-150-2025\/","title":{"rendered":"V\u00f6lkl Shine Jr (130-150) 2026"},"content":{"rendered":"<p><!--StartFragment--><\/p>\n<p><!--StartFragment--><!--EndFragment--><\/p>\n<p>V\u00f6lkl Shine JR so popolne otro\u0161ke smu\u010di za mlade smu\u010darke, ki \u017eelijo hitro, varno in zabavno napredovati na snegu. Zahvaljujo\u010d posebej prilagojeni obliki in mehkej\u0161i upogibnosti so te smu\u010di zasnovane tako, da mladim smu\u010darkam omogo\u010dajo enostavno u\u010denje zavojev, izbolj\u0161anje ravnote\u017eja in samozavesten nadzor.<\/p>\n<p>Tip Rocker profil omogo\u010da lahek vstop v zavoj in ve\u010djo stabilnost, medtem ko mehko kompozitno jedro (Composite Core) zagotavlja odli\u010dno pro\u017enost in odpustnost napak \u2013 idealno za lahkotne za\u010detnice in mlade rekreativne smu\u010darke. Drsna ploskev z obdelavo\u00a0<em>Serial Finish<\/em>\u00a0je tovarni\u0161ko pripravljena za takoj\u0161njo uporabo, kar pomeni gladko drsenje in popolno vodljivost \u017ee od prve vo\u017enje.<\/p>\n<p>Smu\u010dke Shine JR so opremljene z vMotion Junior vezmi, ki so popolnoma zdru\u017eljive s \u010devlji GripWalk JR, kar zagotavlja udobno hojo in varno prileganje.<\/p>\n<p><strong>Klju\u010dne zna\u010dajke:<\/strong><\/p>\n<ul>\n<li>Otro\u0161ke smu\u010di za prve korake na snegu in hitro u\u010denje<\/li>\n<li>Tip Rocker \u2013 lahek vstop v zavoj in ve\u010dja stabilnost<\/li>\n<li>Composite Core \u2013 mehko, lahko in pro\u017eno jedro za enostavno vodljivost<\/li>\n<li>Serial Finish \u2013 tovarni\u0161ko pripravljena drsna ploskev za takoj\u0161nje u\u017eivanje<\/li>\n<li>vMotion JR vezi \u2013 udobne in kompatibilne s GripWalk JR \u010devlji<\/li>\n<li>Zasnova, prilagojena otro\u0161kim proporcem in te\u017ei<\/li>\n<\/ul>\n<h4>Tehni\u010dke specifikacije<\/h4>\n<table class=\"w-fit min-w-(--thread-content-width)\">\n<thead>\n<tr>\n<th><strong>Dol\u017eina (cm)<\/strong><\/th>\n<th><strong>Geometrija (mm)<\/strong><\/th>\n<th><strong>Radijus (m)<\/strong><\/th>\n<th><strong>Te\u017ea (g)<\/strong><\/th>\n<\/tr>\n<\/thead>\n<tbody>\n<tr>\n<td>130<\/td>\n<td>109 \u2013 69 \u2013 88<\/td>\n<td>11.2<\/td>\n<td>1640<\/td>\n<\/tr>\n<tr>\n<td>140<\/td>\n<td>109 \u2013 69 \u2013 88<\/td>\n<td>13.3<\/td>\n<td>1750<\/td>\n<\/tr>\n<tr>\n<td>150<\/td>\n<td>109 \u2013 69 \u2013 88<\/td>\n<td>15.6<\/td>\n<td>1850<\/td>\n<\/tr>\n<\/tbody>\n<\/table>\n<p><!--EndFragment--><\/p>\n<p><!--StartFragment--><!--EndFragment--><!--StartFragment--><!--EndFragment--><!--StartFragment--><!--EndFragment--><\/p>","protected":false},"excerpt":{"rendered":"<div class=\"flex max-w-full flex-col flex-grow\">\n<div class=\"min-h-8 text-message flex w-full flex-col items-end gap-2 whitespace-normal break-words [.text-message+&amp;]:mt-5\">\n<div class=\"flex w-full flex-col gap-1 empty:hidden first:pt-[3px]\">\n<div class=\"markdown prose w-full break-words dark:prose-invert light\">\n<p>Otro\u0161ke smu\u010di\u00a0Shine Jr + vezi 7.0 vMotion Jr<\/p>\n<p>V\u00f6lkl Shine JR so popolne otro\u0161ke smu\u010di za mlade smu\u010darke, ki \u017eelijo hitro, varno in zabavno napredovati na snegu.<\/p>\n<\/div>\n<\/div>\n<\/div>\n<\/div>\n<div class=\"mb-2 flex gap-3 empty:hidden -ml-2\">\n<div class=\"items-center justify-start rounded-xl p-1 flex\">\n<div class=\"flex items-center\"><\/div>\n<\/div>\n<\/div>\n","protected":false},"featured_media":20845,"template":"","meta":{"_acf_changed":false,"inline_featured_image":false},"product_brand":[1190],"product_cat":[592],"product_tag":[],"class_list":{"0":"post-13180","1":"product","2":"type-product","3":"status-publish","4":"has-post-thumbnail","6":"product_brand-volkl","7":"product_cat-otroske-smuci","8":"pa_velikost-719","9":"pa_velikost-150-2","11":"first","12":"instock","13":"sale","14":"taxable","15":"shipping-taxable","16":"purchasable","17":"product-type-variable"},"acf":[],"_links":{"self":[{"href":"https:\/\/ritosa.click.si\/hr\/wp-json\/wp\/v2\/product\/13180","targetHints":{"allow":["GET"]}}],"collection":[{"href":"https:\/\/ritosa.click.si\/hr\/wp-json\/wp\/v2\/product"}],"about":[{"href":"https:\/\/ritosa.click.si\/hr\/wp-json\/wp\/v2\/types\/product"}],"wp:featuredmedia":[{"embeddable":true,"href":"https:\/\/ritosa.click.si\/hr\/wp-json\/wp\/v2\/media\/20845"}],"wp:attachment":[{"href":"https:\/\/ritosa.click.si\/hr\/wp-json\/wp\/v2\/media?parent=13180"}],"wp:term":[{"taxonomy":"product_brand","embeddable":true,"href":"https:\/\/ritosa.click.si\/hr\/wp-json\/wp\/v2\/product_brand?post=13180"},{"taxonomy":"product_cat","embeddable":true,"href":"https:\/\/ritosa.click.si\/hr\/wp-json\/wp\/v2\/product_cat?post=13180"},{"taxonomy":"product_tag","embeddable":true,"href":"https:\/\/ritosa.click.si\/hr\/wp-json\/wp\/v2\/product_tag?post=13180"}],"curies":[{"name":"radni list","href":"https:\/\/api.w.org\/{rel}","templated":true}]}}