{"id":13174,"date":"2024-11-14T15:45:13","date_gmt":"2024-11-14T15:45:13","guid":{"rendered":"https:\/\/ritosa.click.si\/?post_type=product&#038;p=13174"},"modified":"2026-03-06T13:19:37","modified_gmt":"2026-03-06T12:19:37","slug":"volkl-flair-jr-lady-vmotion-4-5-100-120-2025","status":"publish","type":"product","link":"https:\/\/ritosa.click.si\/hr\/ducan\/skijanje\/skije\/djecje-skije\/volkl-flair-jr-lady-vmotion-4-5-100-120-2025\/","title":{"rendered":"V\u00f6lkl Flair JR Lady vMotion 4.5 (100 \u2013 120) 2025"},"content":{"rendered":"<p>Dje\u010dje skije <strong>V\u00f6lkl Flair Jr + vezovi vMotion 4.5 JR 2025<\/strong> Izvrstan su izbor za mlade skija\u0161e koji tek po\u010dinju skijati ili su ve\u0107 savladali osnovne tehnike. Ove skije dizajnirane su za jednostavnu kontrolu zavoja i pru\u017eaju stabilnost, omogu\u0107uju\u0107i brz napredak bez previ\u0161e napora.<\/p>\n<p><strong>Karakteristike skija:<\/strong><\/p>\n<ul>\n<li><strong>Vrsta profila klackalice:<\/strong> Podignut vrh skije omogu\u0107uje lak\u0161i ulazak u zavoj, \u0161to je savr\u0161eno za manje iskusne skija\u0161e. Rocker profil pobolj\u0161ava plovnost i omogu\u0107uje ve\u0107u kontrolu \u010dak i na mek\u0161em terenu.<\/li>\n<li><strong>Drvena jezgra Kompozitna jezgra:<\/strong> Kombinacija lagane i izdr\u017eljive drvene jezgre i PU materijala pru\u017ea fleksibilnost koja omogu\u0107uje glatku vo\u017enju uz manje napora.<\/li>\n<li><strong>Konstrukcija punog poklopca:<\/strong> Gornji sloj obuhva\u0107a cijelu jezgru skije, pove\u0107avaju\u0107i izdr\u017eljivost i otpornost na o\u0161te\u0107enja.<\/li>\n<li><strong>Jednostavno sastavljanje vezova:<\/strong> vMotion 4.5 JR sustav omogu\u0107uje fleksibilnu i brzu ugradnju vezova ovisno o veli\u010dini skija\u0161kih cipela, \u0161to zna\u010di da ih dijete mo\u017ee koristiti dulje vrijeme \u010dak i kako raste.<\/li>\n<\/ul>","protected":false},"excerpt":{"rendered":"<p>Dje\u010dje skije V\u00f6lkl Flair JR Lady vMotion 4.5 (100 \u2013 120) 2025 dizajnirane su posebno za mlade po\u010detnike i skija\u0161e srednjeg nivoa koji tra\u017ee stabilne i upravljive skije za pobolj\u0161anje svojih skija\u0161kih vje\u0161tina.<\/p>","protected":false},"featured_media":20837,"template":"","meta":{"_acf_changed":false,"inline_featured_image":false,"_monsterinsights_skip_tracking":false,"_monsterinsights_sitenote_active":false,"_monsterinsights_sitenote_note":"","_monsterinsights_sitenote_category":0},"product_brand":[1190],"product_cat":[592],"product_tag":[1198],"class_list":{"0":"post-13174","1":"product","2":"type-product","3":"status-publish","4":"has-post-thumbnail","6":"product_brand-volkl","7":"product_cat-otroske-smuci","8":"product_tag-otroci","9":"pa_velikost-1050","10":"pa_velikost-120-2","12":"first","13":"instock","14":"sale","15":"taxable","16":"shipping-taxable","17":"purchasable","18":"product-type-variable"},"acf":[],"aioseo_notices":[],"_links":{"self":[{"href":"https:\/\/ritosa.click.si\/hr\/wp-json\/wp\/v2\/product\/13174","targetHints":{"allow":["GET"]}}],"collection":[{"href":"https:\/\/ritosa.click.si\/hr\/wp-json\/wp\/v2\/product"}],"about":[{"href":"https:\/\/ritosa.click.si\/hr\/wp-json\/wp\/v2\/types\/product"}],"wp:featuredmedia":[{"embeddable":true,"href":"https:\/\/ritosa.click.si\/hr\/wp-json\/wp\/v2\/media\/20837"}],"wp:attachment":[{"href":"https:\/\/ritosa.click.si\/hr\/wp-json\/wp\/v2\/media?parent=13174"}],"wp:term":[{"taxonomy":"product_brand","embeddable":true,"href":"https:\/\/ritosa.click.si\/hr\/wp-json\/wp\/v2\/product_brand?post=13174"},{"taxonomy":"product_cat","embeddable":true,"href":"https:\/\/ritosa.click.si\/hr\/wp-json\/wp\/v2\/product_cat?post=13174"},{"taxonomy":"product_tag","embeddable":true,"href":"https:\/\/ritosa.click.si\/hr\/wp-json\/wp\/v2\/product_tag?post=13174"}],"curies":[{"name":"radni list","href":"https:\/\/api.w.org\/{rel}","templated":true}]}}