{"id":13169,"date":"2024-11-14T15:26:24","date_gmt":"2024-11-14T15:26:24","guid":{"rendered":"https:\/\/ritosa.click.si\/?post_type=product&#038;p=13169"},"modified":"2026-03-06T13:08:26","modified_gmt":"2026-03-06T12:08:26","slug":"volkl-racetiger-jr-vmotion-4-5-100-120-2025","status":"publish","type":"product","link":"https:\/\/ritosa.click.si\/hr\/ducan\/skijanje\/skije\/djecje-skije\/volkl-racetiger-jr-vmotion-4-5-100-120-2025\/","title":{"rendered":"V\u00f6lkl Racetiger JR vMotion 4.5 (120) 2025"},"content":{"rendered":"<p>Dje\u010dje skije V\u00f6lkl Racetiger JR Yellow savr\u0161ene su za mlade po\u010detnike koji su ve\u0107 savladali osnove skijanja, kao i za one koji bi se kasnije mo\u017eda htjeli baviti natjecateljskim skijanjem. Izra\u017een bo\u010dni luk omogu\u0107uje lako izvo\u0111enje brzih i kratkih zavoja, \u0161to skijanje \u010dini jo\u0161 zabavnijim. S Tip Rocker profilom i drvenom jezgrom, ove skije pru\u017eaju mekanu vo\u017enju i br\u017ei napredak.<\/p>\n<p>vMotion sustav olak\u0161ava pode\u0161avanje vezova veli\u010dini dje\u010djih skija\u0161kih cipela, jer vezovi jednostavno klize po vodilicama. Prednost ovog sustava je \u0161to eliminira potrebu za dodatnim bu\u0161enjem u skije kada djetetovo stopalo naraste i treba mu ve\u0107e cipele.<\/p>\n<p><strong>Linkovi:<\/strong> Marker vMotion Junior 4.5 GripWalk<\/p>\n<p><strong>Bo\u010dni luk:<\/strong> 100 \u2013 68 \u2013 82<\/p>\n<p><strong>Radijus okretanja:<\/strong> 8,3 m (100 cm), 10,4 m (110 cm), 12,7 m (120 cm)<\/p>\n<p><strong>Zna\u010dajke:<\/strong><\/p>\n<ul>\n<li><strong>Razina znanja:<\/strong> Po\u010detnici i mladi skija\u0161i srednjeg nivoa<\/li>\n<li><strong>Kompozitna jezgra:<\/strong> Lagana, izdr\u017eljiva i fleksibilna sinteti\u010dka PU jezgra omogu\u0107uje jednostavno namatanje bez pretjeranog napora<\/li>\n<li><strong>Konstrukcija punog poklopca:<\/strong> Izdr\u017eljivi gornji sloj koji potpuno obuhva\u0107a jezgru skije<\/li>\n<li><strong>Vrsta profila klackalice:<\/strong> Podignut prednji dio skije omogu\u0107uje lak\u0161i ulazak u zavoj, bolje plovnost i lak\u0161e svladavanje manjih neravnina.<\/li>\n<li><strong>Jednostavno sastavljanje vezova i pode\u0161avanje skija\u0161kih cipela<\/strong><\/li>\n<li><strong>SKP V2 klizna povr\u0161ina<\/strong><\/li>\n<li><strong>Te\u017eina:<\/strong> Pletivo od 1390 g (110 cm), 1540 g (120 cm)<\/li>\n<li><strong>Prilo\u017eene poveznice:<\/strong> Marker vMotion Junior 4.5 (GripWalk)<\/li>\n<\/ul>\n<p>Ove skije \u0107e djeci omogu\u0107iti siguran, brz napredak i bolju kontrolu terena.<\/p>","protected":false},"excerpt":{"rendered":"<p>Dje\u010dje skije V\u00f6lkl Racetiger JR Yellow<\/p>","protected":false},"featured_media":20848,"template":"","meta":{"_acf_changed":false,"inline_featured_image":false,"_monsterinsights_skip_tracking":false,"_monsterinsights_sitenote_active":false,"_monsterinsights_sitenote_note":"","_monsterinsights_sitenote_category":0},"product_brand":[1190],"product_cat":[592],"product_tag":[1198],"class_list":{"0":"post-13169","1":"product","2":"type-product","3":"status-publish","4":"has-post-thumbnail","6":"product_brand-volkl","7":"product_cat-otroske-smuci","8":"product_tag-otroci","9":"pa_velikost-120-2","11":"first","12":"instock","13":"sale","14":"taxable","15":"shipping-taxable","16":"purchasable","17":"product-type-variable"},"acf":[],"aioseo_notices":[],"_links":{"self":[{"href":"https:\/\/ritosa.click.si\/hr\/wp-json\/wp\/v2\/product\/13169","targetHints":{"allow":["GET"]}}],"collection":[{"href":"https:\/\/ritosa.click.si\/hr\/wp-json\/wp\/v2\/product"}],"about":[{"href":"https:\/\/ritosa.click.si\/hr\/wp-json\/wp\/v2\/types\/product"}],"wp:featuredmedia":[{"embeddable":true,"href":"https:\/\/ritosa.click.si\/hr\/wp-json\/wp\/v2\/media\/20848"}],"wp:attachment":[{"href":"https:\/\/ritosa.click.si\/hr\/wp-json\/wp\/v2\/media?parent=13169"}],"wp:term":[{"taxonomy":"product_brand","embeddable":true,"href":"https:\/\/ritosa.click.si\/hr\/wp-json\/wp\/v2\/product_brand?post=13169"},{"taxonomy":"product_cat","embeddable":true,"href":"https:\/\/ritosa.click.si\/hr\/wp-json\/wp\/v2\/product_cat?post=13169"},{"taxonomy":"product_tag","embeddable":true,"href":"https:\/\/ritosa.click.si\/hr\/wp-json\/wp\/v2\/product_tag?post=13169"}],"curies":[{"name":"radni list","href":"https:\/\/api.w.org\/{rel}","templated":true}]}}