{"id":13146,"date":"2024-11-14T13:01:00","date_gmt":"2024-11-14T13:01:00","guid":{"rendered":"https:\/\/ritosa.click.si\/?post_type=product&#038;p=13146"},"modified":"2025-09-05T09:55:56","modified_gmt":"2025-09-05T07:55:56","slug":"nastavljiva-nogica-alu-otroska-20-24","status":"publish","type":"product","link":"https:\/\/ritosa.click.si\/hr\/ducan\/biciklizam\/oprema-za-biciklizam\/dodatna-oprema-in-rezervni-deli\/nogice-stojalo-za-kolesa\/nastavljiva-nogica-alu-otroska-20-24\/","title":{"rendered":"Podesiva aluminijska noga \u2013 dje\u010dja 20\u00a8-24\u00a8"},"content":{"rendered":"<p id=\"tw-target-text\" class=\"tw-data-text tw-text-large tw-ta\" dir=\"ltr\" style=\"text-align: left\"><span class=\"Y2IQFc\" lang=\"sl\" xml:lang=\"sl\">Iznimno lagani ACID stoje\u0107i stalak FM ROOKIE EASY M savr\u0161eno pristaje na sve CUBE dje\u010dje bicikle s ravnim su\u010deljem za monta\u017eu. Veli\u010dina M idealna je za bicikle s kota\u010dima od 20\u2033 do 24\u2033. S ve\u0107im radijusom i mekim rubovima, dizajniran je kako bi odgovarao izgledu CUBE dje\u010djih bicikala. Duljina se mo\u017ee podesiti bez alata.<\/span><\/p>\n<p class=\"tw-data-text tw-text-large tw-ta\" dir=\"ltr\" style=\"text-align: left\"><span class=\"Y2IQFc\" lang=\"sl\" xml:lang=\"sl\">Zna\u010dajke: <\/span><\/p>\n<ul>\n<li data-start=\"442\" data-end=\"495\">Pogodno za sve CUBE bicikle s ravnim nosa\u010dem<\/li>\n<li data-start=\"498\" data-end=\"527\">Za veli\u010dine kota\u010da 20&quot; i 24&quot;<\/li>\n<li data-start=\"530\" data-end=\"543\">Lagani dizajn<\/li>\n<li data-start=\"546\" data-end=\"585\">Podesiva duljina bez upotrebe alata<\/li>\n<li data-start=\"588\" data-end=\"605\"><strong data-start=\"588\" data-end=\"597\">Te\u017eina:<\/strong> 145 g<\/li>\n<li data-start=\"608\" data-end=\"652\"><strong data-start=\"608\" data-end=\"621\">Veli\u010dina:<\/strong> Za dje\u010dje bicikle od 20&quot; i 24&quot;<\/li>\n<li data-start=\"655\" data-end=\"689\"><strong data-start=\"655\" data-end=\"668\">Materijal:<\/strong> Aluminij, plastika<\/li>\n<li data-start=\"692\" data-end=\"723\"><strong data-start=\"692\" data-end=\"717\">Maksimalno optere\u0107enje:<\/strong> 25 kg<\/li>\n<\/ul>","protected":false},"excerpt":{"rendered":"<p>Veli\u010dina M: 20\u00a8- 24\u00a8<\/p>","protected":false},"featured_media":19296,"template":"","meta":{"_acf_changed":false,"inline_featured_image":false},"product_brand":[1192],"product_cat":[565],"product_tag":[1198],"class_list":{"0":"post-13146","1":"product","2":"type-product","3":"status-publish","4":"has-post-thumbnail","6":"product_brand-cube","7":"product_cat-nogice-stojalo-za-kolesa","8":"product_tag-otroci","10":"first","11":"instock","12":"taxable","13":"shipping-taxable","14":"purchasable","15":"product-type-simple"},"acf":[],"_links":{"self":[{"href":"https:\/\/ritosa.click.si\/hr\/wp-json\/wp\/v2\/product\/13146","targetHints":{"allow":["GET"]}}],"collection":[{"href":"https:\/\/ritosa.click.si\/hr\/wp-json\/wp\/v2\/product"}],"about":[{"href":"https:\/\/ritosa.click.si\/hr\/wp-json\/wp\/v2\/types\/product"}],"wp:featuredmedia":[{"embeddable":true,"href":"https:\/\/ritosa.click.si\/hr\/wp-json\/wp\/v2\/media\/19296"}],"wp:attachment":[{"href":"https:\/\/ritosa.click.si\/hr\/wp-json\/wp\/v2\/media?parent=13146"}],"wp:term":[{"taxonomy":"product_brand","embeddable":true,"href":"https:\/\/ritosa.click.si\/hr\/wp-json\/wp\/v2\/product_brand?post=13146"},{"taxonomy":"product_cat","embeddable":true,"href":"https:\/\/ritosa.click.si\/hr\/wp-json\/wp\/v2\/product_cat?post=13146"},{"taxonomy":"product_tag","embeddable":true,"href":"https:\/\/ritosa.click.si\/hr\/wp-json\/wp\/v2\/product_tag?post=13146"}],"curies":[{"name":"radni list","href":"https:\/\/api.w.org\/{rel}","templated":true}]}}