{"id":13088,"date":"2024-10-10T16:29:34","date_gmt":"2024-10-10T16:29:34","guid":{"rendered":"https:\/\/ritosa.click.si\/?post_type=product&#038;p=13088"},"modified":"2025-09-16T17:31:01","modified_gmt":"2025-09-16T15:31:01","slug":"kryptonite-avenue-r-75","status":"publish","type":"product","link":"https:\/\/ritosa.click.si\/hr\/ducan\/biciklizam\/oprema-za-biciklizam\/dodatna-oprema-in-rezervni-deli\/luci-zarometi\/kryptonite-avenue-r-75\/","title":{"rendered":"Svjetlo KRYPTONITE AVENUE R-75"},"content":{"rendered":"<div class=\"tab-content\">\n<div id=\"tab6\" class=\"tab-pane active\">\n<div class=\"podrobno_podrobniopis\">\n<p>STRA\u017dNJE BICIKLISTI\u010cKO SVJETLO KRYPTONITE AVENUE R-75<\/p>\n<ul>\n<li>USB PUNJENJE \u2014 Nisu potrebne baterije<\/li>\n<li>Vrijeme rada do 10 SATI I 15 MIN<\/li>\n<li>Bo\u010dna svjetla omogu\u0107uju biciklistu da bude uo\u010den dok vozi u prometnim trakama<\/li>\n<li>Lampica memorijske funkcije \u0107e svijetliti u zadnjem na\u010dinu rada u kojem je bila isklju\u010dena.<\/li>\n<li>Funkcija u\u0161tede energije \u2013 10 % snage ili manje, svjetla se automatski prebacuju na najni\u017ei broj lumena<\/li>\n<li>Ugra\u0111eni indikator baterije \u2013 crveno osvjetljenje = manje od 25 %, zeleno = potpuno napunjeno<\/li>\n<\/ul>\n<\/div>\n<\/div>\n<\/div>","protected":false},"excerpt":{"rendered":"<p>Stra\u017enje svjetlo KRYPTONITE R-75<\/p>","protected":false},"featured_media":13089,"template":"","meta":{"_acf_changed":false,"inline_featured_image":false,"_monsterinsights_skip_tracking":false,"_monsterinsights_sitenote_active":false,"_monsterinsights_sitenote_note":"","_monsterinsights_sitenote_category":0},"product_brand":[1519],"product_cat":[534],"product_tag":[1524,1525,1523,1522],"class_list":{"0":"post-13088","1":"product","2":"type-product","3":"status-publish","4":"has-post-thumbnail","6":"product_brand-kryptonite","7":"product_cat-luci-zarometi","8":"product_tag-avenue-r-75","9":"product_tag-kryptonite","10":"product_tag-kryptonite-avenue-r-75","11":"product_tag-luci-za-kolo-luci-kryptonite","13":"first","14":"instock","15":"sale","16":"taxable","17":"shipping-taxable","18":"purchasable","19":"product-type-simple"},"acf":[],"aioseo_notices":[],"_links":{"self":[{"href":"https:\/\/ritosa.click.si\/hr\/wp-json\/wp\/v2\/product\/13088","targetHints":{"allow":["GET"]}}],"collection":[{"href":"https:\/\/ritosa.click.si\/hr\/wp-json\/wp\/v2\/product"}],"about":[{"href":"https:\/\/ritosa.click.si\/hr\/wp-json\/wp\/v2\/types\/product"}],"wp:featuredmedia":[{"embeddable":true,"href":"https:\/\/ritosa.click.si\/hr\/wp-json\/wp\/v2\/media\/13089"}],"wp:attachment":[{"href":"https:\/\/ritosa.click.si\/hr\/wp-json\/wp\/v2\/media?parent=13088"}],"wp:term":[{"taxonomy":"product_brand","embeddable":true,"href":"https:\/\/ritosa.click.si\/hr\/wp-json\/wp\/v2\/product_brand?post=13088"},{"taxonomy":"product_cat","embeddable":true,"href":"https:\/\/ritosa.click.si\/hr\/wp-json\/wp\/v2\/product_cat?post=13088"},{"taxonomy":"product_tag","embeddable":true,"href":"https:\/\/ritosa.click.si\/hr\/wp-json\/wp\/v2\/product_tag?post=13088"}],"curies":[{"name":"radni list","href":"https:\/\/api.w.org\/{rel}","templated":true}]}}