{"id":13082,"date":"2024-10-10T16:21:27","date_gmt":"2024-10-10T16:21:27","guid":{"rendered":"https:\/\/ritosa.click.si\/?post_type=product&#038;p=13082"},"modified":"2025-09-19T10:31:53","modified_gmt":"2025-09-19T08:31:53","slug":"kryptonite-street-f-500","status":"publish","type":"product","link":"https:\/\/ritosa.click.si\/hr\/ducan\/biciklizam\/oprema-za-biciklizam\/dodatna-oprema-in-rezervni-deli\/luci-zarometi\/kryptonite-street-f-500\/","title":{"rendered":"KRYPTONITE STREET F-300 svjetlo"},"content":{"rendered":"<div class=\"mainfull w1\">\n<div class=\"innerbox\">\n<div class=\"row\">\n<div class=\"mainright\">\n<div class=\"innerbox\">\n<div class=\"row\">\n<div class=\"shop_main\">\n<div id=\"mainajax\" class=\"innerbox\">\n<div class=\"zavihki\">\n<div class=\"tab-content\">\n<div id=\"tab6\" class=\"tab-pane active\" role=\"tabpanel\">\n<div class=\"podrobno_podrobniopis\">\n<p>Svjetlo za bicikl <strong>KRIPTONITSKA ULICA F-300<\/strong>\u00a0prikladno je za sve koji voze bicikl no\u0107u i \u017eele vidjeti i biti vi\u0111eni. Puni se putem USB-a, s indikatorom baterije. Svjetlosni tok 300 lm.<\/p>\n<h3>ZNA\u010cAJKE<\/h3>\n<ul>\n<li>Prednji na\u010dini rada uklju\u010duju:\n<ul>\n<li>VISOKA svjetlina 300 lm,<\/li>\n<li>SREDNJA svjetlina 150 lm,<\/li>\n<li>NISKA svjetlina 60 lm,<\/li>\n<li>DNEVNO treptanje 300 lm,<\/li>\n<li>NO\u0106NO bljeskanje 60\/170 lm i<\/li>\n<li>ECO treptanje 60 lm.<\/li>\n<\/ul>\n<\/li>\n<li>Punjenje putem USB-a.<\/li>\n<li>Vrijeme rada do 24 sata.<\/li>\n<li>Funkcija memorije: svjetlo \u0107e se upaliti u posljednjem na\u010dinu rada kada je bilo isklju\u010deno.<\/li>\n<li>Funkcija u\u0161tede energije: 10 % snage ili manje, svjetla se automatski prebacuju na najni\u017ei lumen.<\/li>\n<li>Jednostavna instalacija.<\/li>\n<li>Ugra\u0111eni indikatori baterije; crveno osvjetljenje = manje od 25 %, \u017euto = 50 % \u2013 25 %, zeleno = potpuno napunjeno.<\/li>\n<\/ul>\n<\/div>\n<\/div>\n<\/div>\n<\/div>\n<\/div>\n<\/div>\n<\/div>\n<\/div>\n<\/div>\n<\/div>\n<\/div>\n<\/div>","protected":false},"excerpt":{"rendered":"<p>Prednje svjetlo KRYPTONITE STREET F-300<\/p>","protected":false},"featured_media":13083,"template":"","meta":{"_acf_changed":false,"inline_featured_image":false,"_monsterinsights_skip_tracking":false,"_monsterinsights_sitenote_active":false,"_monsterinsights_sitenote_note":"","_monsterinsights_sitenote_category":0},"product_brand":[1519],"product_cat":[534],"product_tag":[1565,1539,1566,1537,1562],"class_list":{"0":"post-13082","1":"product","2":"type-product","3":"status-publish","4":"has-post-thumbnail","6":"product_brand-kryptonite","7":"product_cat-luci-zarometi","8":"product_tag-kryptonite-street-f-300","9":"product_tag-luc","10":"product_tag-luc-kryptonite","11":"product_tag-luc-za-kolo","12":"product_tag-sprednja-luc-za-kolo","14":"first","15":"instock","16":"taxable","17":"shipping-taxable","18":"purchasable","19":"product-type-simple"},"acf":[],"aioseo_notices":[],"_links":{"self":[{"href":"https:\/\/ritosa.click.si\/hr\/wp-json\/wp\/v2\/product\/13082","targetHints":{"allow":["GET"]}}],"collection":[{"href":"https:\/\/ritosa.click.si\/hr\/wp-json\/wp\/v2\/product"}],"about":[{"href":"https:\/\/ritosa.click.si\/hr\/wp-json\/wp\/v2\/types\/product"}],"wp:featuredmedia":[{"embeddable":true,"href":"https:\/\/ritosa.click.si\/hr\/wp-json\/wp\/v2\/media\/13083"}],"wp:attachment":[{"href":"https:\/\/ritosa.click.si\/hr\/wp-json\/wp\/v2\/media?parent=13082"}],"wp:term":[{"taxonomy":"product_brand","embeddable":true,"href":"https:\/\/ritosa.click.si\/hr\/wp-json\/wp\/v2\/product_brand?post=13082"},{"taxonomy":"product_cat","embeddable":true,"href":"https:\/\/ritosa.click.si\/hr\/wp-json\/wp\/v2\/product_cat?post=13082"},{"taxonomy":"product_tag","embeddable":true,"href":"https:\/\/ritosa.click.si\/hr\/wp-json\/wp\/v2\/product_tag?post=13082"}],"curies":[{"name":"radni list","href":"https:\/\/api.w.org\/{rel}","templated":true}]}}