{"id":13080,"date":"2024-10-10T16:16:15","date_gmt":"2024-10-10T16:16:15","guid":{"rendered":"https:\/\/ritosa.click.si\/?post_type=product&#038;p=13080"},"modified":"2025-06-23T15:21:02","modified_gmt":"2025-06-23T13:21:02","slug":"kryptonite-set-street-f-150-avenue-r-30","status":"publish","type":"product","link":"https:\/\/ritosa.click.si\/hr\/ducan\/biciklizam\/oprema-za-biciklizam\/dodatna-oprema-in-rezervni-deli\/luci-zarometi\/kryptonite-set-street-f-150-avenue-r-30\/","title":{"rendered":"Kryptonite SET ULICA F-150 + AVENIJA R-30"},"content":{"rendered":"<ul>\n<li>Prednji na\u010dini rada uklju\u010duju VISOKU svjetlinu 150 lm, SREDNJU svjetlinu 75 lm, NIZKU svjetlinu 30 lm, DNEVNU svjetlinu 150 lm, NO\u0106NU svjetlinu 30\/60 lm i ECO svjetlinu 30 lm.<\/li>\n<li>Posljednji na\u010dini rada uklju\u010duju VISOKU svjetlinu 30 lm, NIZKU svjetlinu 10 lm, DNEVNU svjetlinu 30 lm, NO\u0106NU svjetlinu 5\/15 lm i ECO svjetlinu 5 lm.<\/li>\n<li>Punjenje putem USB-a.<\/li>\n<li>Radno vrijeme do 24 sata (ulica F-150) i 7,5 sati (avenija R-30)<\/li>\n<li>Funkcija memorije: svjetlo \u0107e se upaliti u posljednjem na\u010dinu rada kada je bilo isklju\u010deno<\/li>\n<li>Funkcija u\u0161tede energije: 10 % snage ili manje, svjetla se automatski prebacuju na najni\u017ei lumen<\/li>\n<li>Vi\u0161estruke mogu\u0107nosti monta\u017ee: vertikalne ili horizontalne mogu\u0107nosti monta\u017ee, kao i kop\u010da za pri\u010dvr\u0161\u0107ivanje na torbe ili remene.<\/li>\n<li>Ugra\u0111eni indikatori baterije<\/li>\n<li>Ulica F-150 \u2013 Crveno osvjetljenje = manje od 25%, \u017duto = 50% \u2013 25%, Zeleno = potpuno napunjeno<\/li>\n<li>Avenija R-30 - Crveno osvjetljenje = manje od 25 %, zeleno = potpuno napunjeno<\/li>\n<\/ul>","protected":false},"excerpt":{"rendered":"<p>Set sna\u017enih biciklisti\u010dkih svjetala Kryptonite STREET F-150 + AVENUE R-30 prikladan je za sve koji voze bicikl no\u0107u i \u017eele vidjeti i biti vi\u0111eni. Puni se putem USB-a, s indikatorom baterije i bo\u010dnim svjetlosnim rubom za ve\u0107u bo\u010dnu vidljivost. Svjetlosni tok 150 lm sprijeda i 30 lm straga.<\/p>","protected":false},"featured_media":13081,"template":"","meta":{"_acf_changed":false,"inline_featured_image":false,"_monsterinsights_skip_tracking":false,"_monsterinsights_sitenote_active":false,"_monsterinsights_sitenote_note":"","_monsterinsights_sitenote_category":0},"product_brand":[],"product_cat":[534],"product_tag":[],"class_list":{"0":"post-13080","1":"product","2":"type-product","3":"status-publish","4":"has-post-thumbnail","6":"product_cat-luci-zarometi","8":"first","9":"instock","10":"sale","11":"taxable","12":"shipping-taxable","13":"purchasable","14":"product-type-simple"},"acf":[],"aioseo_notices":[],"_links":{"self":[{"href":"https:\/\/ritosa.click.si\/hr\/wp-json\/wp\/v2\/product\/13080","targetHints":{"allow":["GET"]}}],"collection":[{"href":"https:\/\/ritosa.click.si\/hr\/wp-json\/wp\/v2\/product"}],"about":[{"href":"https:\/\/ritosa.click.si\/hr\/wp-json\/wp\/v2\/types\/product"}],"wp:featuredmedia":[{"embeddable":true,"href":"https:\/\/ritosa.click.si\/hr\/wp-json\/wp\/v2\/media\/13081"}],"wp:attachment":[{"href":"https:\/\/ritosa.click.si\/hr\/wp-json\/wp\/v2\/media?parent=13080"}],"wp:term":[{"taxonomy":"product_brand","embeddable":true,"href":"https:\/\/ritosa.click.si\/hr\/wp-json\/wp\/v2\/product_brand?post=13080"},{"taxonomy":"product_cat","embeddable":true,"href":"https:\/\/ritosa.click.si\/hr\/wp-json\/wp\/v2\/product_cat?post=13080"},{"taxonomy":"product_tag","embeddable":true,"href":"https:\/\/ritosa.click.si\/hr\/wp-json\/wp\/v2\/product_tag?post=13080"}],"curies":[{"name":"radni list","href":"https:\/\/api.w.org\/{rel}","templated":true}]}}