{"id":13078,"date":"2024-10-10T16:09:58","date_gmt":"2024-10-10T16:09:58","guid":{"rendered":"https:\/\/ritosa.click.si\/?post_type=product&#038;p=13078"},"modified":"2025-09-16T17:07:04","modified_gmt":"2025-09-16T15:07:04","slug":"kryptonite-avenue-r-45","status":"publish","type":"product","link":"https:\/\/ritosa.click.si\/hr\/ducan\/biciklizam\/oprema-za-biciklizam\/dodatna-oprema-in-rezervni-deli\/luci-zarometi\/kryptonite-avenue-r-45\/","title":{"rendered":"Svjetlo KRYPTONITE AVENUE R-45"},"content":{"rendered":"<ul>\n<li>USB PUNJENJE \u2014 Nisu potrebne baterije<\/li>\n<li>Vrijeme rada do 12 SATI<\/li>\n<li>Bo\u010dna svjetla omogu\u0107uju biciklistu da bude uo\u010den dok vozi u prometnim trakama<\/li>\n<li>Lampica memorijske funkcije \u0107e svijetliti u zadnjem na\u010dinu rada u kojem je bila isklju\u010dena.<\/li>\n<li>Funkcija u\u0161tede energije \u2013 10 % snage ili manje, svjetla se automatski prebacuju na najni\u017ei broj lumena<\/li>\n<li>Ugra\u0111eni indikator baterije \u2013 crveno osvjetljenje = manje od 25 %, zeleno = potpuno napunjeno<\/li>\n<li>Vi\u0161e mogu\u0107nosti monta\u017ee \u2013 vertikalne ili horizontalne mogu\u0107nosti monta\u017ee, tako\u0111er uklju\u010duje kop\u010du za pri\u010dvr\u0161\u0107ivanje na ruksake, torbe ili remene<\/li>\n<li>https:\/\/youtu.be\/dD30gAgIgMQ<\/li>\n<\/ul>","protected":false},"excerpt":{"rendered":"<p>KRYPTONITE AVENUE R-45 STRA\u017dNJE BICIKLISTI\u010cKO SVJETLO je lagano i jednostavno stra\u017enje biciklisti\u010dko svjetlo s USB punjenjem, indikatorom baterije i bo\u010dnim svjetlosnim rubom za pobolj\u0161anu bo\u010dnu vidljivost. Svjetlosni tok 45 lm.<\/p>","protected":false},"featured_media":13079,"template":"","meta":{"_acf_changed":false,"inline_featured_image":false},"product_brand":[1519],"product_cat":[534],"product_tag":[1517,1516,1518],"class_list":{"0":"post-13078","1":"product","2":"type-product","3":"status-publish","4":"has-post-thumbnail","6":"product_brand-kryptonite","7":"product_cat-luci-zarometi","8":"product_tag-luci","9":"product_tag-luci-kryptonite","10":"product_tag-zadja-luc-za-kolo","12":"first","13":"instock","14":"sale","15":"taxable","16":"shipping-taxable","17":"purchasable","18":"product-type-simple"},"acf":[],"_links":{"self":[{"href":"https:\/\/ritosa.click.si\/hr\/wp-json\/wp\/v2\/product\/13078","targetHints":{"allow":["GET"]}}],"collection":[{"href":"https:\/\/ritosa.click.si\/hr\/wp-json\/wp\/v2\/product"}],"about":[{"href":"https:\/\/ritosa.click.si\/hr\/wp-json\/wp\/v2\/types\/product"}],"wp:featuredmedia":[{"embeddable":true,"href":"https:\/\/ritosa.click.si\/hr\/wp-json\/wp\/v2\/media\/13079"}],"wp:attachment":[{"href":"https:\/\/ritosa.click.si\/hr\/wp-json\/wp\/v2\/media?parent=13078"}],"wp:term":[{"taxonomy":"product_brand","embeddable":true,"href":"https:\/\/ritosa.click.si\/hr\/wp-json\/wp\/v2\/product_brand?post=13078"},{"taxonomy":"product_cat","embeddable":true,"href":"https:\/\/ritosa.click.si\/hr\/wp-json\/wp\/v2\/product_cat?post=13078"},{"taxonomy":"product_tag","embeddable":true,"href":"https:\/\/ritosa.click.si\/hr\/wp-json\/wp\/v2\/product_tag?post=13078"}],"curies":[{"name":"radni list","href":"https:\/\/api.w.org\/{rel}","templated":true}]}}