{"id":13068,"date":"2024-10-10T15:48:18","date_gmt":"2024-10-10T15:48:18","guid":{"rendered":"https:\/\/ritosa.click.si\/?post_type=product&#038;p=13068"},"modified":"2026-03-27T17:10:53","modified_gmt":"2026-03-27T16:10:53","slug":"force-fashion-majica","status":"publish","type":"product","link":"https:\/\/ritosa.click.si\/hr\/ducan\/biciklizam\/oprema-za-biciklizam\/kolesarska-oblacila\/moska-oblacila\/moske-majice\/force-fashion-majica\/","title":{"rendered":"Majica kratkih rukava Force Fashion"},"content":{"rendered":"<p>SLIM verzija, unisex<\/p>\n<p>patentni zatvara\u010d po cijeloj du\u017eini, 3 stra\u017enja d\u017eepa<\/p>\n<p>elasti\u010dni gumeni rub s neklizaju\u0107im silikonom<\/p>\n<p>reflektiraju\u0107i elementi, YKK patentni zatvara\u010d, zra\u010dna mre\u017eica sa strane<\/p>\n<p>materijal: 90% poliester, 10% elastan<\/p>\n<p>mre\u017ea: 90% poliester, 10% elastan<\/p>","protected":false},"excerpt":{"rendered":"<p>Unisex majica kratkih rukava Force Fashion u crnoj i \u017eutoj boji.<\/p>\n<p>Majica je uskog kroja.<\/p>","protected":false},"featured_media":13070,"template":"","meta":{"_acf_changed":false,"inline_featured_image":false,"_monsterinsights_skip_tracking":false,"_monsterinsights_sitenote_active":false,"_monsterinsights_sitenote_note":"","_monsterinsights_sitenote_category":0},"product_brand":[1559],"product_cat":[622,625],"product_tag":[1200],"class_list":{"0":"post-13068","1":"product","2":"type-product","3":"status-publish","4":"has-post-thumbnail","6":"product_brand-force","7":"product_cat-moske-majice","8":"product_cat-zenske-majice","9":"product_tag-moski","10":"pa_velikost-xl","12":"first","13":"instock","14":"sale","15":"taxable","16":"shipping-taxable","17":"purchasable","18":"product-type-variable"},"acf":[],"aioseo_notices":[],"_links":{"self":[{"href":"https:\/\/ritosa.click.si\/hr\/wp-json\/wp\/v2\/product\/13068","targetHints":{"allow":["GET"]}}],"collection":[{"href":"https:\/\/ritosa.click.si\/hr\/wp-json\/wp\/v2\/product"}],"about":[{"href":"https:\/\/ritosa.click.si\/hr\/wp-json\/wp\/v2\/types\/product"}],"wp:featuredmedia":[{"embeddable":true,"href":"https:\/\/ritosa.click.si\/hr\/wp-json\/wp\/v2\/media\/13070"}],"wp:attachment":[{"href":"https:\/\/ritosa.click.si\/hr\/wp-json\/wp\/v2\/media?parent=13068"}],"wp:term":[{"taxonomy":"product_brand","embeddable":true,"href":"https:\/\/ritosa.click.si\/hr\/wp-json\/wp\/v2\/product_brand?post=13068"},{"taxonomy":"product_cat","embeddable":true,"href":"https:\/\/ritosa.click.si\/hr\/wp-json\/wp\/v2\/product_cat?post=13068"},{"taxonomy":"product_tag","embeddable":true,"href":"https:\/\/ritosa.click.si\/hr\/wp-json\/wp\/v2\/product_tag?post=13068"}],"curies":[{"name":"radni list","href":"https:\/\/api.w.org\/{rel}","templated":true}]}}