{"id":13064,"date":"2024-10-10T11:23:53","date_gmt":"2024-10-10T11:23:53","guid":{"rendered":"https:\/\/ritosa.click.si\/?post_type=product&#038;p=13064"},"modified":"2026-03-27T17:16:47","modified_gmt":"2026-03-27T16:16:47","slug":"force-frost-2","status":"publish","type":"product","link":"https:\/\/ritosa.click.si\/hr\/ducan\/biciklizam\/oprema-za-biciklizam\/kolesarska-oblacila\/moska-oblacila\/moske-jakne\/force-frost-2\/","title":{"rendered":"Jakna Force Frost"},"content":{"rendered":"<p>Visokokvalitetna biciklisti\u010dka jakna s produ\u017eenim rukavima i le\u0111ima. Elasti\u010dni rub na stra\u017enjoj strani, 3 stra\u017enja d\u017eepa i reflektiraju\u0107i elementi za pobolj\u0161anu vidljivost u mraku. Bo\u010dne strane i donji rukavi izra\u0111eni od SuperRoubaixa za bolju ventilaciju.<\/p>\n<ul>\n<li>temperatura od -5\u00b0C do +5\u00b0C<\/li>\n<li>glavni dio: 100% poliester<\/li>\n<li>ostali dijelovi: 85% najlon, 15% elastan<\/li>\n<li>vodootpornost: 8.000 mm H2O, prozra\u010dnost: 8.000 g\/m2\/24 sata<\/li>\n<\/ul>","protected":false},"excerpt":{"rendered":"<p>Zimska biciklisti\u010dka jakna Force Frost u crnoj boji.<\/p>","protected":false},"featured_media":13066,"template":"","meta":{"_acf_changed":false,"inline_featured_image":false},"product_brand":[1559],"product_cat":[632],"product_tag":[1929,1925,1928,1931,1930,1200],"class_list":{"0":"post-13064","1":"product","2":"type-product","3":"status-publish","4":"has-post-thumbnail","6":"product_brand-force","7":"product_cat-moske-jakne","8":"product_tag-force-frost","9":"product_tag-jakna-force","10":"product_tag-jakna-force-frost","11":"product_tag-kolesarska-jakna","12":"product_tag-kolesarska-jakna-force-frost","13":"product_tag-moski","14":"pa_velikost-xl","16":"first","17":"instock","18":"sale","19":"taxable","20":"shipping-taxable","21":"purchasable","22":"product-type-variable"},"acf":[],"_links":{"self":[{"href":"https:\/\/ritosa.click.si\/hr\/wp-json\/wp\/v2\/product\/13064","targetHints":{"allow":["GET"]}}],"collection":[{"href":"https:\/\/ritosa.click.si\/hr\/wp-json\/wp\/v2\/product"}],"about":[{"href":"https:\/\/ritosa.click.si\/hr\/wp-json\/wp\/v2\/types\/product"}],"wp:featuredmedia":[{"embeddable":true,"href":"https:\/\/ritosa.click.si\/hr\/wp-json\/wp\/v2\/media\/13066"}],"wp:attachment":[{"href":"https:\/\/ritosa.click.si\/hr\/wp-json\/wp\/v2\/media?parent=13064"}],"wp:term":[{"taxonomy":"product_brand","embeddable":true,"href":"https:\/\/ritosa.click.si\/hr\/wp-json\/wp\/v2\/product_brand?post=13064"},{"taxonomy":"product_cat","embeddable":true,"href":"https:\/\/ritosa.click.si\/hr\/wp-json\/wp\/v2\/product_cat?post=13064"},{"taxonomy":"product_tag","embeddable":true,"href":"https:\/\/ritosa.click.si\/hr\/wp-json\/wp\/v2\/product_tag?post=13064"}],"curies":[{"name":"radni list","href":"https:\/\/api.w.org\/{rel}","templated":true}]}}