{"id":13041,"date":"2024-10-10T10:39:54","date_gmt":"2024-10-10T10:39:54","guid":{"rendered":"https:\/\/ritosa.click.si\/?post_type=product&#038;p=13041"},"modified":"2026-03-27T17:33:28","modified_gmt":"2026-03-27T16:33:28","slug":"force-shard","status":"publish","type":"product","link":"https:\/\/ritosa.click.si\/hr\/ducan\/biciklizam\/oprema-za-biciklizam\/kolesarska-oblacila\/moska-oblacila\/moske-majice\/force-shard\/","title":{"rendered":"Biciklisti\u010dki dres Force Shard"},"content":{"rendered":"<ul>\n<li>patentni zatvara\u010d po cijeloj duljini, 3 stra\u017enja d\u017eepa, YKK patentni zatvara\u010d<\/li>\n<li>elasti\u010dni rub s protukliznim silikonom u struku<\/li>\n<li>protuklizne trake za ruke, reflektiraju\u0107i elementi<\/li>\n<li>temperaturna granica +20 \u00b0C i vi\u0161e<\/li>\n<li>materijal: 100% poliester<\/li>\n<\/ul>","protected":false},"excerpt":{"rendered":"<p>Biciklisti\u010dki dres kratkih rukava Force Shard.<\/p>","protected":false},"featured_media":13043,"template":"","meta":{"_acf_changed":false,"inline_featured_image":false,"_monsterinsights_skip_tracking":false,"_monsterinsights_sitenote_active":false,"_monsterinsights_sitenote_note":"","_monsterinsights_sitenote_category":0},"product_brand":[1559],"product_cat":[622],"product_tag":[1991,2113,2114,2112,2111,1200],"class_list":{"0":"post-13041","1":"product","2":"type-product","3":"status-publish","4":"has-post-thumbnail","6":"product_brand-force","7":"product_cat-moske-majice","8":"product_tag-kolesarska-majica","9":"product_tag-kolesarska-majica-force","10":"product_tag-kolesarska-majica-force-shard","11":"product_tag-kolesarski-dres","12":"product_tag-kolesarski-dres-force","13":"product_tag-moski","14":"pa_velikost-xl","16":"first","17":"instock","18":"sale","19":"taxable","20":"shipping-taxable","21":"purchasable","22":"product-type-variable"},"acf":[],"aioseo_notices":[],"_links":{"self":[{"href":"https:\/\/ritosa.click.si\/hr\/wp-json\/wp\/v2\/product\/13041","targetHints":{"allow":["GET"]}}],"collection":[{"href":"https:\/\/ritosa.click.si\/hr\/wp-json\/wp\/v2\/product"}],"about":[{"href":"https:\/\/ritosa.click.si\/hr\/wp-json\/wp\/v2\/types\/product"}],"wp:featuredmedia":[{"embeddable":true,"href":"https:\/\/ritosa.click.si\/hr\/wp-json\/wp\/v2\/media\/13043"}],"wp:attachment":[{"href":"https:\/\/ritosa.click.si\/hr\/wp-json\/wp\/v2\/media?parent=13041"}],"wp:term":[{"taxonomy":"product_brand","embeddable":true,"href":"https:\/\/ritosa.click.si\/hr\/wp-json\/wp\/v2\/product_brand?post=13041"},{"taxonomy":"product_cat","embeddable":true,"href":"https:\/\/ritosa.click.si\/hr\/wp-json\/wp\/v2\/product_cat?post=13041"},{"taxonomy":"product_tag","embeddable":true,"href":"https:\/\/ritosa.click.si\/hr\/wp-json\/wp\/v2\/product_tag?post=13041"}],"curies":[{"name":"radni list","href":"https:\/\/api.w.org\/{rel}","templated":true}]}}