{"id":13031,"date":"2024-10-10T10:25:06","date_gmt":"2024-10-10T10:25:06","guid":{"rendered":"https:\/\/ritosa.click.si\/?post_type=product&#038;p=13031"},"modified":"2026-03-27T17:16:12","modified_gmt":"2026-03-27T16:16:12","slug":"force-arrow-jakna","status":"publish","type":"product","link":"https:\/\/ritosa.click.si\/hr\/ducan\/biciklizam\/oprema-za-biciklizam\/kolesarska-oblacila\/moska-oblacila\/moske-jakne\/force-arrow-jakna\/","title":{"rendered":"Jakna Force ARROW"},"content":{"rendered":"<p>Jakna izvrsne kvalitete, membrana otporna na vodu i vjetar. Elasti\u010dni rub, za\u0161tita patentnim zatvara\u010dem, produ\u017eena le\u0111a, 3 stra\u017enja d\u017eepa i reflektiraju\u0107i elementi za bolju vidljivost u mraku.<\/p>\n<ul>\n<li>temperaturna vrijednost od +5 \u00b0C do +15 \u00b0C<\/li>\n<li>materijal: 100% poliester<\/li>\n<li>vodootpornost: 3000 mm H2O, prozra\u010dnost: 3000 g\/m2\/24 sata<\/li>\n<\/ul>","protected":false},"excerpt":{"rendered":"<p>Biciklisti\u010dka jakna Force ARROW u sivoj boji.<\/p>","protected":false},"featured_media":13033,"template":"","meta":{"_acf_changed":false,"inline_featured_image":false},"product_brand":[1559],"product_cat":[632],"product_tag":[1926,1925,1923,1927,1924,1200],"class_list":{"0":"post-13031","1":"product","2":"type-product","3":"status-publish","4":"has-post-thumbnail","6":"product_brand-force","7":"product_cat-moske-jakne","8":"product_tag-force-arrow","9":"product_tag-jakna-force","10":"product_tag-jakna-force-arrow","11":"product_tag-kolesarska-jakna-force","12":"product_tag-kolesarska-jakna-force-arrow","13":"product_tag-moski","14":"pa_velikost-xxl","16":"first","17":"instock","18":"sale","19":"taxable","20":"shipping-taxable","21":"purchasable","22":"product-type-variable"},"acf":[],"_links":{"self":[{"href":"https:\/\/ritosa.click.si\/hr\/wp-json\/wp\/v2\/product\/13031","targetHints":{"allow":["GET"]}}],"collection":[{"href":"https:\/\/ritosa.click.si\/hr\/wp-json\/wp\/v2\/product"}],"about":[{"href":"https:\/\/ritosa.click.si\/hr\/wp-json\/wp\/v2\/types\/product"}],"wp:featuredmedia":[{"embeddable":true,"href":"https:\/\/ritosa.click.si\/hr\/wp-json\/wp\/v2\/media\/13033"}],"wp:attachment":[{"href":"https:\/\/ritosa.click.si\/hr\/wp-json\/wp\/v2\/media?parent=13031"}],"wp:term":[{"taxonomy":"product_brand","embeddable":true,"href":"https:\/\/ritosa.click.si\/hr\/wp-json\/wp\/v2\/product_brand?post=13031"},{"taxonomy":"product_cat","embeddable":true,"href":"https:\/\/ritosa.click.si\/hr\/wp-json\/wp\/v2\/product_cat?post=13031"},{"taxonomy":"product_tag","embeddable":true,"href":"https:\/\/ritosa.click.si\/hr\/wp-json\/wp\/v2\/product_tag?post=13031"}],"curies":[{"name":"radni list","href":"https:\/\/api.w.org\/{rel}","templated":true}]}}