{"id":13018,"date":"2024-09-10T12:33:47","date_gmt":"2024-09-10T12:33:47","guid":{"rendered":"https:\/\/ritosa.click.si\/?post_type=product&#038;p=13018"},"modified":"2026-03-22T17:35:34","modified_gmt":"2026-03-22T16:35:34","slug":"cube-supreme-sport-hybrid-pro-500","status":"publish","type":"product","link":"https:\/\/ritosa.click.si\/hr\/ducan\/biciklizam\/kotaci\/elektricna-kolesa\/mestna-elektricna-kolesa\/cube-supreme-sport-hybrid-pro-500\/","title":{"rendered":"CUBE SUPREME SPORT HYBRID PRO 500"},"content":{"rendered":"<p><strong>CUBE SUPREME SPORT HYBRID PRO<\/strong><\/p>\n<p>Cube Supreme Sport Hybrid Pro 500 idealan je elektri\u010dni bicikl za vo\u017enju gradom, kao i za dulja putovanja izvan grada. Okvir Supreme Hybrid dizajniran je da bude jednostavan, elegantan, siguran i prakti\u010dan. Potpuno integrirani baterijski sustav od 500 Wh skriven je u donjoj cijevi i za\u0161ti\u0107en od vode i pra\u0161ine. Poluintegrirani nosa\u010d omogu\u0107uje vam sigurno no\u0161enje svega \u0161to vam je potrebno sa sobom, a Bosch Performance pogonski sustav besprijekorno radi s jednostavnim Shimano mjenja\u010dem kako bi vas doveo do odredi\u0161ta. Glatki zavari stvaraju organski izgled koji nadopunjuje elegantan dizajn, dok dizajn Easy Entry olak\u0161ava kori\u0161tenje.<\/p>\n<p><em>Najve\u0107a dopu\u0161tena ukupna te\u017eina (uklju\u010duju\u0107i te\u017einu bicikla): 135 kg<\/em><\/p>\n<p><em><em>Veli\u010dine za jednostavan ulaz: XS (46 cm), S (50 cm), M (54 cm), L (58 cm)<\/em><\/em><\/p>\n<h3><strong>Specifikacije<\/strong><\/h3>\n<p><strong>Motor:<\/strong> Bosch pogonska jedinica Performance Generation 3 (75 Nm) Cruise (250 W), Smart System<br \/>\n<strong>Baterija:<\/strong> Bosch PowerTube 500<br \/>\n<strong>Punja\u010d:<\/strong> Bosch 2A<br \/>\n<strong>Zaslon:<\/strong> Bosch Kiox 300<br \/>\n<strong>Okvir:<\/strong> Aluminij Superlite, Comfort Ride geometrija, su\u017eena glavna cijev, vrhunska udobnost i sigurnost, poluintegrirani nosa\u010d, potpuno integrirana baterija<br \/>\n<strong>Vilica:<\/strong> SR Suntour NEX-E25 UFO, 50 mm, s blokadom<br \/>\n<strong>Le\u017eaj sustava upravljanja:<\/strong> ACROS AZF-1039, ravni 1 1\/8\u2033, gornji Zero-Stack 1 1\/8\u2033 (ZS 44 mm), donji Zero-Stack 1 1\/2\u2033 (ZS 56 mm)<br \/>\n<strong>Nosa\u010d upravlja\u010da:<\/strong> CUBE Comfort Stem Pro, 31,8 mm, podesiv<br \/>\n<strong>Volan:<\/strong> CUBE Comfort Shape Bar<br \/>\n<strong>Ru\u010dke:<\/strong> ACID Travel Comfort<br \/>\n<strong>Zadnji mjenja\u010d:<\/strong> Shimano Deore RD-M5120-SGS, 10 brzina<br \/>\n<strong>Ru\u010dica mjenja\u010da:<\/strong> Shimano Deore SL-M4100-IR, Izravni priklju\u010dak, Rapidfire-Plus<br \/>\n<strong>Ko\u010dnice:<\/strong> Shimano BR-MT420\/MT410, hidrauli\u010dne disk ko\u010dnice (180\/180 mm)<br \/>\n<strong>Pogon:<\/strong> ACID elektri\u010dna kurlica, 38 zuba, 165 mm<br \/>\n<strong>Pedale:<\/strong> ACID PP Trekking<br \/>\n<strong>Lanac:<\/strong> KMC X10<br \/>\n<strong>Zup\u010danik (kazeta):<\/strong> Shimano Deore CS-M4100, 11-46T<br \/>\n<strong>Prednji pesto:<\/strong> Shimano HB-TX505, QR, Centralna blokada<br \/>\n<strong>Zadnji pesto:<\/strong> Shimano FH-TX505, QR, Centralna blokada<br \/>\n<strong>Kola:<\/strong> CUBE EX23, 36 rupa, disk, spremni za tubeless<br \/>\n<strong>Gume:<\/strong> Conti Contact Urban, SafetyPro, 50-622<br \/>\n<strong>Sjedalo:<\/strong> Prirodna fit Shen<br \/>\n<strong>Potpora sjedala:<\/strong> CUBE ovjesna sjedalica HD, 30,9 mm<br \/>\n<strong>Prednje svjetlo:<\/strong> ACID prednje svjetlo PRO-E 60, 12V, DC<br \/>\n<strong>Zadnje svjetlo:<\/strong> ACID Stra\u017enje svjetlo za blatobran PRO-E, 12 V, DC<br \/>\n<strong>Zvon\u010di\u0107:<\/strong> Lako zvono<br \/>\n<strong>Blatobrani:<\/strong> ACID 56 nosa\u010d za kuglice<br \/>\n<strong>Prtlja\u017enik:<\/strong> ACID poluintegrirani, kompatibilan s ACID RILink adapterom<br \/>\n<strong>\u0160apa:<\/strong> ACID FM Pure stalak<br \/>\n<strong>Te\u017eina:<\/strong> 26,6 kg<\/p>","protected":false},"excerpt":{"rendered":"<p>Elektri\u010dni bicikl Cube Supreme Sport Hybrid Pro 500 Grey &#039;n&#039; Grey \u2013 Easy Entry<\/p>\n<p><span style=\"color: #2c9ffd\">MOGU\u0106NOST PRIJAVE ZA DODATNE SUBVENCIJE -25%<\/span><\/p>","protected":false},"featured_media":13020,"template":"","meta":{"_acf_changed":false,"inline_featured_image":false},"product_brand":[1192],"product_cat":[630,649],"product_tag":[],"class_list":{"0":"post-13018","1":"product","2":"type-product","3":"status-publish","4":"has-post-thumbnail","6":"product_brand-cube","7":"product_cat-mestna-elektricna-kolesa","8":"product_cat-treking-elektricna-kolesa","9":"pa_velikost-773","11":"first","12":"instock","13":"sale","14":"taxable","15":"shipping-taxable","16":"purchasable","17":"product-type-variable"},"acf":[],"_links":{"self":[{"href":"https:\/\/ritosa.click.si\/hr\/wp-json\/wp\/v2\/product\/13018","targetHints":{"allow":["GET"]}}],"collection":[{"href":"https:\/\/ritosa.click.si\/hr\/wp-json\/wp\/v2\/product"}],"about":[{"href":"https:\/\/ritosa.click.si\/hr\/wp-json\/wp\/v2\/types\/product"}],"wp:featuredmedia":[{"embeddable":true,"href":"https:\/\/ritosa.click.si\/hr\/wp-json\/wp\/v2\/media\/13020"}],"wp:attachment":[{"href":"https:\/\/ritosa.click.si\/hr\/wp-json\/wp\/v2\/media?parent=13018"}],"wp:term":[{"taxonomy":"product_brand","embeddable":true,"href":"https:\/\/ritosa.click.si\/hr\/wp-json\/wp\/v2\/product_brand?post=13018"},{"taxonomy":"product_cat","embeddable":true,"href":"https:\/\/ritosa.click.si\/hr\/wp-json\/wp\/v2\/product_cat?post=13018"},{"taxonomy":"product_tag","embeddable":true,"href":"https:\/\/ritosa.click.si\/hr\/wp-json\/wp\/v2\/product_tag?post=13018"}],"curies":[{"name":"radni list","href":"https:\/\/api.w.org\/{rel}","templated":true}]}}