{"id":12995,"date":"2024-09-05T09:40:11","date_gmt":"2024-09-05T09:40:11","guid":{"rendered":"https:\/\/ritosa.click.si\/?post_type=product&#038;p=12995"},"modified":"2026-03-06T16:27:43","modified_gmt":"2026-03-06T15:27:43","slug":"rolerji-tempish-wox-2","status":"publish","type":"product","link":"https:\/\/ritosa.click.si\/hr\/ducan\/rolerji\/odrasli-rolerji\/rolerji-tempish-wox-2\/","title":{"rendered":"Roleri TEMPISH WOX"},"content":{"rendered":"<p>WOX inline klizaljke su klasi\u010dne fitness inline klizaljke dizajnirane za po\u010detnike i napredne kliza\u010de.<\/p>\n<p>Srednje visoka konstrukcija pru\u017ea kliza\u010dima \u010dvrsto usidrenje stopala u kosturu i odre\u0111enu kontrolu klizanja.<\/p>\n<p>Dvostruka konstrukcija prostirke s uklonjivom cijelom unutarnjom oblogom vrlo je udobna i omogu\u0107uje brzo su\u0161enje nakon vo\u017enje i \u010di\u0161\u0107enje kada je potrebno. (Prostirka se mo\u017ee prati u \u010distoj mlakoj vodi.)<\/p>\n<p>Podstava je mek\u0161a u podru\u010dju Ahilove tetive za udobnije klizanje.<\/p>\n<p>Zatezanje klizaljki klasi\u010dnim vezicama i \u010di\u010dak trakom na ristu za \u010dvrsto pri\u010dvr\u0161\u0107ivanje stopala na kostur. Gornji dio kostura zate\u017ee se remenom s mikro kop\u010dom.<\/p>\n<p>Mu\u0161ke inline klizaljke dizajnirane za rekreativno fitness i kondicijsko klizanje. Kota\u010di serije CATCH pokazuju standardno tro\u0161enje tijekom vo\u017enje, ovisno o kvaliteti povr\u0161ine, stilu vo\u017enje i te\u017eini korisnika.<\/p>","protected":false},"excerpt":{"rendered":"<p>Rolerji WOX so klasi\u010dni rolerji za fitnes rolanje, zasnovani tako za za\u010detnike kot za napredne rolera\u0161e. Srednje visoka konstrukcija zagotavlja rolarjem trdno sidranje stopala v okostje in dolo\u010den nadzor rolerjev. Dvojna konstrukcija podloge z odstranljivim celotnim notranjim prtlja\u017enikom je zelo udobna in omogo\u010da hitro su\u0161enje po vo\u017enji in \u010di\u0161\u010denje po potrebi. (Podlogo lahko sperete v [&hellip;]<\/p>\n","protected":false},"featured_media":12997,"template":"","meta":{"_acf_changed":false,"inline_featured_image":false},"product_brand":[1219],"product_cat":[584],"product_tag":[1218,1222,1221],"class_list":{"0":"post-12995","1":"product","2":"type-product","3":"status-publish","4":"has-post-thumbnail","6":"product_brand-tempish","7":"product_cat-odrasli-rolerji","8":"product_tag-rolerji-tempish","9":"product_tag-tempish-wox","10":"product_tag-zenski-rolerji","11":"pa_velikost-742","13":"first","14":"instock","15":"sale","16":"taxable","17":"shipping-taxable","18":"purchasable","19":"product-type-variable"},"acf":[],"_links":{"self":[{"href":"https:\/\/ritosa.click.si\/hr\/wp-json\/wp\/v2\/product\/12995","targetHints":{"allow":["GET"]}}],"collection":[{"href":"https:\/\/ritosa.click.si\/hr\/wp-json\/wp\/v2\/product"}],"about":[{"href":"https:\/\/ritosa.click.si\/hr\/wp-json\/wp\/v2\/types\/product"}],"wp:featuredmedia":[{"embeddable":true,"href":"https:\/\/ritosa.click.si\/hr\/wp-json\/wp\/v2\/media\/12997"}],"wp:attachment":[{"href":"https:\/\/ritosa.click.si\/hr\/wp-json\/wp\/v2\/media?parent=12995"}],"wp:term":[{"taxonomy":"product_brand","embeddable":true,"href":"https:\/\/ritosa.click.si\/hr\/wp-json\/wp\/v2\/product_brand?post=12995"},{"taxonomy":"product_cat","embeddable":true,"href":"https:\/\/ritosa.click.si\/hr\/wp-json\/wp\/v2\/product_cat?post=12995"},{"taxonomy":"product_tag","embeddable":true,"href":"https:\/\/ritosa.click.si\/hr\/wp-json\/wp\/v2\/product_tag?post=12995"}],"curies":[{"name":"radni list","href":"https:\/\/api.w.org\/{rel}","templated":true}]}}