{"id":12986,"date":"2024-09-03T12:41:36","date_gmt":"2024-09-03T12:41:36","guid":{"rendered":"https:\/\/ritosa.click.si\/?post_type=product&#038;p=12986"},"modified":"2026-03-07T13:18:31","modified_gmt":"2026-03-07T12:18:31","slug":"tempish-clips-duo-2","status":"publish","type":"product","link":"https:\/\/ritosa.click.si\/hr\/ducan\/skijanje\/ostali-zimski-sporti\/drsalke\/tempish-clips-duo-2\/","title":{"rendered":"Tempish Clips Duo"},"content":{"rendered":"<p>Dje\u010da\u010dki model klizaljki \/ rolalica u jednom. CLIP DUO namijenjen je i po\u010detnicima i djeci koja ve\u0107 znaju dobro klizati \/ rolati. CLIP DUO omogu\u0107uje brzu promjenu s klizaljki na role. Osim klina za klizanje, komplet uklju\u010duje i \u0161asiju s kota\u010dima za role. Model je izra\u0111en od materijala koji \u0161tite rolice \/ role od mraza do -20\u00b0C.<\/p>\n<p>Unutarnji dio klizaljki se brzo su\u0161i i prilago\u0111ava dje\u010djem stopalu. Tako\u0111er je anatomski oblikovan, dok vanjski plasti\u010dni dio lijepo hvata dje\u010dje stopalo i sigurno ga dr\u017ei u klizaljci.<\/p>\n<p>Model se mo\u017ee podesiti za 3 veli\u010dine, jednostavnim pritiskom gumba sa strane cipele.<\/p>\n<p>Veli\u010dine kota\u010da 29-32 (64 mm), 33-36 (70 mm), 37-40 (70 mm).<\/p>\n<p>Boja: crna<\/p>\n<p>Veli\u010dine: XS (29-32), S (33-36), M (37-40)<\/p>\n<p>Unutarnje veli\u010dine pojedina\u010dnih brojeva:<\/p>\n<p>Veli\u010dina XS 17,5 \u2013 19,5 cm;<\/p>\n<p>Veli\u010dina S 20 \u2013 22,3 cm;<\/p>\n<p>Veli\u010dina M 22,5 \u2013 25,2 cm<\/p>\n<table class=\"ParametrList table table-striped\">\n<tbody>\n<tr class=\"Parametr @*@(i++ % 2 == 1 ?\">\n<td class=\"Nazev\">Vanjski materijal<\/td>\n<td class=\"Hodnota\">Trodijelni kostur - materijal: TPU - elasti\u010dan na temperaturi od -20\u00b0C, mekana podstava, PVC BRILLIANT RESIST, NAJLON+NAJLEX<\/td>\n<\/tr>\n<tr class=\"Parametr @*@(i++ % 2 == 1 ?\">\n<td class=\"Nazev\">Unutarnji materijal<\/td>\n<td class=\"Hodnota\">CAMBRA 26Z bru\u0161eni najlon s unutarnjom podstavom<\/td>\n<\/tr>\n<tr class=\"Parametr @*@(i++ % 2 == 1 ?\">\n<td class=\"Nazev\">Sje\u010divo<\/td>\n<td class=\"Hodnota\">TEMPISH UNI CARBON steel \u2013 o\u0161trica od nehr\u0111aju\u0107eg \u010delika<\/td>\n<\/tr>\n<tr class=\"Parametr @*@(i++ % 2 == 1 ?\">\n<td class=\"Nazev\">Le\u017eajevi<\/td>\n<td class=\"Hodnota\">ABEC 5 ugljik<\/td>\n<\/tr>\n<tr class=\"Parametr @*@(i++ % 2 == 1 ?\">\n<td class=\"Nazev\">Vrsta kota\u010da<\/td>\n<td class=\"Hodnota\">CATCH standardni kota\u010di, PU lijevanje, nizak otpor kotrljanja<\/td>\n<\/tr>\n<tr class=\"Parametr @*@(i++ % 2 == 1 ?\">\n<td class=\"Nazev\">Promjer kota\u010da<\/td>\n<td class=\"Hodnota\">64 mm|70 mm<\/td>\n<\/tr>\n<tr class=\"Parametr @*@(i++ % 2 == 1 ?\">\n<td class=\"Nazev\">Tvrdo\u0107a kota\u010da<\/td>\n<td class=\"Hodnota\">82A<\/td>\n<\/tr>\n<tr class=\"Parametr @*@(i++ % 2 == 1 ?\">\n<td class=\"Nazev\">Sustav pri\u010dvr\u0161\u0107ivanja<\/td>\n<td class=\"Hodnota\">Me\u0111usobna kop\u010da s AUTO LOCK sigurnosnom bravom, pri\u010dvr\u0161\u0107ivanje \u010di\u010dkom preko rista<\/td>\n<\/tr>\n<tr class=\"Parametr @*@(i++ % 2 == 1 ?\">\n<td class=\"Nazev\">Ko\u010dnice<\/td>\n<td class=\"Hodnota\">DA<\/td>\n<\/tr>\n<tr class=\"Parametr @*@(i++ % 2 == 1 ?\">\n<td class=\"Nazev\">Pode\u0161avanje veli\u010dine<\/td>\n<td class=\"Hodnota\">Da<\/td>\n<\/tr>\n<\/tbody>\n<\/table>","protected":false},"excerpt":{"rendered":"<p>Dje\u010dji model klizaljki\/rolera u jednom.<\/p>","protected":false},"featured_media":12988,"template":"","meta":{"_acf_changed":false,"inline_featured_image":false},"product_brand":[1219],"product_cat":[589,583],"product_tag":[1198,1226,1227],"class_list":{"0":"post-12986","1":"product","2":"type-product","3":"status-publish","4":"has-post-thumbnail","6":"product_brand-tempish","7":"product_cat-drsalke","8":"product_cat-otroski-rolerji","9":"product_tag-otroci","10":"product_tag-tempish-clips-duo","11":"product_tag-tempish-rolerji-in-drsalke","12":"pa_velikost-33-36","14":"first","15":"instock","16":"sale","17":"taxable","18":"shipping-taxable","19":"purchasable","20":"product-type-variable"},"acf":[],"_links":{"self":[{"href":"https:\/\/ritosa.click.si\/hr\/wp-json\/wp\/v2\/product\/12986","targetHints":{"allow":["GET"]}}],"collection":[{"href":"https:\/\/ritosa.click.si\/hr\/wp-json\/wp\/v2\/product"}],"about":[{"href":"https:\/\/ritosa.click.si\/hr\/wp-json\/wp\/v2\/types\/product"}],"wp:featuredmedia":[{"embeddable":true,"href":"https:\/\/ritosa.click.si\/hr\/wp-json\/wp\/v2\/media\/12988"}],"wp:attachment":[{"href":"https:\/\/ritosa.click.si\/hr\/wp-json\/wp\/v2\/media?parent=12986"}],"wp:term":[{"taxonomy":"product_brand","embeddable":true,"href":"https:\/\/ritosa.click.si\/hr\/wp-json\/wp\/v2\/product_brand?post=12986"},{"taxonomy":"product_cat","embeddable":true,"href":"https:\/\/ritosa.click.si\/hr\/wp-json\/wp\/v2\/product_cat?post=12986"},{"taxonomy":"product_tag","embeddable":true,"href":"https:\/\/ritosa.click.si\/hr\/wp-json\/wp\/v2\/product_tag?post=12986"}],"curies":[{"name":"radni list","href":"https:\/\/api.w.org\/{rel}","templated":true}]}}