{"id":12941,"date":"2024-07-19T10:03:36","date_gmt":"2024-07-19T10:03:36","guid":{"rendered":"https:\/\/ritosa.click.si\/?post_type=product&#038;p=12941"},"modified":"2026-03-13T18:09:48","modified_gmt":"2026-03-13T17:09:48","slug":"cube-numove-140","status":"publish","type":"product","link":"https:\/\/ritosa.click.si\/hr\/ducan\/biciklizam\/kotaci\/djecji-bicikli-2\/14\/cube-numove-140\/","title":{"rendered":"CUBE NUMOVE 140 \u2013 plava"},"content":{"rendered":"<p><strong>CUBE NUMOVE 140<\/strong><\/p>\n<p>Dje\u010dji\u00a0<strong>aluminijski kota\u010d<\/strong>, \u0161to \u0107e omogu\u0107iti mla\u0111im ljubiteljima biciklizma\u00a0<strong>nezaboravno iskustvo vo\u017enje<\/strong>Iako\u00a0<strong>izuzetno lako<\/strong>, je u isto vrijeme\u00a0<strong>\u010dvrst i izdr\u017eljiv<\/strong>Osim toga,\u00a0<strong>geometrija osmi\u0161ljena da bude i zabavna i sigurna<\/strong>, zajedno s\u00a0<strong>prikladna vilica<\/strong>, \u0161to savr\u0161eno odgovara maloj te\u017eini okvira. Cube Numove 140 je\u00a0<strong>idealna osnova za razvoj vje\u0161tina i samopouzdanja va\u0161eg djeteta<\/strong>.<\/p>\n<p><em>Cube Numove 140 idealan je za djecu visine izme\u0111u 97 i 107 cm i duljine koraka od 39 do 47 cm.<\/em><\/p>\n<p><em>Maksimalno optere\u0107enje: 20 kg<\/em><\/p>\n<p><strong>Specifikacije<\/strong><\/p>\n<ul>\n<li><strong>Okvir<\/strong>Aluminij Lite 6061<\/li>\n<li><strong>Vilica<\/strong>Aluminij Lite 6061<\/li>\n<li><strong>Nosa\u010d upravlja\u010da<\/strong>CUBE Aluminum Lite<\/li>\n<li><strong>Volan<\/strong>KOCKA ZA DJECU 450 mm, \u00d816 mm<\/li>\n<li><strong>Volan \/ Traka za volan<\/strong>Prirodna fit djeca 16.0<\/li>\n<li><strong>Ko\u010dnice<\/strong>Aluminijske V-ko\u010dnice<\/li>\n<li><strong>Voza\u010d<\/strong>ACID Numove 25T, 84 mm, uski Q-faktor<\/li>\n<li><strong>Pedale<\/strong>CUBE PP Rookie mali<\/li>\n<li><strong>Lanac<\/strong>KMC HV500<\/li>\n<li><strong>Naplatci \/ Kota\u010di<\/strong>: ACID Pro C2000, 16\/16 Spokes, Singlespeed 16T<\/li>\n<li><strong>Vanjske gume<\/strong>: Schwalbe Smart Sam, 14 x 1.5<\/li>\n<li><strong>Sjedalo<\/strong>Cube Kid uklj. cijevi sjedala<\/li>\n<li><strong>Te\u017eina<\/strong>: 5,2kg<\/li>\n<\/ul>\n<h5 id=\"tw-target-text\" class=\"tw-data-text tw-text-large tw-ta\" dir=\"ltr\" style=\"text-align: left\"><\/h5>","protected":false},"excerpt":{"rendered":"<p>Otro\u0161ko kolo 14&#8221; Cube Numove 140<\/p>\n<p>Cube Numove je eno najla\u017ejih (5,2 kg) in najbolj zabavnih 14&#8243; koles na trgu.<\/p>","protected":false},"featured_media":21518,"template":"","meta":{"_acf_changed":false,"inline_featured_image":false},"product_brand":[1192],"product_cat":[644],"product_tag":[1198,1202,1007],"class_list":{"0":"post-12941","1":"product","2":"type-product","3":"status-publish","4":"has-post-thumbnail","6":"product_brand-cube","7":"product_cat-644","8":"product_tag-otroci","9":"product_tag-otroska-kolesa","10":"product_tag-otrosko-kolo","12":"first","13":"instock","14":"sale","15":"taxable","16":"shipping-taxable","17":"purchasable","18":"product-type-simple"},"acf":[],"_links":{"self":[{"href":"https:\/\/ritosa.click.si\/hr\/wp-json\/wp\/v2\/product\/12941","targetHints":{"allow":["GET"]}}],"collection":[{"href":"https:\/\/ritosa.click.si\/hr\/wp-json\/wp\/v2\/product"}],"about":[{"href":"https:\/\/ritosa.click.si\/hr\/wp-json\/wp\/v2\/types\/product"}],"wp:featuredmedia":[{"embeddable":true,"href":"https:\/\/ritosa.click.si\/hr\/wp-json\/wp\/v2\/media\/21518"}],"wp:attachment":[{"href":"https:\/\/ritosa.click.si\/hr\/wp-json\/wp\/v2\/media?parent=12941"}],"wp:term":[{"taxonomy":"product_brand","embeddable":true,"href":"https:\/\/ritosa.click.si\/hr\/wp-json\/wp\/v2\/product_brand?post=12941"},{"taxonomy":"product_cat","embeddable":true,"href":"https:\/\/ritosa.click.si\/hr\/wp-json\/wp\/v2\/product_cat?post=12941"},{"taxonomy":"product_tag","embeddable":true,"href":"https:\/\/ritosa.click.si\/hr\/wp-json\/wp\/v2\/product_tag?post=12941"}],"curies":[{"name":"radni list","href":"https:\/\/api.w.org\/{rel}","templated":true}]}}