{"id":12939,"date":"2024-07-19T09:38:38","date_gmt":"2024-07-19T09:38:38","guid":{"rendered":"https:\/\/ritosa.click.si\/?post_type=product&#038;p=12939"},"modified":"2026-03-24T18:55:20","modified_gmt":"2026-03-24T17:55:20","slug":"cube-cubie-160","status":"publish","type":"product","link":"https:\/\/ritosa.click.si\/hr\/ducan\/biciklizam\/kotaci\/djecji-bicikli-2\/16\/cube-cubie-160\/","title":{"rendered":"CUBE CUBIE 160"},"content":{"rendered":"<p id=\"tw-target-text\" class=\"tw-data-text tw-text-large tw-ta\" dir=\"ltr\" style=\"text-align: left\"><span class=\"Y2IQFc\" lang=\"sl\" xml:lang=\"sl\">Cube Cubie 160 je dje\u010dji bicikl koji, poput Cube bicikala za odrasle, kombinira zabavu sa sigurnim, stabilnim i predvidljivim upravljanjem. Lagani okvir od aluminija 6061 ima zaobljene rubove i kutove kako bi se smanjio rizik od ozljeda, a istovremeno je vi\u0161e nego dovoljno \u010dvrst da izdr\u017ei entuzijasti\u010dnu upotrebu mali\u0161ana.<\/span><\/p>\n<p class=\"tw-data-text tw-text-large tw-ta\" dir=\"ltr\" style=\"text-align: left\"><span class=\"Y2IQFc\" lang=\"sl\" xml:lang=\"sl\">Cube Cubie 160 idealan je za djecu visine izme\u0111u 96 i 111 cm i duljine unutarnje strane nogu od 41 do 49 cm.<\/span><\/p>\n<p class=\"tw-data-text tw-text-large tw-ta\" dir=\"ltr\" style=\"text-align: left\"><span class=\"Y2IQFc\" lang=\"sl\" xml:lang=\"sl\">Maksimalno optere\u0107enje (uklju\u010duju\u0107i te\u017einu bicikla): 30 kg<\/span><\/p>\n<ul>\n<li><span class=\"desc e-font-family-cond\">OKVIR:\u00a0<\/span><span class=\"value\">Aluminij Lite 6061<\/span><\/li>\n<li>VELI\u010cINA:\u00a0<span class=\"value\">16\u2033<\/span><\/li>\n<li>VILICA:\u00a0<span class=\"value\">Vilica od krute legure<\/span><\/li>\n<li>KO\u010cNICE:\u00a0<span class=\"value\">Aluminijska V-ko\u010dnica s modulatorom snage<\/span><\/li>\n<li>VOZA\u010c:\u00a0<span class=\"value\">Prowheel, 25T, 127 mm s Chainlooperom<\/span><\/li>\n<li>LANAC:\u00a0<span class=\"value\">KMC S1<\/span><\/li>\n<li>SREDI\u0160TE:\u00a0<span class=\"value\">CUBE aluminij, QR<\/span><\/li>\n<li>PRSTENI:\u00a0<span class=\"value\">Aluminij<\/span><\/li>\n<li>GUMA:\u00a0<span class=\"value\">Schwalbe Billy Bonkers 2.0<\/span><\/li>\n<li>PODR\u0160KA:\u00a0<span class=\"value\">CUBE Aluminum Lite<\/span><\/li>\n<li>UPRAVLJANJE:\u00a0<span class=\"value\">CUBE Aluminum Lite, 450 mm<\/span><\/li>\n<li>GRIPA:\u00a0<span class=\"value\">CUBE dje\u010dje ru\u010dke<\/span><\/li>\n<\/ul>","protected":false},"excerpt":{"rendered":"<p>Dje\u010dji bicikl 16\u201d Cube Cubie 160<\/p>","protected":false},"featured_media":12940,"template":"","meta":{"_acf_changed":false,"inline_featured_image":false,"_monsterinsights_skip_tracking":false,"_monsterinsights_sitenote_active":false,"_monsterinsights_sitenote_note":"","_monsterinsights_sitenote_category":0},"product_brand":[1192],"product_cat":[645],"product_tag":[1198,1202,1007,1201],"class_list":{"0":"post-12939","1":"product","2":"type-product","3":"status-publish","4":"has-post-thumbnail","6":"product_brand-cube","7":"product_cat-645","8":"product_tag-otroci","9":"product_tag-otroska-kolesa","10":"product_tag-otrosko-kolo","11":"product_tag-outlet","13":"first","14":"instock","15":"sale","16":"taxable","17":"shipping-taxable","18":"purchasable","19":"product-type-simple"},"acf":[],"aioseo_notices":[],"_links":{"self":[{"href":"https:\/\/ritosa.click.si\/hr\/wp-json\/wp\/v2\/product\/12939","targetHints":{"allow":["GET"]}}],"collection":[{"href":"https:\/\/ritosa.click.si\/hr\/wp-json\/wp\/v2\/product"}],"about":[{"href":"https:\/\/ritosa.click.si\/hr\/wp-json\/wp\/v2\/types\/product"}],"wp:featuredmedia":[{"embeddable":true,"href":"https:\/\/ritosa.click.si\/hr\/wp-json\/wp\/v2\/media\/12940"}],"wp:attachment":[{"href":"https:\/\/ritosa.click.si\/hr\/wp-json\/wp\/v2\/media?parent=12939"}],"wp:term":[{"taxonomy":"product_brand","embeddable":true,"href":"https:\/\/ritosa.click.si\/hr\/wp-json\/wp\/v2\/product_brand?post=12939"},{"taxonomy":"product_cat","embeddable":true,"href":"https:\/\/ritosa.click.si\/hr\/wp-json\/wp\/v2\/product_cat?post=12939"},{"taxonomy":"product_tag","embeddable":true,"href":"https:\/\/ritosa.click.si\/hr\/wp-json\/wp\/v2\/product_tag?post=12939"}],"curies":[{"name":"radni list","href":"https:\/\/api.w.org\/{rel}","templated":true}]}}