{"id":12925,"date":"2024-07-12T13:06:11","date_gmt":"2024-07-12T13:06:11","guid":{"rendered":"https:\/\/ritosa.click.si\/?post_type=product&#038;p=12925"},"modified":"2025-09-23T10:14:21","modified_gmt":"2025-09-23T08:14:21","slug":"rocke-krmila-otroske-pink-black","status":"publish","type":"product","link":"https:\/\/ritosa.click.si\/hr\/ducan\/biciklizam\/oprema-za-biciklizam\/dodatna-oprema-in-rezervni-deli\/rocke-in-trakovi-krmila\/rocke-krmila-otroske-pink-black\/","title":{"rendered":"Dje\u010dji gripovi ru\u017ei\u010dasto-crni"},"content":{"rendered":"<ul>\n<li>Zatvorene gumene ru\u010dke bez \u010depova, dje\u010dje<\/li>\n<li>Unutarnji promjer: 22,2 mm<\/li>\n<li>Duljina: 90 mm<\/li>\n<li>Te\u017eina 1 para: 85 g<\/li>\n<\/ul>","protected":false},"excerpt":{"rendered":"<p>Dje\u010dji gripovi sa zvjezdama<\/p>","protected":false},"featured_media":12926,"template":"","meta":{"_acf_changed":false,"inline_featured_image":false,"_monsterinsights_skip_tracking":false,"_monsterinsights_sitenote_active":false,"_monsterinsights_sitenote_note":"","_monsterinsights_sitenote_category":0},"product_brand":[1559],"product_cat":[542],"product_tag":[1460,1198,1621,1623,1613],"class_list":{"0":"post-12925","1":"product","2":"type-product","3":"status-publish","4":"has-post-thumbnail","6":"product_brand-force","7":"product_cat-rocke-in-trakovi-krmila","8":"product_tag-force","9":"product_tag-otroci","10":"product_tag-otroske-rocke","11":"product_tag-otroske-rocke-force","12":"product_tag-rocke-za-kolo","14":"first","15":"instock","16":"sale","17":"taxable","18":"shipping-taxable","19":"purchasable","20":"product-type-simple"},"acf":[],"aioseo_notices":[],"_links":{"self":[{"href":"https:\/\/ritosa.click.si\/hr\/wp-json\/wp\/v2\/product\/12925","targetHints":{"allow":["GET"]}}],"collection":[{"href":"https:\/\/ritosa.click.si\/hr\/wp-json\/wp\/v2\/product"}],"about":[{"href":"https:\/\/ritosa.click.si\/hr\/wp-json\/wp\/v2\/types\/product"}],"wp:featuredmedia":[{"embeddable":true,"href":"https:\/\/ritosa.click.si\/hr\/wp-json\/wp\/v2\/media\/12926"}],"wp:attachment":[{"href":"https:\/\/ritosa.click.si\/hr\/wp-json\/wp\/v2\/media?parent=12925"}],"wp:term":[{"taxonomy":"product_brand","embeddable":true,"href":"https:\/\/ritosa.click.si\/hr\/wp-json\/wp\/v2\/product_brand?post=12925"},{"taxonomy":"product_cat","embeddable":true,"href":"https:\/\/ritosa.click.si\/hr\/wp-json\/wp\/v2\/product_cat?post=12925"},{"taxonomy":"product_tag","embeddable":true,"href":"https:\/\/ritosa.click.si\/hr\/wp-json\/wp\/v2\/product_tag?post=12925"}],"curies":[{"name":"radni list","href":"https:\/\/api.w.org\/{rel}","templated":true}]}}