{"id":12923,"date":"2024-07-10T19:06:32","date_gmt":"2024-07-10T19:06:32","guid":{"rendered":"https:\/\/ritosa.click.si\/?post_type=product&#038;p=12923"},"modified":"2026-03-22T23:01:20","modified_gmt":"2026-03-22T22:01:20","slug":"neom-letric-20-ls-3","status":"publish","type":"product","link":"https:\/\/ritosa.click.si\/hr\/ducan\/biciklizam\/kotaci\/elektricna-kolesa\/zlozljiva-elektricna-kolesa\/neom-letric-20-ls-3\/","title":{"rendered":"NEOM Letric 20\u2033 LS Integra"},"content":{"rendered":"<p>Elektri\u010dni sklopivi bicikl NEOM LETRIC 20 LS<\/p>\n<p>NEOM sklopivi elektri\u010dni bicikl jedan je od najkorisnijih elektri\u010dnih bicikala na tr\u017ei\u0161tu. S biciklom koji ima pomo\u0107ni elektri\u010dni motor lako \u0107ete sti\u0107i do odredi\u0161ta. Okvir, upravlja\u010d i pedale bicikla se sklapaju tako da ga mo\u017eete lako prevoziti automobilom. Ima LED svjetla za no\u0107nu vo\u017enju. A stra\u017enji nosa\u010d mo\u017eete koristiti kada idete u kupovinu.<\/p>\n<p>Specifikacija:<br \/>\nOkvir: 6061 ALU, sklopivi, LS \u2013 niska stepenica<br \/>\nVilice: Alu 20 ovjes<br \/>\nMjenja\u010d: Shimano Tourney 7P<br \/>\nKo\u010dnice: Tektro mehani\u010dke disk ko\u010dnice<br \/>\nGume: 20\u00d72.125 Kenda<br \/>\nMotor: Bafang, 8FUN<br \/>\nBaterije: Li-ion 36V 10,4 Ah<br \/>\nDomet: do 70 km<br \/>\nZaslon: AP7, LCD 450U<br \/>\nSvjetlo: LED<br \/>\nDodatna oprema: blatobrani, nosa\u010d za prtljagu, bo\u010dni stalak<br \/>\nTe\u017eina: 21 kg<\/p>","protected":false},"excerpt":{"rendered":"<p>Zlo\u017eljivo elektri\u010dno kolo NEOM Letric 20\u2033 LS<\/p>\n<ul>\n<li>Nizek okvir za enostaven vstop in sestop<\/li>\n<\/ul>\n<p><span style=\"color: #00ccff\">MOGU\u0106NOST PRIJAVE ZA DODATNE SUBVENCIJE -25%<\/span><\/p>","protected":false},"featured_media":22120,"template":"","meta":{"_acf_changed":false,"inline_featured_image":false,"_monsterinsights_skip_tracking":false,"_monsterinsights_sitenote_active":false,"_monsterinsights_sitenote_note":"","_monsterinsights_sitenote_category":0},"product_brand":[],"product_cat":[642],"product_tag":[],"class_list":{"0":"post-12923","1":"product","2":"type-product","3":"status-publish","4":"has-post-thumbnail","6":"product_cat-zlozljiva-elektricna-kolesa","8":"first","9":"onbackorder","10":"sale","11":"taxable","12":"shipping-taxable","13":"purchasable","14":"product-type-simple"},"acf":[],"aioseo_notices":[],"_links":{"self":[{"href":"https:\/\/ritosa.click.si\/hr\/wp-json\/wp\/v2\/product\/12923","targetHints":{"allow":["GET"]}}],"collection":[{"href":"https:\/\/ritosa.click.si\/hr\/wp-json\/wp\/v2\/product"}],"about":[{"href":"https:\/\/ritosa.click.si\/hr\/wp-json\/wp\/v2\/types\/product"}],"wp:featuredmedia":[{"embeddable":true,"href":"https:\/\/ritosa.click.si\/hr\/wp-json\/wp\/v2\/media\/22120"}],"wp:attachment":[{"href":"https:\/\/ritosa.click.si\/hr\/wp-json\/wp\/v2\/media?parent=12923"}],"wp:term":[{"taxonomy":"product_brand","embeddable":true,"href":"https:\/\/ritosa.click.si\/hr\/wp-json\/wp\/v2\/product_brand?post=12923"},{"taxonomy":"product_cat","embeddable":true,"href":"https:\/\/ritosa.click.si\/hr\/wp-json\/wp\/v2\/product_cat?post=12923"},{"taxonomy":"product_tag","embeddable":true,"href":"https:\/\/ritosa.click.si\/hr\/wp-json\/wp\/v2\/product_tag?post=12923"}],"curies":[{"name":"radni list","href":"https:\/\/api.w.org\/{rel}","templated":true}]}}