{"id":12870,"date":"2024-07-09T16:44:39","date_gmt":"2024-07-09T16:44:39","guid":{"rendered":"https:\/\/ritosa.click.si\/?post_type=product&#038;p=12870"},"modified":"2026-02-12T11:58:36","modified_gmt":"2026-02-12T10:58:36","slug":"tofit-gravel-z-naramnicami","status":"publish","type":"product","link":"https:\/\/ritosa.click.si\/hr\/ducan\/biciklizam\/oprema-za-biciklizam\/kolesarska-oblacila\/moska-oblacila\/moske-hlace\/tofit-gravel-z-naramnicami\/","title":{"rendered":"Hla\u010de Tofit Gravel s naramenicama"},"content":{"rendered":"<p data-start=\"97\" data-end=\"449\">Biciklisti\u010dke hla\u010de s naramenicama izra\u0111ene su od inovativne tkanine THUNDERBIKE POWER NATIVE DI SITIP \u2013 pre\u0111e stvorene od recikliranih materijala.<\/p>\n<p data-start=\"451\" data-end=\"634\">Dva mre\u017easta bo\u010dna d\u017eepa na bo\u010dnim remenima omogu\u0107uju vam pohranu energetskih gelova, pa \u010dak i mobitela, bez ometanja atletskog kretanja ili kretanja nogu biciklista.<\/p>\n<p data-start=\"636\" data-end=\"827\">Antibakterijski i hipoalergeni ulo\u017eak San Polo, posebno dizajniran za vo\u017enju po \u0161ljunku, namijenjen je najzahtjevnijim biciklistima koji obra\u0107aju pa\u017enju na dinamiku terena po kojem voze.<\/p>\n<p data-start=\"829\" data-end=\"985\">Unutarnji umetak: 83 % PL, 17 % EA<br data-start=\"862\" data-end=\"865\" \/>Elasti\u010dna poliesterska traka, otisnuta u bojama hla\u010da, sa silikonskim printom za bolje prianjanje.<\/p>","protected":false},"excerpt":{"rendered":"<p>Biciklisti\u010dke hla\u010de s naramenicama i bo\u010dnim d\u017eepovima<\/p>","protected":false},"featured_media":12877,"template":"","meta":{"_acf_changed":false,"inline_featured_image":false,"_monsterinsights_skip_tracking":false,"_monsterinsights_sitenote_active":false,"_monsterinsights_sitenote_note":"","_monsterinsights_sitenote_category":0},"product_brand":[1975],"product_cat":[623],"product_tag":[2134,2132,2143,2149,1200,1979,2151,2145,2150],"class_list":{"0":"post-12870","1":"product","2":"type-product","3":"status-publish","4":"has-post-thumbnail","6":"product_brand-tofit","7":"product_cat-moske-hlace","8":"product_tag-hlace","9":"product_tag-kolesarske-hlace","10":"product_tag-kolesarske-hlace-z-naramnicami","11":"product_tag-kratke-kolesarske-hlace","12":"product_tag-moski","13":"product_tag-tofit","14":"product_tag-tofit-gravel","15":"product_tag-tofit-hlace","16":"product_tag-tofit-hlace-gravel","17":"pa_velikost-l","18":"pa_velikost-xl","19":"pa_velikost-xxl","21":"first","22":"instock","23":"sale","24":"taxable","25":"shipping-taxable","26":"purchasable","27":"product-type-variable"},"acf":[],"aioseo_notices":[],"_links":{"self":[{"href":"https:\/\/ritosa.click.si\/hr\/wp-json\/wp\/v2\/product\/12870","targetHints":{"allow":["GET"]}}],"collection":[{"href":"https:\/\/ritosa.click.si\/hr\/wp-json\/wp\/v2\/product"}],"about":[{"href":"https:\/\/ritosa.click.si\/hr\/wp-json\/wp\/v2\/types\/product"}],"wp:featuredmedia":[{"embeddable":true,"href":"https:\/\/ritosa.click.si\/hr\/wp-json\/wp\/v2\/media\/12877"}],"wp:attachment":[{"href":"https:\/\/ritosa.click.si\/hr\/wp-json\/wp\/v2\/media?parent=12870"}],"wp:term":[{"taxonomy":"product_brand","embeddable":true,"href":"https:\/\/ritosa.click.si\/hr\/wp-json\/wp\/v2\/product_brand?post=12870"},{"taxonomy":"product_cat","embeddable":true,"href":"https:\/\/ritosa.click.si\/hr\/wp-json\/wp\/v2\/product_cat?post=12870"},{"taxonomy":"product_tag","embeddable":true,"href":"https:\/\/ritosa.click.si\/hr\/wp-json\/wp\/v2\/product_tag?post=12870"}],"curies":[{"name":"radni list","href":"https:\/\/api.w.org\/{rel}","templated":true}]}}