{"id":12782,"date":"2024-04-25T15:49:29","date_gmt":"2024-04-25T15:49:29","guid":{"rendered":"https:\/\/ritosa.click.si\/?post_type=product&#038;p=12782"},"modified":"2026-03-22T11:03:59","modified_gmt":"2026-03-22T10:03:59","slug":"head-durango-2-0","status":"publish","type":"product","link":"https:\/\/ritosa.click.si\/hr\/ducan\/biciklizam\/kotaci\/elektricna-kolesa\/gorska-elektricna-kolesa\/head-durango-2-0\/","title":{"rendered":"HEAD Durango 2.0"},"content":{"rendered":"<h3><strong>TEHNI\u010cKI PODACI<\/strong><\/h3>\n<ul>\n<li><strong>Okvir:<\/strong> Novi aluminijski termi\u010dki obra\u0111eni okvir, hod od 150 mm, integrirana baterija, veli\u010dine 43\/47\/51 cm<\/li>\n<li><strong>Vilica:<\/strong> Rock Shox 35, G RL 150 mm TPR<\/li>\n<li><strong>Stra\u017enji amortizer:<\/strong> Rock Shox Deluxe Select R, 180\u00d755 mm<\/li>\n<li><strong>Le\u017eaj upravlja\u010da:<\/strong> FSA, br. 57<\/li>\n<li><strong>Motor:<\/strong> Shimano EP8 motor, snaga: 250 W, maksimalni okretni moment: 85 Nm, maksimalna podr\u0161ka do 200%<\/li>\n<li><strong>Baterija:<\/strong> BMZ, V10 725 Wh<\/li>\n<li><strong>Zaslon:<\/strong> KORACI KSCE7000<\/li>\n<li><strong>Prekida\u010d:<\/strong> KORACI SWE6010<\/li>\n<li><strong>Zadnji mjenja\u010d:<\/strong> Sram NX, 12 brzina<\/li>\n<li><strong>Ru\u010dica mjenja\u010da:<\/strong> Sram NX, 1\u00d712<\/li>\n<li><strong>Pogon:<\/strong> FSA, CK-752 36 zuba \/ 175 mm<\/li>\n<li><strong>Lanac:<\/strong> Sram NX, Eagle<\/li>\n<li><strong>Vodilica lanca:<\/strong> Shimano STEPS SM-CDE70<\/li>\n<li><strong>Kola:<\/strong> ERX 29\u201d, 32 rupe<\/li>\n<li><strong>Prednji pesto:<\/strong> HBC Pro, 15\u00d7110 mm<\/li>\n<li><strong>Zadnji pesto:<\/strong> HBC Pro, 12\u00d7148 mm<\/li>\n<li><strong>Gume:<\/strong> Schwalbe Nobby Nic, 29 \u00d7 2,6\u2033 Performance<\/li>\n<li><strong>Ko\u010dnice:<\/strong> Clarks M4, 180\/180 mm<\/li>\n<li><strong>Volan:<\/strong> HBC Pro, R-Film 760 \/ 31,8 mm<\/li>\n<li><strong>Nosa\u010d upravlja\u010da:<\/strong> HBC Pro, R-Film 50\u201370 \/ 31,8 mm<\/li>\n<li><strong>Sjedalo:<\/strong> HBC, VL-3381<\/li>\n<li><strong>Potpora sjedala:<\/strong> Kind Shock ETENi, 385 \/ 30,9 mm \u2013 hod 100 mm<\/li>\n<li><strong>Pedale:<\/strong> Wellgo, M272T DU<\/li>\n<\/ul>\n<div class=\"elementor-container elementor-column-gap-default\">\n<div class=\"elementor-column elementor-col-100 elementor-top-column elementor-element elementor-element-c593dea\">\n<div class=\"elementor-widget-wrap elementor-element-populated\">\n<div class=\"elementor-element elementor-element-0ed0d8e elementor-widget__width-initial elementor-widget elementor-widget-image\">\n<div class=\"elementor-widget-container\"><img fetchpriority=\"high\" decoding=\"async\" class=\"attachment-full size-full wp-image-3311\" src=\"https:\/\/www.head-bike.com\/wp-content\/uploads\/2023\/01\/geo-grafika-2.png\" alt=\"\" width=\"800\" height=\"563\" \/><\/div>\n<\/div>\n<div class=\"elementor-element elementor-element-381d8ec elementor-widget elementor-widget-image\">\n<div class=\"elementor-widget-container\"><img decoding=\"async\" class=\"attachment-large size-large wp-image-4298\" src=\"https:\/\/www.head-bike.com\/wp-content\/uploads\/2023\/10\/Durango-2.0-Frame-geometry-1024x585.jpg\" alt=\"\" width=\"1024\" height=\"585\" \/><\/div>\n<\/div>\n<\/div>\n<\/div>\n<\/div>\n<div class=\"elementor-container elementor-column-gap-default\">\n<div class=\"elementor-column elementor-col-100 elementor-top-column elementor-element elementor-element-28a1fbde\">\n<div class=\"elementor-widget-wrap elementor-element-populated\">\n<div class=\"elementor-element elementor-element-65cb6c2 elementor-widget__width-auto elementor-widget elementor-widget-heading\">\n<div class=\"elementor-widget-container\"><\/div>\n<\/div>\n<\/div>\n<\/div>\n<\/div>","protected":false},"excerpt":{"rendered":"<p>Elektri\u010dni brdski bicikl s punim ovjesom Head Durango 2.0<\/p>\n<ul>\n<li><strong>Motor:<\/strong> Shimano EP8 motor<\/li>\n<li><strong>Baterija:<\/strong> BMZ, V10 725 Wh<\/li>\n<li><strong>Okvir:<\/strong> Novi aluminijski termi\u010dki obra\u0111eni okvir<\/li>\n<li><strong>Vilica:<\/strong> RockShox 35<\/li>\n<li><strong>Zadnji mjenja\u010d:<\/strong> Sram NX<\/li>\n<li><strong>Kota\u010di:<\/strong> 29\u2033<\/li>\n<li><strong>Te\u017eina:<\/strong> 25,5 kg<\/li>\n<\/ul>\n<p><span style=\"color: #d0121a\">NA ZALIHI U TRGOVINI \u2013 47 (L)<\/span><\/p>","protected":false},"featured_media":12784,"template":"","meta":{"_acf_changed":false,"inline_featured_image":false,"_monsterinsights_skip_tracking":false,"_monsterinsights_sitenote_active":false,"_monsterinsights_sitenote_note":"","_monsterinsights_sitenote_category":0},"product_brand":[1193],"product_cat":[629],"product_tag":[],"class_list":{"0":"post-12782","1":"product","2":"type-product","3":"status-publish","4":"has-post-thumbnail","6":"product_brand-head","7":"product_cat-gorska-elektricna-kolesa","8":"pa_velikost-l","10":"first","11":"instock","12":"sale","13":"taxable","14":"shipping-taxable","15":"purchasable","16":"product-type-variable"},"acf":[],"aioseo_notices":[],"_links":{"self":[{"href":"https:\/\/ritosa.click.si\/hr\/wp-json\/wp\/v2\/product\/12782","targetHints":{"allow":["GET"]}}],"collection":[{"href":"https:\/\/ritosa.click.si\/hr\/wp-json\/wp\/v2\/product"}],"about":[{"href":"https:\/\/ritosa.click.si\/hr\/wp-json\/wp\/v2\/types\/product"}],"wp:featuredmedia":[{"embeddable":true,"href":"https:\/\/ritosa.click.si\/hr\/wp-json\/wp\/v2\/media\/12784"}],"wp:attachment":[{"href":"https:\/\/ritosa.click.si\/hr\/wp-json\/wp\/v2\/media?parent=12782"}],"wp:term":[{"taxonomy":"product_brand","embeddable":true,"href":"https:\/\/ritosa.click.si\/hr\/wp-json\/wp\/v2\/product_brand?post=12782"},{"taxonomy":"product_cat","embeddable":true,"href":"https:\/\/ritosa.click.si\/hr\/wp-json\/wp\/v2\/product_cat?post=12782"},{"taxonomy":"product_tag","embeddable":true,"href":"https:\/\/ritosa.click.si\/hr\/wp-json\/wp\/v2\/product_tag?post=12782"}],"curies":[{"name":"radni list","href":"https:\/\/api.w.org\/{rel}","templated":true}]}}