{"id":12767,"date":"2024-04-19T12:05:12","date_gmt":"2024-04-19T12:05:12","guid":{"rendered":"https:\/\/ritosa.click.si\/?post_type=product&#038;p=12767"},"modified":"2026-02-11T11:14:23","modified_gmt":"2026-02-11T10:14:23","slug":"rog-pony-classic-3-8","status":"publish","type":"product","link":"https:\/\/ritosa.click.si\/hr\/ducan\/biciklizam\/kotaci\/rog-pony-kolesa\/classic-3\/rog-pony-classic-3-8\/","title":{"rendered":"Rog PONY CLASSIC 3"},"content":{"rendered":"<p>VOZITE SE SA STILOM \u2013 Retro izgled s modernim dodirom.\nPony je bicikl za svaku priliku. Odli\u010dno pristaje uz kupa\u0107i kostim, sportsku eleganciju ili ve\u010dernje haljine.<\/p>\n<p>SIGURNOST NA PRVOM MJESTU \u2013 Dva elektri\u010dna LED svjetla, reflektori i odzivne ko\u010dnice osiguravaju sigurnu vo\u017enju va\u0161im Ponyjem.\nIako vas udobna vo\u017enja mo\u017ee iznenaditi neo\u010dekivanom brzinom.<\/p>\n<p>3 UNUTARNJE BRZINE \u2013 Unutarnji prijenos omogu\u0107uje pouzdano mijenjanje brzina u svim uvjetima.\nOsim toga, vrlo su jednostavni za odr\u017eavanje i traju dulje od vanjskih prijenosa.\nA \u0161to je najva\u017enije \u2013 brzine mo\u017eete mijenjati \u010dak i kada ne okre\u0107ete pedale.<\/p>\n<p>SPECIFIKACIJA:<\/p>\n<ul>\n<li><strong>Okvir:<\/strong>\u00a0<em>Al6061, sklopivi okvir s prtlja\u017enikom<\/em><\/li>\n<li><strong>Vilica:<\/strong>\u00a0<em>Al6061, profilirane s nastavcima za V ko\u010dnice, 1 1\/8<\/em><\/li>\n<li><strong>Le\u017eaj upravlja\u010da:<\/strong>\u00a0<em>Neco H112N, polintegriran le\u017eaj s navojem 1 1\/8<\/em><\/li>\n<li><strong>Le\u017eaj pogona:<\/strong>\u00a0<em>Thun, 68mm BSA integrirani le\u017eaj, \u010detverorubna os<\/em><\/li>\n<li><strong>Pogonska osovina:<\/strong>\u00a0<em>PIONEER-244A-2, 1\/8*44T*170mm<\/em><\/li>\n<li><strong>Glava upravlja\u010da:<\/strong>\u00a0<em>Al6061, \u00d825,4 mm x 300 mm<\/em><\/li>\n<li><strong>Volan:<\/strong>\u00a0<em>Al6061, \u0161irina 660mm, visina 200mm<\/em><\/li>\n<li><strong>Ru\u010dice ko\u010dnica:<\/strong>\u00a0<em>Promax<\/em><\/li>\n<li><strong>Ko\u010dnice:<\/strong>\u00a0<em>Promax TX-121<\/em><\/li>\n<li><strong>Sajle:<\/strong>\u00a0<em>Jagwire<\/em><\/li>\n<li><strong>Sjedalo:<\/strong>\u00a0<em>Selle San Remo Donau<\/em><\/li>\n<li><strong>Potpora sjedala:<\/strong>\u00a0<em>Al6061, \u00d833,9 mm x 400 mm<\/em><\/li>\n<li><strong>Prednji pesto:<\/strong>\u00a0<em>Glav\u010dina od legure<\/em><\/li>\n<li><strong>Zadnji pesto:<\/strong>\u00a0<em>Sturmey Archer RX-RF5<\/em><\/li>\n<li><strong>Kola:<\/strong>\u00a0<em>Nepal<\/em><\/li>\n<li><strong>Gume:<\/strong>\u00a0<em>Kenda<\/em><\/li>\n<li><strong>Lanac:<\/strong>\u00a0<em>KMC, 1\/2- 1\/8<\/em><\/li>\n<li><strong>Pedale:<\/strong>\u00a0<em>Aluminijsko tijelo, neklizaju\u0107a crna boja, Marwi 9\/16\u2033<\/em><\/li>\n<li><strong>Svjetla:<\/strong>\u00a0<em>Baterijske LED lampe<\/em><\/li>\n<li><strong>Blatobrani:<\/strong>\u00a0<em>Eurofender DUO<\/em><\/li>\n<li><strong>Stojalo:<\/strong>\u00a0<em>Ursus 71<\/em><\/li>\n<li><strong>Te\u017eina:<\/strong>\u00a0<em>14 kg (prosje\u010dna te\u017eina sastavljenog bicikla)<\/em><\/li>\n<\/ul>\n<p>Uvijek postoji prilika za vo\u017enju biciklom. Samo sjednite na svog Ponyja i odvezite se. Prtlja\u017enik vam tako\u0111er omogu\u0107uje prijevoz prtljage. A sklopivi okvir savr\u0161en je za prijevoz bicikla u automobilu ili vlaku.<\/p>\n<div class=\"container\">\n<div class=\"row\">\n<div class=\"col-md-6 col-md-offset-3 col-sm-8 col-sm-offset-2\">\n<p>&nbsp;<\/p>\n<\/div>\n<\/div>\n<\/div>","protected":false},"excerpt":{"rendered":"<p><strong>Sklopivi bicikl Pony \u2013 aluminij, lagani okvir, 3 brzine\u00a0<\/strong><\/p>\n<p class=\"feature-description-title\">MODERAN DIZAJN S ELEMENTIMA BOGATE TRADICIJE<\/p>\n<p class=\"feature-description-title\">nova naran\u010dasta boja<\/p>\n<p>Vozite bicikl koji, sa svojom mje\u0161avinom tradicionalnih elemenata i modernog dizajna, predstavlja jedan od najatraktivnijih gradskih bicikala na tr\u017ei\u0161tu.<\/p>","protected":false},"featured_media":12768,"template":"","meta":{"_acf_changed":false,"inline_featured_image":false},"product_brand":[1194],"product_cat":[1214,490],"product_tag":[],"class_list":{"0":"post-12767","1":"product","2":"type-product","3":"status-publish","4":"has-post-thumbnail","6":"product_brand-rog","7":"product_cat-classic-3","8":"product_cat-rog-pony-kolesa","10":"first","11":"instock","12":"sale","13":"taxable","14":"shipping-taxable","15":"purchasable","16":"product-type-simple"},"acf":[],"_links":{"self":[{"href":"https:\/\/ritosa.click.si\/hr\/wp-json\/wp\/v2\/product\/12767","targetHints":{"allow":["GET"]}}],"collection":[{"href":"https:\/\/ritosa.click.si\/hr\/wp-json\/wp\/v2\/product"}],"about":[{"href":"https:\/\/ritosa.click.si\/hr\/wp-json\/wp\/v2\/types\/product"}],"wp:featuredmedia":[{"embeddable":true,"href":"https:\/\/ritosa.click.si\/hr\/wp-json\/wp\/v2\/media\/12768"}],"wp:attachment":[{"href":"https:\/\/ritosa.click.si\/hr\/wp-json\/wp\/v2\/media?parent=12767"}],"wp:term":[{"taxonomy":"product_brand","embeddable":true,"href":"https:\/\/ritosa.click.si\/hr\/wp-json\/wp\/v2\/product_brand?post=12767"},{"taxonomy":"product_cat","embeddable":true,"href":"https:\/\/ritosa.click.si\/hr\/wp-json\/wp\/v2\/product_cat?post=12767"},{"taxonomy":"product_tag","embeddable":true,"href":"https:\/\/ritosa.click.si\/hr\/wp-json\/wp\/v2\/product_tag?post=12767"}],"curies":[{"name":"radni list","href":"https:\/\/api.w.org\/{rel}","templated":true}]}}