{"id":12689,"date":"2024-02-28T11:51:24","date_gmt":"2024-02-28T11:51:24","guid":{"rendered":"https:\/\/ritosa.click.si\/?post_type=product&#038;p=12689"},"modified":"2026-03-07T19:06:38","modified_gmt":"2026-03-07T18:06:38","slug":"smucarske-rokavice-ziener-labino","status":"publish","type":"product","link":"https:\/\/ritosa.click.si\/hr\/ducan\/skijanje\/smucarska-oprema\/smucarske-rokavice\/otroske-smucarske-rokavice\/smucarske-rokavice-ziener-labino\/","title":{"rendered":"Ziener Labino skija\u0161ke rukavice"},"content":{"rendered":"<p>Skija\u0161ke rukavice <strong data-start=\"19\" data-end=\"36\">Ziener Labino<\/strong> so \u0161portne otro\u0161ke rokavice, zasnovane za udobje in za\u0161\u010dito med zimskimi aktivnostmi. Opremljene so z <strong data-start=\"139\" data-end=\"170\">membrano Ziener AQUASHIELD\u00ae<\/strong>, ki je vodoodporna in odporna proti vetru ter ohranja roke suhe in tople tudi v mokrem snegu. Notranja <strong data-start=\"274\" data-end=\"296\">mehka flis podloga<\/strong> zagotavlja dodatno toploto in prijeten ob\u010dutek pri no\u0161enju. Dlan rokavic je zasnovana tako, da omogo\u010da <strong data-start=\"400\" data-end=\"434\">dober oprijem smu\u010darskih palic<\/strong> in bolj\u0161i nadzor pri smu\u010danju. Zaradi kakovostnih materialov in udobnega prileganja so rokavice primerne za <strong data-start=\"543\" data-end=\"608\">otroke in mladino pri smu\u010danju ter drugih zimskih aktivnostih<\/strong>.<\/p>","protected":false},"excerpt":{"rendered":"<p>Otro\u0161ke smu\u010darske rokavice Ziener Labino<\/p>","protected":false},"featured_media":12691,"template":"","meta":{"_acf_changed":false,"inline_featured_image":false},"product_brand":[682],"product_cat":[605],"product_tag":[],"class_list":{"0":"post-12689","1":"product","2":"type-product","3":"status-publish","4":"has-post-thumbnail","6":"product_brand-ziener","7":"product_cat-otroske-smucarske-rokavice","8":"pa_velikost-749","9":"pa_velikost-5-5","11":"first","12":"instock","13":"sale","14":"taxable","15":"shipping-taxable","16":"purchasable","17":"product-type-variable"},"acf":[],"_links":{"self":[{"href":"https:\/\/ritosa.click.si\/hr\/wp-json\/wp\/v2\/product\/12689","targetHints":{"allow":["GET"]}}],"collection":[{"href":"https:\/\/ritosa.click.si\/hr\/wp-json\/wp\/v2\/product"}],"about":[{"href":"https:\/\/ritosa.click.si\/hr\/wp-json\/wp\/v2\/types\/product"}],"wp:featuredmedia":[{"embeddable":true,"href":"https:\/\/ritosa.click.si\/hr\/wp-json\/wp\/v2\/media\/12691"}],"wp:attachment":[{"href":"https:\/\/ritosa.click.si\/hr\/wp-json\/wp\/v2\/media?parent=12689"}],"wp:term":[{"taxonomy":"product_brand","embeddable":true,"href":"https:\/\/ritosa.click.si\/hr\/wp-json\/wp\/v2\/product_brand?post=12689"},{"taxonomy":"product_cat","embeddable":true,"href":"https:\/\/ritosa.click.si\/hr\/wp-json\/wp\/v2\/product_cat?post=12689"},{"taxonomy":"product_tag","embeddable":true,"href":"https:\/\/ritosa.click.si\/hr\/wp-json\/wp\/v2\/product_tag?post=12689"}],"curies":[{"name":"radni list","href":"https:\/\/api.w.org\/{rel}","templated":true}]}}