{"id":12672,"date":"2024-02-28T10:47:16","date_gmt":"2024-02-28T10:47:16","guid":{"rendered":"https:\/\/ritosa.click.si\/?post_type=product&#038;p=12672"},"modified":"2026-03-06T18:40:05","modified_gmt":"2026-03-06T17:40:05","slug":"marker-squad-jr-4","status":"publish","type":"product","link":"https:\/\/ritosa.click.si\/hr\/ducan\/skijanje\/smucarska-oprema\/smucarske-celade\/otroske-smucarske-celade\/marker-squad-jr-4\/","title":{"rendered":"Marker Squad JR"},"content":{"rendered":"<p><span class=\"HwtZe\" lang=\"sl\" xml:lang=\"sl\"><span class=\"jCAhz ChMk0b\"><span class=\"ryNqvb\">Vrlo izdr\u017eljiva kaciga SQUAD JUNIOR napravljena je za svu onu neustra\u0161ivu djecu koja marljivo daju svoj doprinos u testiranju zakona gravitacije.<\/span><\/span> S<span class=\"jCAhz ChMk0b\"><span class=\"ryNqvb\">Kruta konstrukcija s EPS jezgrom koja apsorbira udarce i laganom, ali \u010dvrstom ABS \u0161koljkom pru\u017ea pove\u0107anu za\u0161titu, funkcionalnost i stil.<\/span><\/span> <span class=\"jCAhz ChMk0b\"><span class=\"ryNqvb\">MarkAIR CHANNEL SYSTEM i RTS KOTA\u010cI\u0106 za pode\u0161avanje veli\u010dine omogu\u0107uju jednostavno pode\u0161avanje, savr\u0161eno pristajanje i izvrsnu kontrolu topline.<\/span><\/span> <span class=\"jCAhz ChMk0b\"><span class=\"ryNqvb\">Ako radije nosite kapu ispod kacige: Xdry Performance podstava se mo\u017ee ukloniti u trenu.<\/span><\/span><\/span><\/p>\n<table>\n<tbody>\n<tr>\n<td>Sigurnosni certifikat<\/td>\n<td>CE-EN-1077-2007-Klasa-B<\/td>\n<\/tr>\n<tr>\n<td>Za\u0161tita<\/td>\n<td><span class=\"array-item\">Za\u0161tita rubova od EPS-a<\/span><\/td>\n<\/tr>\n<tr>\n<td>Udobnost<\/td>\n<td><span class=\"array-item\">FIKSNE Jastu\u010di\u0107i za u\u0161i <span class=\"comma\">,<\/span><\/span><span class=\"array-item\"> Xdry Liner <\/span><\/td>\n<\/tr>\n<tr>\n<td>Posebne zna\u010dajke<\/td>\n<td><span class=\"array-item\">Spremno za kapu<\/span><\/td>\n<\/tr>\n<tr>\n<td>Gra\u0111evinarstvo<\/td>\n<td>Tvrda ABS \u0161koljka<\/td>\n<\/tr>\n<\/tbody>\n<\/table>","protected":false},"excerpt":{"rendered":"<p>Otro\u0161ka smu\u010darska \u010delada Marker Squad JR<\/p>","protected":false},"featured_media":12674,"template":"","meta":{"_acf_changed":false,"inline_featured_image":false},"product_brand":[2242],"product_cat":[569],"product_tag":[],"class_list":{"0":"post-12672","1":"product","2":"type-product","3":"status-publish","4":"has-post-thumbnail","6":"product_brand-marker","7":"product_cat-otroske-smucarske-celade","8":"pa_velikost-51-56","10":"first","11":"instock","12":"sale","13":"taxable","14":"shipping-taxable","15":"purchasable","16":"product-type-variable"},"acf":[],"_links":{"self":[{"href":"https:\/\/ritosa.click.si\/hr\/wp-json\/wp\/v2\/product\/12672","targetHints":{"allow":["GET"]}}],"collection":[{"href":"https:\/\/ritosa.click.si\/hr\/wp-json\/wp\/v2\/product"}],"about":[{"href":"https:\/\/ritosa.click.si\/hr\/wp-json\/wp\/v2\/types\/product"}],"wp:featuredmedia":[{"embeddable":true,"href":"https:\/\/ritosa.click.si\/hr\/wp-json\/wp\/v2\/media\/12674"}],"wp:attachment":[{"href":"https:\/\/ritosa.click.si\/hr\/wp-json\/wp\/v2\/media?parent=12672"}],"wp:term":[{"taxonomy":"product_brand","embeddable":true,"href":"https:\/\/ritosa.click.si\/hr\/wp-json\/wp\/v2\/product_brand?post=12672"},{"taxonomy":"product_cat","embeddable":true,"href":"https:\/\/ritosa.click.si\/hr\/wp-json\/wp\/v2\/product_cat?post=12672"},{"taxonomy":"product_tag","embeddable":true,"href":"https:\/\/ritosa.click.si\/hr\/wp-json\/wp\/v2\/product_tag?post=12672"}],"curies":[{"name":"radni list","href":"https:\/\/api.w.org\/{rel}","templated":true}]}}