{"id":12615,"date":"2023-12-06T14:21:28","date_gmt":"2023-12-06T14:21:28","guid":{"rendered":"https:\/\/ritosa.click.si\/?post_type=product&#038;p=12615"},"modified":"2026-03-07T16:26:17","modified_gmt":"2026-03-07T15:26:17","slug":"alpina-double-jack-qv-white-lilac","status":"publish","type":"product","link":"https:\/\/ritosa.click.si\/hr\/ducan\/skijanje\/smucarska-oprema\/smucarska-ocala\/odrasla-smucarska-ocala\/alpina-double-jack-qv-white-lilac\/","title":{"rendered":"Alpina Double Jack QV bijelo-lila"},"content":{"rendered":"<p>Alpina DOUBLE JACK QV sa sferi\u010dnim le\u0107ama su moderne skija\u0161ke i snowboard nao\u010dale u klasi\u010dnom stilu. Ove nao\u010dale imaju QuattroVarioflex Multimirror stakla. Alpina je za vas spojila sve najmodernije tehnologije, tako da vam polarizacija u kombinaciji s fotokromatskim staklom nudi optimalnu vidljivost u svim vremenskim uvjetima uz 100% UV za\u0161titu. Sferno staklo je zakrivljeno na dvije osi kako biste dobili najbolji periferni vid. Zra\u010dni jastuk izme\u0111u pojedina\u010dnih le\u0107a nao\u010dala stvara toplinsku izolaciju, koja sprje\u010dava zamagljivanje le\u0107a. Nao\u010dale su izra\u0111ene tako da ispod njih mo\u017eete nositi i dioptrijske nao\u010dale. Udoban okvir savr\u0161eno se prilago\u0111ava va\u0161em licu i udoban je za no\u0161enje zahvaljuju\u0107i mekoj pjenastoj podstavi. Remen s dodatkom silikona osigurava da nao\u010dale \u010dvrsto stoje na kacigi. Razina zatamnjenja: S2-3<\/p>\n<ul>\n<li>Quattroflex: Polarizacijski filter, ki filtrira svetlobo in prepu\u0161\u010da le \u017earke neposrednih virov svetlobe. Prepre\u010duje ble\u0161\u010danje in odsev, kontrast se okrepi kar uporabniku zagotovi bolj\u0161o vidljivost v razpr\u0161eni (difuzni) svetlobi. Ravno na snegu je omenjena funkcija izjemno pomembna.<\/li>\n<li>Varioflex: Fotokromatski premaz omogo\u010da avtomatsko zatemnitev le\u010de glede na jakost UV \u017earkov, zato je ta le\u010da primerna za vse vremenske razmere.<\/li>\n<li>Mirror (M):\u00a0le\u010da z mo\u010dno odsevno plastjo \u0161\u010diti pred ble\u0161\u010danjem in infrarde\u010do svetlobo<\/li>\n<li>Fogstop: je premaz na notranji strani le\u010d za za\u0161\u010dito o\u010dal pred rosenjem<\/li>\n<li>Sferi\u010dna le\u010da: steklo je ukrivljeno na dveh oseh tako da z njimi dobite najbolj\u0161i periferni vid<\/li>\n<li>Doublelens thermoblock: smu\u010darska o\u010dala z dvojnimi le\u010dami, ki ju lo\u010duje zrak med njima<\/li>\n<li>180\u00b0+ view: Alpina smu\u010darska o\u010dala s 180\u00b0+ pogledom imajo \u0161e ve\u010dje vidno polje kot je zahtevano po CE standardu<\/li>\n<li>Comfort frame: Za\u0161\u010ditna o\u010dala so ergonomi\u010dno oblikovana in se tako optimalno prilegajo vsaki obliki obraza<\/li>\n<li>Ventilacija okvira: Otvori na bo\u010dnim i donjim rubovima okvira omogu\u0107uju protok zraka u unutra\u0161njost nao\u010dala, sprje\u010davaju\u0107i zamagljivanje le\u0107a.<\/li>\n<li>Rimless: Smu\u010darska o\u010dala brez vidnega okvirja imajo ve\u010dje vidno polje<\/li>\n<li>OTG\u00a0\u2013 O\u010dala se lahko nosijo skupaj z va\u0161imi korekcijskimi o\u010dali.<\/li>\n<\/ul>","protected":false},"excerpt":{"rendered":"<p>Odrasla smu\u010darska o\u010dala Alpina Double Jack QV<\/p>","protected":false},"featured_media":12616,"template":"","meta":{"_acf_changed":false,"inline_featured_image":false,"_monsterinsights_skip_tracking":false,"_monsterinsights_sitenote_active":false,"_monsterinsights_sitenote_note":"","_monsterinsights_sitenote_category":0},"product_brand":[678],"product_cat":[606],"product_tag":[],"class_list":{"0":"post-12615","1":"product","2":"type-product","3":"status-publish","4":"has-post-thumbnail","6":"product_brand-alpina","7":"product_cat-odrasla-smucarska-ocala","9":"first","10":"instock","11":"sale","12":"taxable","13":"shipping-taxable","14":"purchasable","15":"product-type-simple"},"acf":[],"aioseo_notices":[],"_links":{"self":[{"href":"https:\/\/ritosa.click.si\/hr\/wp-json\/wp\/v2\/product\/12615","targetHints":{"allow":["GET"]}}],"collection":[{"href":"https:\/\/ritosa.click.si\/hr\/wp-json\/wp\/v2\/product"}],"about":[{"href":"https:\/\/ritosa.click.si\/hr\/wp-json\/wp\/v2\/types\/product"}],"wp:featuredmedia":[{"embeddable":true,"href":"https:\/\/ritosa.click.si\/hr\/wp-json\/wp\/v2\/media\/12616"}],"wp:attachment":[{"href":"https:\/\/ritosa.click.si\/hr\/wp-json\/wp\/v2\/media?parent=12615"}],"wp:term":[{"taxonomy":"product_brand","embeddable":true,"href":"https:\/\/ritosa.click.si\/hr\/wp-json\/wp\/v2\/product_brand?post=12615"},{"taxonomy":"product_cat","embeddable":true,"href":"https:\/\/ritosa.click.si\/hr\/wp-json\/wp\/v2\/product_cat?post=12615"},{"taxonomy":"product_tag","embeddable":true,"href":"https:\/\/ritosa.click.si\/hr\/wp-json\/wp\/v2\/product_tag?post=12615"}],"curies":[{"name":"radni list","href":"https:\/\/api.w.org\/{rel}","templated":true}]}}