{"id":12600,"date":"2023-12-06T13:03:40","date_gmt":"2023-12-06T13:03:40","guid":{"rendered":"https:\/\/ritosa.click.si\/?post_type=product&#038;p=12600"},"modified":"2026-03-07T11:36:04","modified_gmt":"2026-03-07T10:36:04","slug":"leki-stella-s","status":"publish","type":"product","link":"https:\/\/ritosa.click.si\/hr\/ducan\/skijanje\/smucarska-oprema\/smucarske-palice\/odrasle-smucarske-palice\/leki-stella-s\/","title":{"rendered":"Leki Stella S."},"content":{"rendered":"<p>Leki Stella S skija\u0161ki \u0161tapovi su izvrsni \u0161tapovi posebno dizajnirani za skija\u0161ice. Impresionirat \u0107e vas svojim jednostavnim i brzim sustavom pri\u010dvr\u0161\u0107ivanja remenom za ru\u010dku i termalnom ru\u010dkom koja dulje odr\u017eava va\u0161e prste toplima.<\/p>\n<table class=\"table product-detail-properties-table\">\n<tbody>\n<tr class=\"properties-row\">\n<th class=\"properties-label\" style=\"text-align: left\">Aktivnost<\/th>\n<td class=\"properties-value\">Alpsko skijanje<\/td>\n<\/tr>\n<tr class=\"properties-row\">\n<th class=\"properties-label\" style=\"text-align: left\">Dobna skupina<\/th>\n<td class=\"properties-value\">Odrasli<\/td>\n<\/tr>\n<tr class=\"properties-row\">\n<th class=\"properties-label\" style=\"text-align: left\">Spol<\/th>\n<td class=\"properties-value\">\u017dene<\/td>\n<\/tr>\n<tr class=\"properties-row\">\n<th class=\"properties-label\" style=\"text-align: left\">Duljina\/veli\u010dina<\/th>\n<td class=\"properties-value\">105 \u2013 125 cm (u koracima od 5 cm)<\/td>\n<\/tr>\n<tr class=\"properties-row\">\n<th class=\"properties-label\" style=\"text-align: left\">Gra\u0111evinarstvo<\/th>\n<td class=\"properties-value\">Fiksna duljina<\/td>\n<\/tr>\n<tr class=\"properties-row\">\n<th class=\"properties-label\" style=\"text-align: left\">Masa<\/th>\n<td class=\"properties-value\">207 g (115 cm)<\/td>\n<\/tr>\n<tr class=\"properties-row\">\n<th class=\"properties-label\" style=\"text-align: left\">Segmenti<\/th>\n<td class=\"properties-value\">1<\/td>\n<\/tr>\n<tr class=\"properties-row\">\n<th class=\"properties-label\" style=\"text-align: left\">Promjer<\/th>\n<td class=\"properties-value\">16 mm<\/td>\n<\/tr>\n<tr class=\"properties-row\">\n<th class=\"properties-label\" style=\"text-align: left\">Sustav pri\u010dvr\u0161\u0107ivanja<\/th>\n<td class=\"properties-value\">Sustav okidanja<\/td>\n<\/tr>\n<tr class=\"properties-row\">\n<th class=\"properties-label\" style=\"text-align: left\">Geometrija \u0161ipke<\/th>\n<td class=\"properties-value\">Stan<\/td>\n<\/tr>\n<tr class=\"properties-row\">\n<th class=\"properties-label\" style=\"text-align: left\">Oblik \u0161ipke<\/th>\n<td class=\"properties-value\">Cilindri\u010dan<\/td>\n<\/tr>\n<tr class=\"properties-row\">\n<th class=\"properties-label\" style=\"text-align: left\">Ru\u010dka<\/th>\n<td class=\"properties-value\">Trigger S Termo Compact<\/td>\n<\/tr>\n<tr class=\"properties-row\">\n<th class=\"properties-label\" style=\"text-align: left\">Traka<\/th>\n<td class=\"properties-value\">Trigger Vario remen<\/td>\n<\/tr>\n<tr class=\"properties-row\">\n<th class=\"properties-label\" style=\"text-align: left\">Materijal \u0161ipke<\/th>\n<td class=\"properties-value\">Aluminij (HTS 5.5)<\/td>\n<\/tr>\n<tr class=\"properties-row\">\n<th class=\"properties-label\" style=\"text-align: left\">Skije<\/th>\n<td class=\"properties-value\">Alpska kobra<\/td>\n<\/tr>\n<tr class=\"properties-row\">\n<th class=\"properties-label\" style=\"text-align: left\">Savjet<\/th>\n<td class=\"properties-value\">Ledeni vrh (unutar osovine)<\/td>\n<\/tr>\n<tr class=\"properties-row\">\n<th class=\"properties-label\" style=\"text-align: left\">Veli\u010dina vrha<\/th>\n<td class=\"properties-value\">Jedna veli\u010dina<\/td>\n<\/tr>\n<\/tbody>\n<\/table>","protected":false},"excerpt":{"rendered":"<p>\u017denske smu\u010darske palice Leki Stella S<\/p>","protected":false},"featured_media":12602,"template":"","meta":{"_acf_changed":false,"inline_featured_image":false,"_monsterinsights_skip_tracking":false,"_monsterinsights_sitenote_active":false,"_monsterinsights_sitenote_note":"","_monsterinsights_sitenote_category":0},"product_brand":[691],"product_cat":[597],"product_tag":[1199],"class_list":{"0":"post-12600","1":"product","2":"type-product","3":"status-publish","4":"has-post-thumbnail","6":"product_brand-leki","7":"product_cat-odrasle-smucarske-palice","8":"product_tag-zenske","9":"pa_velikost-120-2","10":"pa_velikost-790","12":"first","13":"instock","14":"sale","15":"taxable","16":"shipping-taxable","17":"purchasable","18":"product-type-variable"},"acf":[],"aioseo_notices":[],"_links":{"self":[{"href":"https:\/\/ritosa.click.si\/hr\/wp-json\/wp\/v2\/product\/12600","targetHints":{"allow":["GET"]}}],"collection":[{"href":"https:\/\/ritosa.click.si\/hr\/wp-json\/wp\/v2\/product"}],"about":[{"href":"https:\/\/ritosa.click.si\/hr\/wp-json\/wp\/v2\/types\/product"}],"wp:featuredmedia":[{"embeddable":true,"href":"https:\/\/ritosa.click.si\/hr\/wp-json\/wp\/v2\/media\/12602"}],"wp:attachment":[{"href":"https:\/\/ritosa.click.si\/hr\/wp-json\/wp\/v2\/media?parent=12600"}],"wp:term":[{"taxonomy":"product_brand","embeddable":true,"href":"https:\/\/ritosa.click.si\/hr\/wp-json\/wp\/v2\/product_brand?post=12600"},{"taxonomy":"product_cat","embeddable":true,"href":"https:\/\/ritosa.click.si\/hr\/wp-json\/wp\/v2\/product_cat?post=12600"},{"taxonomy":"product_tag","embeddable":true,"href":"https:\/\/ritosa.click.si\/hr\/wp-json\/wp\/v2\/product_tag?post=12600"}],"curies":[{"name":"radni list","href":"https:\/\/api.w.org\/{rel}","templated":true}]}}