{"id":12576,"date":"2023-12-06T10:18:29","date_gmt":"2023-12-06T10:18:29","guid":{"rendered":"https:\/\/ritosa.click.si\/?post_type=product&#038;p=12576"},"modified":"2026-03-13T16:15:40","modified_gmt":"2026-03-13T15:15:40","slug":"leki-wcr-tbs-sl-3d-red","status":"publish","type":"product","link":"https:\/\/ritosa.click.si\/hr\/ducan\/skijanje\/smucarska-oprema\/smucarske-palice\/odrasle-smucarske-palice\/leki-wcr-tbs-sl-3d-red\/","title":{"rendered":"Leki WCR TBS SL 3D crvene"},"content":{"rendered":"<p>Tanka aluminijska slalomska motka debljine 16 mm va\u0161 je savr\u0161eni suputnik u borbi za one klju\u010dne stotinke. Novi Trigger 3D sustav nudi ve\u0107u kontrolu putem izravne veze izme\u0111u rukavice i motke, pobolj\u0161anu jednostavnost kori\u0161tenja s brzim klikovima i izlascima te ve\u0107e sigurnosne margine s inteligentnim trodimenzionalnim otpu\u0161tanjem koje \u010detiri puta pro\u0161iruje podru\u010dje otpu\u0161tanja. Profil krila motke, oblikovan poput krila aviona, smanjuje otpor zraka i optimizira prigu\u0161ivanje vibracija.<\/p>\n<table class=\"table table-striped\">\n<tbody>\n<tr>\n<td class=\"light\">Niz<\/td>\n<td class=\"light\">Utrka Svjetskog kupa<\/td>\n<\/tr>\n<tr>\n<td class=\"dark\">Gra\u0111evinarstvo<\/td>\n<td class=\"dark\">Fiksna duljina<\/td>\n<\/tr>\n<tr>\n<td class=\"light\">Ru\u010dka<\/td>\n<td class=\"light\">Okida\u010d 3D (Slalom)<\/td>\n<\/tr>\n<tr>\n<td class=\"dark\">Adapter<\/td>\n<td class=\"dark\">Okida\u010d 3D kape<\/td>\n<\/tr>\n<tr>\n<td class=\"light\">Petlje<\/td>\n<td class=\"light\">Trigger (Svjetsko prvenstvo)<\/td>\n<\/tr>\n<tr>\n<td class=\"dark\">Promjer cijevi<\/td>\n<td class=\"dark\">16 mm<br \/>\nAeroprofil<\/td>\n<\/tr>\n<tr>\n<td class=\"light\">Materijal cijevi<\/td>\n<td class=\"light\">Aluminij (HTS 6.5)<\/td>\n<\/tr>\n<tr>\n<td class=\"dark\">Skije<\/td>\n<td class=\"dark\">Alpsko (utrke)<\/td>\n<\/tr>\n<tr>\n<td class=\"light\">Savjeti<\/td>\n<td class=\"light\">Karbidni vrh<\/td>\n<\/tr>\n<tr>\n<td class=\"dark\">Ekstra<\/td>\n<td class=\"dark\">Okida\u010d 3D \u0161tapi\u0107a<\/td>\n<\/tr>\n<tr>\n<td class=\"light\">Duljina\/veli\u010dina<\/td>\n<td class=\"light\">105 \u2013 125 cm<\/td>\n<\/tr>\n<tr>\n<td class=\"dark\">Te\u017eina<\/td>\n<td class=\"dark testa\">299 g\/komad <small> na duljini od 120 cm <\/small><\/td>\n<\/tr>\n<\/tbody>\n<\/table>","protected":false},"excerpt":{"rendered":"<p>Smu\u010darske palice Leki WCR TBS SL 3D<\/p>","protected":false},"featured_media":12579,"template":"","meta":{"_acf_changed":false,"inline_featured_image":false},"product_brand":[691],"product_cat":[597],"product_tag":[],"class_list":{"0":"post-12576","1":"product","2":"type-product","3":"status-publish","4":"has-post-thumbnail","6":"product_brand-leki","7":"product_cat-odrasle-smucarske-palice","8":"pa_velikost-115-2","9":"pa_velikost-120-2","10":"pa_velikost-790","11":"pa_velikost-130-3","12":"pa_velikost-789","14":"first","15":"instock","16":"sale","17":"taxable","18":"shipping-taxable","19":"purchasable","20":"product-type-variable"},"acf":[],"_links":{"self":[{"href":"https:\/\/ritosa.click.si\/hr\/wp-json\/wp\/v2\/product\/12576","targetHints":{"allow":["GET"]}}],"collection":[{"href":"https:\/\/ritosa.click.si\/hr\/wp-json\/wp\/v2\/product"}],"about":[{"href":"https:\/\/ritosa.click.si\/hr\/wp-json\/wp\/v2\/types\/product"}],"wp:featuredmedia":[{"embeddable":true,"href":"https:\/\/ritosa.click.si\/hr\/wp-json\/wp\/v2\/media\/12579"}],"wp:attachment":[{"href":"https:\/\/ritosa.click.si\/hr\/wp-json\/wp\/v2\/media?parent=12576"}],"wp:term":[{"taxonomy":"product_brand","embeddable":true,"href":"https:\/\/ritosa.click.si\/hr\/wp-json\/wp\/v2\/product_brand?post=12576"},{"taxonomy":"product_cat","embeddable":true,"href":"https:\/\/ritosa.click.si\/hr\/wp-json\/wp\/v2\/product_cat?post=12576"},{"taxonomy":"product_tag","embeddable":true,"href":"https:\/\/ritosa.click.si\/hr\/wp-json\/wp\/v2\/product_tag?post=12576"}],"curies":[{"name":"radni list","href":"https:\/\/api.w.org\/{rel}","templated":true}]}}